{"id":91793,"date":"2023-05-10T09:49:49","date_gmt":"2023-05-10T07:49:49","guid":{"rendered":"https:\/\/secureus.se\/eqqxb-easy-1x4x05-vit-r100\/"},"modified":"2026-04-20T16:25:06","modified_gmt":"2026-04-20T14:25:06","slug":"eqqxb-easy-1x4x05-vit-r100","status":"publish","type":"product","link":"https:\/\/secureus.se\/es\/eqqxb-easy-1x4x05-vit-r100\/","title":{"rendered":"EQQXB F\u00c1CIL 1X4X0.5 BLANCO R100"},"content":{"rendered":"","protected":false},"excerpt":{"rendered":"<p>Cable de telecomunicaciones resistente al fuego, libre de hal\u00f3genos y trenzado de cuatro tornillos. Instalado en interior en instalaci\u00f3n fija y en tuber\u00edas. EQQXB EASY se utiliza para redes de comunicaci\u00f3n privadas en propiedades. Cumple con los requisitos de resistencia al fuego seg\u00fan CPR clase Dcas2d2a2.<\/p>","protected":false},"featured_media":140550,"template":"","meta":{"_acf_changed":false},"product_brand":[],"product_cat":[2678,1513],"product_tag":[2487],"class_list":{"0":"post-91793","1":"product","2":"type-product","3":"status-publish","4":"has-post-thumbnail","6":"product_cat-telekabel-oskarmad","7":"product_cat-tele-larm-och-signalkabel","8":"product_tag-kabel-oskarmad","9":"product_shipping_class-tunga-paket","10":"tm-no-options","12":"first","13":"instock","14":"taxable","15":"shipping-taxable","16":"purchasable","17":"product-type-simple"},"acf":[],"_links":{"self":[{"href":"https:\/\/secureus.se\/es\/wp-json\/wp\/v2\/product\/91793","targetHints":{"allow":["GET"]}}],"collection":[{"href":"https:\/\/secureus.se\/es\/wp-json\/wp\/v2\/product"}],"about":[{"href":"https:\/\/secureus.se\/es\/wp-json\/wp\/v2\/types\/product"}],"wp:featuredmedia":[{"embeddable":true,"href":"https:\/\/secureus.se\/es\/wp-json\/wp\/v2\/media\/140550"}],"wp:attachment":[{"href":"https:\/\/secureus.se\/es\/wp-json\/wp\/v2\/media?parent=91793"}],"wp:term":[{"taxonomy":"product_brand","embeddable":true,"href":"https:\/\/secureus.se\/es\/wp-json\/wp\/v2\/product_brand?post=91793"},{"taxonomy":"product_cat","embeddable":true,"href":"https:\/\/secureus.se\/es\/wp-json\/wp\/v2\/product_cat?post=91793"},{"taxonomy":"product_tag","embeddable":true,"href":"https:\/\/secureus.se\/es\/wp-json\/wp\/v2\/product_tag?post=91793"}],"curies":[{"name":"wp","href":"https:\/\/api.w.org\/{rel}","templated":true}]}}