{"id":91802,"date":"2024-05-21T08:48:30","date_gmt":"2024-05-21T06:48:30","guid":{"rendered":"https:\/\/secureus.se\/?post_type=product&#038;p=91802"},"modified":"2026-04-21T12:32:25","modified_gmt":"2026-04-21T10:32:25","slug":"wd-purple-pro-14tb-wd142purp-35-7200rpm-sata-harddisk-6-gbps","status":"publish","type":"product","link":"https:\/\/secureus.se\/es\/wd-purple-pro-14tb-wd142purp-35-7200rpm-sata-harddisk-6-gbps\/","title":{"rendered":"Disco duro WD Purple Pro WD142PURP de 14 TB, 3,5\u2033, 7200 RPM, SATA, 6 Gbps"},"content":{"rendered":"<h2>Almacenamiento avanzado para soluciones de v\u00eddeo inteligentes<\/h2>\n<p><strong>Unidades WD Purple Pro<\/strong> Est\u00e1n dise\u00f1ados para grabadores avanzados con inteligencia artificial, servidores de an\u00e1lisis de video y soluciones de aprendizaje profundo que requieren alta capacidad, rendimiento y capacidad de carga de trabajo.<\/p>\n<h3>Caracter\u00edsticas<\/h3>\n<p><strong>Disco duro de vigilancia WD Purple Pro<\/strong>:Equipado con funciones avanzadas para alto rendimiento, confiabilidad y capacidad de carga de trabajo para grabadores habilitados para IA, dispositivos de an\u00e1lisis de video, servidores de aprendizaje profundo y almacenamiento basado en la nube, incluidas configuraciones RAID y JBOD.<\/p>\n<p><strong>Carga de trabajo<\/strong>:Admite hasta 550 TB\/a\u00f1o dentro de los rangos de capacidad de 8 TB a 22 TB.<\/p>\n<p><strong>Construcci\u00f3n robusta<\/strong>:Dise\u00f1ado con componentes resistentes a la corrosi\u00f3n para entornos hostiles y con mayor durabilidad para gabinetes de m\u00faltiples unidades.<\/p>\n<p><strong>Almacenamiento para soluciones avanzadas de v\u00eddeo inteligente<\/strong>Las unidades WD Purple\u2122 Pro est\u00e1n optimizadas para grabadoras habilitadas para IA de alto rendimiento de \u00faltima generaci\u00f3n, dispositivos de an\u00e1lisis de video, servidores de aprendizaje profundo y soluciones en la nube que aprovechan la alta capacidad y el rendimiento. Las unidades WD Purple Pro cuentan con **tecnolog\u00eda de inteligencia artificial AllFrame\u2122**, que ayuda a reducir la p\u00e9rdida de cuadros, mejorar la reproducci\u00f3n de video y admite hasta 32 transmisiones de inteligencia artificial por unidad para an\u00e1lisis de aprendizaje profundo dentro del sistema. Tambi\u00e9n ofrecen rendimiento de clase empresarial, integridad de datos y confiabilidad del dispositivo, especialmente en sistemas y gabinetes m\u00e1s grandes donde se producen vibraciones operativas.<\/p>\n<h4>Mejore su soluci\u00f3n de v\u00eddeo inteligente<\/h4>\n<p>Western Digital es un l\u00edder mundial en la industria de discos duros. Con el almacenamiento de video inteligente **WD Purple\u2122 Pro**, obtiene una unidad dise\u00f1ada para alto rendimiento, durabilidad y capacidad de carga de trabajo para grabadores, dispositivos y servidores avanzados habilitados para IA. Extraiga de manera eficiente valor y conocimientos de los videos almacenados y transmitidos y contribuya a un mundo m\u00e1s inteligente con el almacenamiento avanzado WD Purple Pro para soluciones de video inteligente.<\/p>\n<h5>Tecnolog\u00eda de inteligencia artificial AllFrame\u2122 exclusiva de Western Digital<\/h5>\n<p>Todo <strong>Unidades WD Purple\u2122 Pro<\/strong> est\u00e1n equipados con <strong>Tecnolog\u00eda de inteligencia artificial AllFrame<\/strong>, que no solo mejora la transmisi\u00f3n ATA para reducir la p\u00e9rdida de cuadros y mejorar la reproducci\u00f3n de video, sino que tambi\u00e9n admite hasta 32 transmisiones de IA para an\u00e1lisis de aprendizaje profundo dentro del sistema.<\/p>\n<h5>Varias c\u00e1maras, m\u00faltiples transmisiones<\/h5>\n<p>Las grabadoras modernas ahora admiten m\u00faltiples transmisiones de video por c\u00e1mara. Las **unidades WD Purple\u2122 Pro** est\u00e1n optimizadas para manejar hasta 64 c\u00e1maras HD de transmisi\u00f3n \u00fanica y tambi\u00e9n pueden admitir muchas de las \u00faltimas c\u00e1maras inteligentes de transmisi\u00f3n m\u00faltiple. Esta flexibilidad permite actualizar o ampliar su soluci\u00f3n de seguridad o video inteligente en el futuro.<\/p>\n<h5>Capacidades de carga de trabajo avanzadas para sistemas avanzados<\/h5>\n<p>Las unidades WD Purple\u2122 Pro tienen una capacidad de carga de trabajo de hasta 550 TB\/a\u00f1o para soportar la captura y el an\u00e1lisis de datos de video intensivos que se encuentran en grabadoras habilitadas para IA avanzadas, dispositivos de an\u00e1lisis de video, servidores de aprendizaje profundo y almacenamiento basado en la nube. La combinaci\u00f3n de optimizaciones de transmisi\u00f3n y durabilidad y confiabilidad mejoradas hace que el almacenamiento WD Purple Pro sea ideal para todos los servidores de an\u00e1lisis, ya sea que est\u00e9n procesando videos transmitidos directamente desde c\u00e1maras o grandes cantidades de datos de video grabados.<\/p>\n<h5>Dise\u00f1ado para un funcionamiento confiable en soluciones avanzadas de video inteligente de alto rendimiento<\/h5>\n<p>Con un MTBF de hasta 2,5 millones de horas (12 TB, 14 TB y 18 TB), las **unidades WD Purple\u2122 Pro** est\u00e1n dise\u00f1adas para soluciones de video inteligente avanzadas que funcionan las 24 horas del d\u00eda, los 7 d\u00edas de la semana. Con componentes resistentes a la corrosi\u00f3n y soporte completo para gabinetes de m\u00faltiples unidades, las unidades WD Purple Pro brindan un funcionamiento confiable en sistemas de vigilancia a gran escala incluso en entornos hostiles.<\/p>\n<h5>Alta capacidad comprobada<\/h5>\n<p>Ahora en su sexta generaci\u00f3n, la probada tecnolog\u00eda **HelioSeal\u2122** ofrece discos duros WD Purple\u2122 Pro de alta capacidad (12 TB, 14 TB y 18 TB) para las enormes necesidades de almacenamiento de video inteligente impulsado por IA y an\u00e1lisis de aprendizaje profundo.<\/p>\n<h5>Gesti\u00f3n proactiva del almacenamiento con WDDA<\/h5>\n<p>Western Digital\u00ae Device Analytics\u2122 (WDDA) proporciona una gran cantidad de datos param\u00e9tricos operativos y de diagn\u00f3stico para sistemas compatibles. Los algoritmos interpretan los datos y dan instrucciones al sistema para que alerte a los administradores sobre acciones espec\u00edficas recomendadas para abordar posibles problemas. WDDA est\u00e1 dise\u00f1ado para proporcionar a los OEM, integradores de sistemas y profesionales de TI mejores capacidades para monitorear y administrar de manera proactiva los dispositivos de almacenamiento compatibles para mantener un funcionamiento \u00f3ptimo.<\/p>\n<h5>Garant\u00eda de cinco a\u00f1os<\/h5>\n<p>Como fabricante l\u00edder de discos duros, Western Digital respalda el almacenamiento de video inteligente WD Purple\u2122 Pro con una garant\u00eda limitada de 5 a\u00f1os.<\/p>\n<h5>Especificaciones completas<\/h5>\n<p><strong>Caracter\u00edsticas:<\/strong><br \/>\n\u2013 Dise\u00f1ado para un funcionamiento confiable en soluciones avanzadas de video inteligente de alto rendimiento<br \/>\n\u2013 Gesti\u00f3n proactiva del almacenamiento con WDDA<br \/>\n\u2013 Tecnolog\u00eda AllFrame AI exclusiva de Western Digital<\/p>\n<p><strong>Capacidad<\/strong>:14 TB<br \/>\n<strong>Factor de forma<\/strong>:3,5 pulgadas<br \/>\n<strong>Conexi\u00f3n<\/strong>:SATA<br \/>\n<strong>Compatibilidad<\/strong>:Hasta 64 c\u00e1maras de transmisi\u00f3n \u00fanica<br \/>\n<strong>Interfaz<\/strong>:SATA<br \/>\n<strong>Velocidad de transferencia<\/strong>:Hasta 255 MB\/s<br \/>\n<strong>Velocidad del disco (RPM)<\/strong>:7200 RPM<br \/>\n<strong>Tecnolog\u00eda de grabaci\u00f3n<\/strong>:CMR<br \/>\n<strong>Tama\u00f1o de cach\u00e9<\/strong>:512 MB<br \/>\n<strong>Garantizar<\/strong>:Garant\u00eda limitada de 5 a\u00f1os<br \/>\n<strong>Dimensiones (largo x ancho x alto)<\/strong>:147 mm x 101,6 mm x 26,1 mm<br \/>\n<strong>Peso<\/strong>:690 gramos<br \/>\n<strong>N\u00famero de modelo<\/strong>:WD142PURP<br \/>\n<strong>Temperatura de funcionamiento<\/strong>: 0\u00b0C a 65\u00b0C<br \/>\n<strong>Temperatura de no funcionamiento<\/strong>:-40\u00b0C a 70\u00b0C<br \/>\n<strong>Certificaciones<\/strong>: BSMI, ICES-003\/NMB-003, CE, FCC, KC, Magreb, RCM, UKCA, VCCI, CB-Scheme, TUV, UL<\/p>","protected":false},"excerpt":{"rendered":"<p>Disco duro WD WD142PURP Purple Pro SATA de 3,5\u2033, 14 TB, 7200 RPM, 6 Gbps<\/p>\n<p><strong>Unidades WD Purple Pro<\/strong> Est\u00e1n dise\u00f1ados para grabadores avanzados con inteligencia artificial, servidores de an\u00e1lisis de video y soluciones de aprendizaje profundo que requieren alta capacidad, rendimiento y capacidad de carga de trabajo.<\/p>","protected":false},"featured_media":137599,"template":"","meta":{"_acf_changed":false},"product_brand":[],"product_cat":[3261],"product_tag":[],"class_list":{"0":"post-91802","1":"product","2":"type-product","3":"status-publish","4":"has-post-thumbnail","6":"product_cat-hdd-harddisk-3-5","7":"product_shipping_class-tunga-paket","8":"pa_brands-western-digital","9":"tm-no-options","11":"first","12":"outofstock","13":"sale","14":"taxable","15":"shipping-taxable","16":"purchasable","17":"product-type-simple"},"acf":[],"_links":{"self":[{"href":"https:\/\/secureus.se\/es\/wp-json\/wp\/v2\/product\/91802","targetHints":{"allow":["GET"]}}],"collection":[{"href":"https:\/\/secureus.se\/es\/wp-json\/wp\/v2\/product"}],"about":[{"href":"https:\/\/secureus.se\/es\/wp-json\/wp\/v2\/types\/product"}],"wp:featuredmedia":[{"embeddable":true,"href":"https:\/\/secureus.se\/es\/wp-json\/wp\/v2\/media\/137599"}],"wp:attachment":[{"href":"https:\/\/secureus.se\/es\/wp-json\/wp\/v2\/media?parent=91802"}],"wp:term":[{"taxonomy":"product_brand","embeddable":true,"href":"https:\/\/secureus.se\/es\/wp-json\/wp\/v2\/product_brand?post=91802"},{"taxonomy":"product_cat","embeddable":true,"href":"https:\/\/secureus.se\/es\/wp-json\/wp\/v2\/product_cat?post=91802"},{"taxonomy":"product_tag","embeddable":true,"href":"https:\/\/secureus.se\/es\/wp-json\/wp\/v2\/product_tag?post=91802"}],"curies":[{"name":"wp","href":"https:\/\/api.w.org\/{rel}","templated":true}]}}