{"id":91821,"date":"2024-05-22T13:57:05","date_gmt":"2024-05-22T11:57:05","guid":{"rendered":"https:\/\/secureus.se\/system-sensor-eco1003-2\/"},"modified":"2026-04-08T13:38:59","modified_gmt":"2026-04-08T11:38:59","slug":"system-sensor-eco1003a-fotoelektrisk-rokdetektor","status":"publish","type":"product","link":"https:\/\/secureus.se\/es\/system-sensor-eco1003a-fotoelektrisk-rokdetektor\/","title":{"rendered":"Detector de humo ECO1003 A Sensor de sistema \u2013 Detector de humo fotoel\u00e9ctrico"},"content":{"rendered":"<h1><strong>Sensor de sistema ECO1003 A \u2013 Detector de humo fotoel\u00e9ctrico<\/strong><\/h1>\n<p>El detector de humo fotoel\u00e9ctrico ECO1003 A pertenece a la serie de detectores ECO1000 de System Sensor.<\/p>\n<p>ECO1000 es una serie de detectores convencionales que se han fabricado utilizando la \u00faltima tecnolog\u00eda de fabricaci\u00f3n y est\u00e1n equipados con una gama de caracter\u00edsticas avanzadas que los hacen &quot;mejores por dise\u00f1o&quot;.<\/p>\n<p>El ECO1003 A utiliza una c\u00e1mara \u00f3ptica de \u00faltima generaci\u00f3n combinada con un circuito integrado espec\u00edfico de la aplicaci\u00f3n (ASIC) para una detecci\u00f3n de incendios r\u00e1pida y precisa.<\/p>\n<p>La combinaci\u00f3n del dise\u00f1o \u00fanico de la c\u00e1mara y otras caracter\u00edsticas tecnol\u00f3gicamente avanzadas extienden los intervalos de servicio antes de que sea necesario limpiar el detector.<\/p>\n<h4>Caracter\u00edsticas y beneficios<\/h4>\n<ul>\n<li><strong>C\u00e1mara \u00f3ptica avanzada:<\/strong> El dise\u00f1o de \u00faltima generaci\u00f3n garantiza una detecci\u00f3n de humo r\u00e1pida y precisa.<\/li>\n<li><strong>Bajo consumo de energ\u00eda:<\/strong> Uso eficiente de energ\u00eda con una corriente de espera t\u00edpica de solo 110 \u00b5A.<\/li>\n<li><strong>Funci\u00f3n de prueba remota:<\/strong> Se puede utilizar un dispositivo de prueba remoto port\u00e1til basado en l\u00e1ser para probar el detector de forma remota, eliminando la necesidad de acceso f\u00edsico.<\/li>\n<li><strong>Luz LED incorporada:<\/strong> Se enciende cuando se detecta humo y permanece encendido hasta que se reinicia el detector.<\/li>\n<li><strong>Flexibilidad en la instalaci\u00f3n:<\/strong> Compatible con varias bases de detector que ofrecen versiones est\u00e1ndar y de diodo para adaptarse a diferentes paneles de control.<\/li>\n<li><strong>Funci\u00f3n a prueba de manipulaciones:<\/strong> Evita la extracci\u00f3n del detector sin el uso de una herramienta.<\/li>\n<\/ul>\n<h4>Presupuesto<\/h4>\n<ul>\n<li><strong>Voltaje de funcionamiento:<\/strong> 8-30 V CC (nominal 12 o 24 V CC)<\/li>\n<li><strong>Corriente de espera t\u00edpica:<\/strong> 60 \u03bcA a 24 VCC<\/li>\n<li><strong>Corriente m\u00e1xima de alarma:<\/strong> 80 mA (limitado por el panel de control)<\/li>\n<li><strong>Temperatura de funcionamiento:<\/strong> -30\u00b0C a +70\u00b0C<\/li>\n<li><strong>Humedad:<\/strong> Humedad relativa de 0 a 95% (sin condensaci\u00f3n)<\/li>\n<li><strong>Peso:<\/strong> 75 g (m\u00e1s 45 g para la base est\u00e1ndar)<\/li>\n<li><strong>Medida:<\/strong> \u00d8 102 mm, altura 32,5 mm (m\u00e1s 9,5 mm para base est\u00e1ndar)<\/li>\n<\/ul>\n<h4>Certificaciones<\/h4>\n<ul>\n<li><strong>Aprobaci\u00f3n:<\/strong> Cumple con la norma EN54-7:2000 (Enmienda 1)<\/li>\n<li><strong>Conformidad:<\/strong> CEA4021<\/li>\n<li><strong>Aprobaci\u00f3n seg\u00fan MED 96\/98\/CE (modificaci\u00f3n 2009\/26\/CE)<\/strong><\/li>\n<li><strong>Garant\u00eda extendida:<\/strong> 3 a\u00f1os<\/li>\n<\/ul>\n<h4>\u00c1reas de uso<\/h4>\n<p>ECO1003 A es ideal para su uso en:<\/p>\n<ul>\n<li><strong>Tiendas y edificios comerciales:<\/strong> Protege contra incendios mediante una detecci\u00f3n de humo r\u00e1pida y confiable.<\/li>\n<li><strong>Edificios p\u00fablicos:<\/strong> Garantiza la protecci\u00f3n en escuelas, hospitales y otros lugares p\u00fablicos.<\/li>\n<li><strong>Zonas residenciales:<\/strong> Proporciona protecci\u00f3n confiable contra incendios en los hogares.<\/li>\n<\/ul>\n<h4>Instalaci\u00f3n y mantenimiento<\/h4>\n<ul>\n<li><strong>Instalaci\u00f3n:<\/strong> Utilice diferentes bases de detector para una instalaci\u00f3n flexible. Se pueden realizar conexiones y pruebas de circuito antes de montar el detector.<\/li>\n<li><strong>Mantenimiento:<\/strong> Se recomienda una inspecci\u00f3n regular para garantizar un funcionamiento \u00f3ptimo. La funci\u00f3n de prueba remota facilita la realizaci\u00f3n de pruebas sin acceso f\u00edsico.<\/li>\n<\/ul>\n<p>Todos los productos System Sensor est\u00e1n cubiertos por una garant\u00eda extendida de 3 a\u00f1os.<\/p>","protected":false},"excerpt":{"rendered":"<p><strong>Sensor de sistema ECO1003 A<\/strong> Es un detector de humo fotoel\u00e9ctrico avanzado de la serie ECO1000, dise\u00f1ado para una detecci\u00f3n de humo r\u00e1pida y precisa.<\/p>\n<p>Tiene bajo consumo de energ\u00eda, funci\u00f3n de prueba remota y luz LED incorporada. Ideal para comercios, edificios p\u00fablicos y viviendas. Cumple con la norma EN54-7:2000.<\/p>","protected":false},"featured_media":137410,"template":"","meta":{"_acf_changed":false},"product_brand":[],"product_cat":[4755,3373],"product_tag":[],"class_list":{"0":"post-91821","1":"product","2":"type-product","3":"status-publish","4":"has-post-thumbnail","6":"product_cat-eco-1000-serien","7":"product_cat-rokdetektorer","8":"product_shipping_class-postnord-varubrev","9":"pa_brands-system-sensor","10":"tm-no-options","12":"first","13":"instock","14":"sale","15":"taxable","16":"shipping-taxable","17":"purchasable","18":"product-type-simple"},"acf":[],"_links":{"self":[{"href":"https:\/\/secureus.se\/es\/wp-json\/wp\/v2\/product\/91821","targetHints":{"allow":["GET"]}}],"collection":[{"href":"https:\/\/secureus.se\/es\/wp-json\/wp\/v2\/product"}],"about":[{"href":"https:\/\/secureus.se\/es\/wp-json\/wp\/v2\/types\/product"}],"wp:featuredmedia":[{"embeddable":true,"href":"https:\/\/secureus.se\/es\/wp-json\/wp\/v2\/media\/137410"}],"wp:attachment":[{"href":"https:\/\/secureus.se\/es\/wp-json\/wp\/v2\/media?parent=91821"}],"wp:term":[{"taxonomy":"product_brand","embeddable":true,"href":"https:\/\/secureus.se\/es\/wp-json\/wp\/v2\/product_brand?post=91821"},{"taxonomy":"product_cat","embeddable":true,"href":"https:\/\/secureus.se\/es\/wp-json\/wp\/v2\/product_cat?post=91821"},{"taxonomy":"product_tag","embeddable":true,"href":"https:\/\/secureus.se\/es\/wp-json\/wp\/v2\/product_tag?post=91821"}],"curies":[{"name":"wp","href":"https:\/\/api.w.org\/{rel}","templated":true}]}}