{"id":91880,"date":"2024-01-15T11:17:55","date_gmt":"2024-01-15T10:17:55","guid":{"rendered":"https:\/\/secureus.se\/eaton-1340-d-fulleon-electromagnetic-door-release\/"},"modified":"2026-04-09T11:34:19","modified_gmt":"2026-04-09T09:34:19","slug":"eaton-1340-d-fulleon-electromagnetic-door-release","status":"publish","type":"product","link":"https:\/\/secureus.se\/es\/eaton-1340-d-fulleon-electromagnetic-door-release\/","title":{"rendered":"Im\u00e1n retenedor de puerta con anclaje Eaton 1340-D Fulleon 24V 100kg"},"content":{"rendered":"<p>Abrepuertas electromagn\u00e9tico Eaton 1340-D Fulleon, 24 V, conexi\u00f3n por cable, 100 kg<\/p>\n<p>El Eaton 1340 es un abrepuertas electromagn\u00e9tico compacto para aplicaciones sanitarias, comerciales y educativas. Su dise\u00f1o sencillo y compacto ofrece una buena calidad a un precio razonable. Ambos incorporan un mecanismo de liberaci\u00f3n por resorte que supera las fuerzas magn\u00e9ticas residuales, garantizando una apertura r\u00e1pida y fiable de la puerta. Se suministra con un diodo de doble protecci\u00f3n contra interferencias e inversiones de polaridad. Incorpora una contraplaca.<\/p>","protected":false},"excerpt":{"rendered":"<ul>\n<li>Robustos soportes magn\u00e9ticos para puertas.<\/li>\n<\/ul>\n<p>Abrepuertas electromagn\u00e9tico Eaton 1340-D Fulleon, 24 V, conexi\u00f3n por cable, 100 kg<\/p>","protected":false},"featured_media":138468,"template":"","meta":{"_acf_changed":false},"product_brand":[],"product_cat":[1560],"product_tag":[],"class_list":{"0":"post-91880","1":"product","2":"type-product","3":"status-publish","4":"has-post-thumbnail","6":"product_cat-branddorrstangning","7":"product_shipping_class-tunga-paket","8":"pa_brands-eaton","9":"tm-no-options","11":"first","12":"instock","13":"taxable","14":"shipping-taxable","15":"purchasable","16":"product-type-simple"},"acf":[],"_links":{"self":[{"href":"https:\/\/secureus.se\/es\/wp-json\/wp\/v2\/product\/91880","targetHints":{"allow":["GET"]}}],"collection":[{"href":"https:\/\/secureus.se\/es\/wp-json\/wp\/v2\/product"}],"about":[{"href":"https:\/\/secureus.se\/es\/wp-json\/wp\/v2\/types\/product"}],"wp:featuredmedia":[{"embeddable":true,"href":"https:\/\/secureus.se\/es\/wp-json\/wp\/v2\/media\/138468"}],"wp:attachment":[{"href":"https:\/\/secureus.se\/es\/wp-json\/wp\/v2\/media?parent=91880"}],"wp:term":[{"taxonomy":"product_brand","embeddable":true,"href":"https:\/\/secureus.se\/es\/wp-json\/wp\/v2\/product_brand?post=91880"},{"taxonomy":"product_cat","embeddable":true,"href":"https:\/\/secureus.se\/es\/wp-json\/wp\/v2\/product_cat?post=91880"},{"taxonomy":"product_tag","embeddable":true,"href":"https:\/\/secureus.se\/es\/wp-json\/wp\/v2\/product_tag?post=91880"}],"curies":[{"name":"wp","href":"https:\/\/api.w.org\/{rel}","templated":true}]}}