{"id":91968,"date":"2024-05-29T15:08:16","date_gmt":"2024-05-29T13:08:16","guid":{"rendered":"https:\/\/secureus.se\/?post_type=product&#038;p=91968"},"modified":"2026-04-09T13:31:56","modified_gmt":"2026-04-09T11:31:56","slug":"rco-tagg-em4200-gron-anpassad-for-rco-passersystem-copy","status":"publish","type":"product","link":"https:\/\/secureus.se\/es\/rco-tagg-em4200-gron-anpassad-for-rco-passersystem-copy\/","title":{"rendered":"Etiqueta RCO EM4200 verde personalizada para el sistema de control de acceso RCO"},"content":{"rendered":"<h1><strong>Etiqueta de paso de etiqueta RCO EM4200\u00a0<\/strong><\/h1>\n<p><strong>Nuestro token de acceso EM4200 \u201cABS Plus\u201d est\u00e1 creado para satisfacer las necesidades m\u00e1s exigentes en seguridad e identificaci\u00f3n.<\/strong><\/p>\n<ul>\n<li>Esta placa de alineaci\u00f3n EM4200 est\u00e1 disponible en 6 colores como est\u00e1ndar y siempre en nuestro stock con entrega inmediata.<\/li>\n<li>Construcci\u00f3n robusta en material ABS con un perfil delgado de solo 2,9 mm<\/li>\n<li>Las etiquetas Mifare1k est\u00e1n personalizadas con n\u00fameros para RCO, uno de los mayores proveedores de sistemas de seguridad de Suecia.<\/li>\n<\/ul>\n<p>Los llaveros\/etiquetas RFID \u201cABS Plus\u201d est\u00e1n disponibles en stock en m\u00e1s de 100.000 copias y en 6 colores (rojo, azul, blanco, negro, verde, amarillo) y con diferentes chips.<\/p>\n<p>Ya sea que necesite un producto confiable para control de acceso, gesti\u00f3n de visitantes, reservas, alarmas, cargadores de autom\u00f3viles, gesti\u00f3n de almacenes u otras aplicaciones, nuestro \u201cABS Plus\u201d es la elecci\u00f3n perfecta.<\/p>\n<p>Si desea tener su propio n\u00famero o apariencia en su etiqueta RCO, cont\u00e1ctenos para un dise\u00f1o completamente gratuito.<b>\u00a0<\/b><\/p>","protected":false},"excerpt":{"rendered":"<p>Nuestra etiqueta de acceso RFID m\u00e1s popular \u201cABS Plus\u201d: la soluci\u00f3n perfecta para su sistema de control de acceso \u2013 RCO<\/p>","protected":false},"featured_media":61622,"template":"","meta":{"_acf_changed":false},"product_brand":[],"product_cat":[3843],"product_tag":[5128],"class_list":{"0":"post-91968","1":"product","2":"type-product","3":"status-publish","4":"has-post-thumbnail","6":"product_cat-rco-taggar","7":"product_tag-varumarkesspecifik-tagg","8":"product_shipping_class-postnord-varubrev","9":"pa_brands-secureus","10":"pa_chip-teknik-em4200","11":"pa_farg-gron-2","12":"pa_pro-larmsystem-rco-security","13":"tm-has-options","15":"first","16":"instock","17":"featured","18":"taxable","19":"shipping-taxable","20":"purchasable","21":"product-type-simple"},"acf":[],"_links":{"self":[{"href":"https:\/\/secureus.se\/es\/wp-json\/wp\/v2\/product\/91968","targetHints":{"allow":["GET"]}}],"collection":[{"href":"https:\/\/secureus.se\/es\/wp-json\/wp\/v2\/product"}],"about":[{"href":"https:\/\/secureus.se\/es\/wp-json\/wp\/v2\/types\/product"}],"wp:featuredmedia":[{"embeddable":true,"href":"https:\/\/secureus.se\/es\/wp-json\/wp\/v2\/media\/61622"}],"wp:attachment":[{"href":"https:\/\/secureus.se\/es\/wp-json\/wp\/v2\/media?parent=91968"}],"wp:term":[{"taxonomy":"product_brand","embeddable":true,"href":"https:\/\/secureus.se\/es\/wp-json\/wp\/v2\/product_brand?post=91968"},{"taxonomy":"product_cat","embeddable":true,"href":"https:\/\/secureus.se\/es\/wp-json\/wp\/v2\/product_cat?post=91968"},{"taxonomy":"product_tag","embeddable":true,"href":"https:\/\/secureus.se\/es\/wp-json\/wp\/v2\/product_tag?post=91968"}],"curies":[{"name":"wp","href":"https:\/\/api.w.org\/{rel}","templated":true}]}}