{"id":92104,"date":"2024-06-03T12:01:24","date_gmt":"2024-06-03T10:01:24","guid":{"rendered":"https:\/\/secureus.se\/?post_type=product&#038;p=92104"},"modified":"2026-03-31T13:23:54","modified_gmt":"2026-03-31T11:23:54","slug":"aptus-tagg-mifare1k-svart-anpassad-for-aptus-passersystem","status":"publish","type":"product","link":"https:\/\/secureus.se\/es\/aptus-tagg-mifare1k-svart-anpassad-for-aptus-passersystem\/","title":{"rendered":"Aptus Tag Mifare1k Negro Personalizado para el Sistema de Acceso Aptus"},"content":{"rendered":"<h1><strong>Tarjeta de acceso Aptus Tag Mifare1k\u00a0<\/strong><\/h1>\n<p><strong>Nuestra tarjeta de acceso Mifare1k \u201cABS Plus\u201d est\u00e1 dise\u00f1ada para satisfacer las necesidades m\u00e1s exigentes en seguridad e identificaci\u00f3n.<\/strong><\/p>\n<ul>\n<li>Esta etiqueta de acceso Mifare1k est\u00e1 disponible en 6 colores como est\u00e1ndar y siempre en nuestro stock con entrega inmediata.<\/li>\n<li>Construcci\u00f3n robusta en material ABS con un perfil delgado de solo 2,9 mm<\/li>\n<li>Las etiquetas Mifare1k est\u00e1n personalizadas con n\u00fameros para Aptus, que es uno de los mayores proveedores de sistemas de seguridad de Suecia.<\/li>\n<\/ul>\n<p>Los llaveros\/etiquetas RFID \u201cABS Plus\u201d est\u00e1n disponibles en stock en m\u00e1s de 100.000 copias y en 6 colores (rojo, azul, blanco, negro, verde, amarillo, naranja) y con diferentes chips.<\/p>\n<p>Ya sea que necesite un producto confiable para control de acceso, gesti\u00f3n de visitantes, reservas, alarmas, cargadores de autom\u00f3viles, gesti\u00f3n de almacenes u otras aplicaciones, nuestro \u201cABS Plus\u201d es la elecci\u00f3n perfecta.<\/p>\n<p>Si desea sus propios n\u00fameros o apariencia en su etiqueta Aptus, cont\u00e1ctenos para un dise\u00f1o completamente gratuito.<b>\u00a0<\/b><\/p>","protected":false},"excerpt":{"rendered":"<p>Nuestra etiqueta de acceso RFID m\u00e1s popular \u201cABS Plus\u201d: la soluci\u00f3n perfecta para su sistema de control de acceso \u2013 Aptus<\/p>","protected":false},"featured_media":59953,"template":"","meta":{"_acf_changed":false},"product_brand":[],"product_cat":[3841],"product_tag":[],"class_list":{"0":"post-92104","1":"product","2":"type-product","3":"status-publish","4":"has-post-thumbnail","6":"product_cat-aptus-taggar","7":"product_shipping_class-postnord-varubrev","8":"pa_brands-stonehouse-security","9":"pa_chip-teknik-mifare1k","10":"pa_farg-svart","11":"pa_pro-larmsystem-aptus-2","12":"tm-no-options","14":"first","15":"instock","16":"featured","17":"taxable","18":"shipping-taxable","19":"purchasable","20":"product-type-simple"},"acf":[],"_links":{"self":[{"href":"https:\/\/secureus.se\/es\/wp-json\/wp\/v2\/product\/92104","targetHints":{"allow":["GET"]}}],"collection":[{"href":"https:\/\/secureus.se\/es\/wp-json\/wp\/v2\/product"}],"about":[{"href":"https:\/\/secureus.se\/es\/wp-json\/wp\/v2\/types\/product"}],"wp:featuredmedia":[{"embeddable":true,"href":"https:\/\/secureus.se\/es\/wp-json\/wp\/v2\/media\/59953"}],"wp:attachment":[{"href":"https:\/\/secureus.se\/es\/wp-json\/wp\/v2\/media?parent=92104"}],"wp:term":[{"taxonomy":"product_brand","embeddable":true,"href":"https:\/\/secureus.se\/es\/wp-json\/wp\/v2\/product_brand?post=92104"},{"taxonomy":"product_cat","embeddable":true,"href":"https:\/\/secureus.se\/es\/wp-json\/wp\/v2\/product_cat?post=92104"},{"taxonomy":"product_tag","embeddable":true,"href":"https:\/\/secureus.se\/es\/wp-json\/wp\/v2\/product_tag?post=92104"}],"curies":[{"name":"wp","href":"https:\/\/api.w.org\/{rel}","templated":true}]}}