{"id":92195,"date":"2024-06-04T14:33:34","date_gmt":"2024-06-04T12:33:34","guid":{"rendered":"https:\/\/secureus.se\/?post_type=product&#038;p=92195"},"modified":"2026-04-07T16:12:30","modified_gmt":"2026-04-07T14:12:30","slug":"assa-tagg-kombi-em4200-mifare1k-bla-anpassad-for-assa-passersystem","status":"publish","type":"product","link":"https:\/\/secureus.se\/es\/assa-tagg-kombi-em4200-mifare1k-bla-anpassad-for-assa-passersystem\/","title":{"rendered":"Assa Tag Combi EM4200\/Mifare1k Azul, personalizado para el sistema de acceso Assa"},"content":{"rendered":"<h1><strong>Tarjeta de acceso Assa Tag Combi EM4200\/Mifare1k\u00a0<\/strong><\/h1>\n<p><strong>Nuestra tarjeta de acceso Combi EM4200\/Mifare1k \u201cABS Plus\u201d est\u00e1 creada para satisfacer las necesidades m\u00e1s exigentes en seguridad e identificaci\u00f3n.<\/strong><\/p>\n<ul>\n<li>Esta tarjeta de acceso Combi EM4200\/Mifare1k est\u00e1 disponible en 6 colores como est\u00e1ndar y siempre en nuestro stock con entrega inmediata.<\/li>\n<li>Construcci\u00f3n robusta en material ABS con un perfil delgado de solo 2,9 mm<\/li>\n<li>Las etiquetas Kombi EM4200\/Mifare1k est\u00e1n personalizadas con n\u00fameros para Assa, que es uno de los mayores proveedores de sistemas de seguridad de Suecia.<\/li>\n<\/ul>\n<p>Los llaveros\/etiquetas RFID \u201cABS Plus\u201d est\u00e1n disponibles en stock en m\u00e1s de 100.000 copias y en 6 colores (rojo, azul, blanco, negro, verde, amarillo, naranja) y con diferentes chips.<\/p>\n<p>Ya sea que necesite un producto confiable para control de acceso, gesti\u00f3n de visitantes, reservas, alarmas, cargadores de autom\u00f3viles, gesti\u00f3n de almacenes u otras aplicaciones, nuestro \u201cABS Plus\u201d es la elecci\u00f3n perfecta.<\/p>\n<p>Si desea tener su propio n\u00famero o apariencia en su etiqueta Assa, cont\u00e1ctenos para obtener un dise\u00f1o gratuito.<b>\u00a0<\/b><\/p>","protected":false},"excerpt":{"rendered":"<p>Nuestra etiqueta de acceso RFID m\u00e1s popular \u201cABS Plus\u201d: la soluci\u00f3n perfecta para su sistema de control de acceso \u2013 Assa<\/p>","protected":false},"featured_media":92188,"template":"","meta":{"_acf_changed":false},"product_brand":[],"product_cat":[3840],"product_tag":[5128],"class_list":{"0":"post-92195","1":"product","2":"type-product","3":"status-publish","4":"has-post-thumbnail","6":"product_cat-assa-abloy-taggar","7":"product_tag-varumarkesspecifik-tagg","8":"product_shipping_class-postnord-varubrev","9":"pa_brands-secureus","10":"pa_chip-teknik-kombi-em4200mifare1k-2","11":"pa_farg-bla-2","12":"pa_pro-larmsystem-assa-arx-solid-entro","13":"tm-has-options","15":"first","16":"instock","17":"featured","18":"taxable","19":"shipping-taxable","20":"purchasable","21":"product-type-simple"},"acf":[],"_links":{"self":[{"href":"https:\/\/secureus.se\/es\/wp-json\/wp\/v2\/product\/92195","targetHints":{"allow":["GET"]}}],"collection":[{"href":"https:\/\/secureus.se\/es\/wp-json\/wp\/v2\/product"}],"about":[{"href":"https:\/\/secureus.se\/es\/wp-json\/wp\/v2\/types\/product"}],"wp:featuredmedia":[{"embeddable":true,"href":"https:\/\/secureus.se\/es\/wp-json\/wp\/v2\/media\/92188"}],"wp:attachment":[{"href":"https:\/\/secureus.se\/es\/wp-json\/wp\/v2\/media?parent=92195"}],"wp:term":[{"taxonomy":"product_brand","embeddable":true,"href":"https:\/\/secureus.se\/es\/wp-json\/wp\/v2\/product_brand?post=92195"},{"taxonomy":"product_cat","embeddable":true,"href":"https:\/\/secureus.se\/es\/wp-json\/wp\/v2\/product_cat?post=92195"},{"taxonomy":"product_tag","embeddable":true,"href":"https:\/\/secureus.se\/es\/wp-json\/wp\/v2\/product_tag?post=92195"}],"curies":[{"name":"wp","href":"https:\/\/api.w.org\/{rel}","templated":true}]}}