{"id":92440,"date":"2024-01-15T11:10:05","date_gmt":"2024-01-15T10:10:05","guid":{"rendered":"https:\/\/secureus.se\/eaton-7092315ful-0351-fulleon\/"},"modified":"2026-04-09T11:35:13","modified_gmt":"2026-04-09T09:35:13","slug":"eaton-7092315ful-0351-fulleon","status":"publish","type":"product","link":"https:\/\/secureus.se\/es\/eaton-7092315ful-0351-fulleon\/","title":{"rendered":"Eaton 7092315FUL-0351 Fulleon, carcasa para baliza ac\u00fastica Maxi X10, 10-60 V CA-CC, color rojo"},"content":{"rendered":"<h1>Eaton 7092315FUL-0351 Fulleon, X10 Maxi Sounder Beacon Housing<\/h1>\n<p data-start=\"128\" data-end=\"148\"><strong data-start=\"128\" data-end=\"148\">Huvudfunktioner:<\/strong><\/p>\n<ul data-start=\"150\" data-end=\"703\">\n<li data-start=\"150\" data-end=\"264\">\n<p data-start=\"152\" data-end=\"264\"><strong data-start=\"152\" data-end=\"182\">Kraftfull ljudsignalering:<\/strong> <span class=\"relative -mx-px my-[-0.2rem] rounded px-px py-[0.2rem]\">Erbjuder upp till 120 dB(A) ljudniv\u00e5 med 102 olika toner, inklusive flera varningsm\u00f6nster, vilket m\u00f6jligg\u00f6r anpassning efter specifika behov.<\/span>\u200b<\/p>\n<\/li>\n<li data-start=\"266\" data-end=\"368\">\n<p data-start=\"268\" data-end=\"368\"><strong data-start=\"268\" data-end=\"286\">Robust design:<\/strong> <span class=\"relative -mx-px my-[-0.2rem] rounded px-px py-[0.2rem]\">Konstruerad f\u00f6r att t\u00e5la tuffa industriella f\u00f6rh\u00e5llanden med en IP66- och IP69K-klassificering, vilket inneb\u00e4r att den \u00e4r skyddad mot damm och kan motst\u00e5 h\u00f6gtryckstv\u00e4tt.<\/span><\/p>\n<\/li>\n<li data-start=\"370\" data-end=\"481\">\n<p data-start=\"372\" data-end=\"481\"><strong data-start=\"372\" data-end=\"399\">Brett temperaturomr\u00e5de:<\/strong> <span class=\"relative -mx-px my-[-0.2rem] rounded px-px py-[0.2rem]\">Fungerar effektivt i temperaturer fr\u00e5n -30\u00b0C till +70\u00b0C, vilket g\u00f6r den l\u00e4mplig f\u00f6r b\u00e5de inomhus- och utomhusbruk.<\/span>\u200b<\/p>\n<\/li>\n<li data-start=\"483\" data-end=\"596\">\n<p data-start=\"485\" data-end=\"596\"><strong data-start=\"485\" data-end=\"512\">M\u00e5ngsidig installation:<\/strong> <span class=\"relative -mx-px my-[-0.2rem] rounded px-px py-[0.2rem]\">Finns i flera husf\u00e4rger (r\u00f6d, vit, m\u00f6rkgr\u00e5 och ljusgr\u00e5) och erbjuder 6 olika linsf\u00e4rger (r\u00f6d, bl\u00e5, gr\u00f6n, amber, klar och magenta) f\u00f6r att passa olika installationskrav.<\/span>\u200b<\/p>\n<\/li>\n<li data-start=\"598\" data-end=\"703\">\n<p data-start=\"600\" data-end=\"703\"><strong data-start=\"600\" data-end=\"617\">L\u00e5ng garanti:<\/strong> <span class=\"relative -mx-px my-[-0.2rem] rounded px-px py-[0.2rem]\">Levereras med en 10-\u00e5rig ut\u00f6kad garanti, vilket ger l\u00e5ngsiktig trygghet och p\u00e5litlighet<\/span><\/p>\n<\/li>\n<\/ul>\n<p data-start=\"705\" data-end=\"725\"><strong data-start=\"705\" data-end=\"725\">Specifikationer:<\/strong><\/p>\n<ul data-start=\"727\" data-end=\"1977\">\n<li data-start=\"727\" data-end=\"826\">\n<p data-start=\"729\" data-end=\"826\"><strong data-start=\"729\" data-end=\"740\">Modell:<\/strong> <span class=\"relative -mx-px my-[-0.2rem] rounded px-px py-[0.2rem]\">X10 Maxi Sounder Beacon<\/span><\/p>\n<\/li>\n<li data-start=\"828\" data-end=\"936\">\n<p data-start=\"830\" data-end=\"936\"><strong data-start=\"830\" data-end=\"850\">Sp\u00e4nningsomr\u00e5de:<\/strong> <span class=\"relative -mx-px my-[-0.2rem] rounded px-px py-[0.2rem]\">10\u201360 V DC eller 10\u201330 V AC<\/span>\u200b<\/p>\n<\/li>\n<li data-start=\"938\" data-end=\"1039\">\n<p data-start=\"940\" data-end=\"1039\"><strong data-start=\"940\" data-end=\"953\">Ljudniv\u00e5:<\/strong> <span class=\"relative -mx-px my-[-0.2rem] rounded px-px py-[0.2rem]\">Upp till 120 dB(A)<\/span>\u200b<\/p>\n<\/li>\n<li data-start=\"1041\" data-end=\"1139\">\n<p data-start=\"1043\" data-end=\"1139\"><strong data-start=\"1043\" data-end=\"1053\">Toner:<\/strong> <span class=\"relative -mx-px my-[-0.2rem] rounded px-px py-[0.2rem]\">102 valbara toner<\/span><\/p>\n<\/li>\n<li data-start=\"1141\" data-end=\"1246\">\n<p data-start=\"1143\" data-end=\"1246\"><strong data-start=\"1143\" data-end=\"1160\">Alarmstadier:<\/strong> <span class=\"relative -mx-px my-[-0.2rem] rounded px-px py-[0.2rem]\">Fyra, med m\u00f6jlighet till olika varnings- och kontrollfunktioner<\/span>\u200b<\/p>\n<\/li>\n<li data-start=\"1248\" data-end=\"1357\">\n<p data-start=\"1250\" data-end=\"1357\"><strong data-start=\"1250\" data-end=\"1271\">Temperaturomr\u00e5de:<\/strong> <span class=\"relative -mx-px my-[-0.2rem] rounded px-px py-[0.2rem]\">-30\u00b0C till +70\u00b0C<\/span>\u200b<\/p>\n<\/li>\n<li data-start=\"1359\" data-end=\"1463\">\n<p data-start=\"1361\" data-end=\"1463\"><strong data-start=\"1361\" data-end=\"1377\">Skyddsklass:<\/strong> <span class=\"relative -mx-px my-[-0.2rem] rounded px-px py-[0.2rem]\">IP66 och IP69K<\/span>\u200b<\/p>\n<\/li>\n<li data-start=\"1465\" data-end=\"1569\">\n<p data-start=\"1467\" data-end=\"1569\"><strong data-start=\"1467\" data-end=\"1483\">Husmaterial:<\/strong> <span class=\"relative -mx-px my-[-0.2rem] rounded px-px py-[0.2rem]\">UV-stabiliserad polykarbonat ASA<\/span>\u200b<\/p>\n<\/li>\n<li data-start=\"1571\" data-end=\"1669\" data-is-only-node=\"\">\n<p data-start=\"1573\" data-end=\"1669\"><strong data-start=\"1573\" data-end=\"1583\">F\u00e4ste:<\/strong> <span class=\"relative -mx-px my-[-0.2rem] rounded px-px py-[0.2rem]\">F\u00f6rinstallerade rostfria st\u00e5lskruvar<\/span>\u200b<\/p>\n<\/li>\n<li data-start=\"1671\" data-end=\"1775\">\n<p data-start=\"1673\" data-end=\"1775\"><strong data-start=\"1673\" data-end=\"1689\">Kabeling\u00e5ng:<\/strong> <span class=\"relative -mx-px my-[-0.2rem] rounded px-px py-[0.2rem]\">F\u00f6rborrade M20-g\u00e4ngade h\u00e5l med IP69K<\/span><\/p>\n<\/li>\n<li data-start=\"1777\" data-end=\"1874\">\n<p data-start=\"1779\" data-end=\"1874\"><strong data-start=\"1779\" data-end=\"1788\">F\u00e4rg:<\/strong> <span class=\"relative -mx-px my-[-0.2rem] rounded px-px py-[0.2rem]\">Finns i r\u00f6d, vit, m\u00f6rkgr\u00e5 och ljusgr\u00e5<\/span>\u200b<\/p>\n<\/li>\n<li data-start=\"1876\" data-end=\"1977\">\n<p data-start=\"1878\" data-end=\"1977\"><strong data-start=\"1878\" data-end=\"1891\">Linsf\u00e4rg:<\/strong> <span class=\"relative -mx-px my-[-0.2rem] rounded px-px py-[0.2rem]\">Valbar mellan r\u00f6d, bl\u00e5, gr\u00f6n, amber, klar och magenta (lins s\u00e4ljs separat)<\/span><\/p>\n<\/li>\n<\/ul>\n<p data-start=\"1979\" data-end=\"2104\"><span class=\"relative -mx-px my-[-0.2rem] rounded px-px py-[0.2rem]\">X10 Maxi Sounder Beacon \u00e4r idealisk f\u00f6r anv\u00e4ndning inom industrier som bilindustri, petrokemi och gjuterier, d\u00e4r p\u00e5litlig och tydlig signalering \u00e4r av st\u00f6rsta vikt.<\/span><\/p>\n<p data-start=\"1979\" data-end=\"2104\"><span class=\"relative -mx-px my-[-0.2rem] rounded px-px py-[0.2rem]\">Den robusta konstruktionen och anpassningsbara funktioner g\u00f6r den till ett utm\u00e4rkt val f\u00f6r b\u00e5de nya installationer och uppgraderingar av befintliga system.<\/span><\/p>\n","protected":false},"excerpt":{"rendered":"<p><span class=\"relative -mx-px my-[-0.2rem] rounded px-px py-[0.2rem]\">Eaton 7092315FUL-0351 \u00e4r en robust och p\u00e5litlig ljud- och ljussignaleringsenhet designad f\u00f6r industriella milj\u00f6er d\u00e4r b\u00e5de ljudlig och visuell varning \u00e4r avg\u00f6rande.<\/span><\/p>\n<p><span class=\"relative -mx-px my-[-0.2rem] rounded px-px py-[0.2rem]\">Den kombinerar kraftfull ljudsignalering med ett val av ljuslinser f\u00f6r att s\u00e4kerst\u00e4lla effektiv varning i kr\u00e4vande applikationer.<\/span><\/p>\n","protected":false},"featured_media":138750,"template":"","meta":{"_acf_changed":false},"product_brand":[],"product_cat":[1825,5098],"product_tag":[],"class_list":{"0":"post-92440","1":"product","2":"type-product","3":"status-publish","4":"has-post-thumbnail","6":"product_cat-sirener-brand","7":"product_cat-siren-brand","8":"product_shipping_class-tunga-paket","9":"pa_brands-eaton","10":"pa_farg-rod","11":"tm-no-options","13":"first","14":"instock","15":"taxable","16":"shipping-taxable","17":"purchasable","18":"product-type-simple"},"acf":[],"_links":{"self":[{"href":"https:\/\/secureus.se\/es\/wp-json\/wp\/v2\/product\/92440","targetHints":{"allow":["GET"]}}],"collection":[{"href":"https:\/\/secureus.se\/es\/wp-json\/wp\/v2\/product"}],"about":[{"href":"https:\/\/secureus.se\/es\/wp-json\/wp\/v2\/types\/product"}],"wp:featuredmedia":[{"embeddable":true,"href":"https:\/\/secureus.se\/es\/wp-json\/wp\/v2\/media\/138750"}],"wp:attachment":[{"href":"https:\/\/secureus.se\/es\/wp-json\/wp\/v2\/media?parent=92440"}],"wp:term":[{"taxonomy":"product_brand","embeddable":true,"href":"https:\/\/secureus.se\/es\/wp-json\/wp\/v2\/product_brand?post=92440"},{"taxonomy":"product_cat","embeddable":true,"href":"https:\/\/secureus.se\/es\/wp-json\/wp\/v2\/product_cat?post=92440"},{"taxonomy":"product_tag","embeddable":true,"href":"https:\/\/secureus.se\/es\/wp-json\/wp\/v2\/product_tag?post=92440"}],"curies":[{"name":"wp","href":"https:\/\/api.w.org\/{rel}","templated":true}]}}