{"id":92666,"date":"2024-06-12T13:12:50","date_gmt":"2024-06-12T11:12:50","guid":{"rendered":"https:\/\/secureus.se\/?post_type=product&#038;p=92666"},"modified":"2026-04-08T16:03:00","modified_gmt":"2026-04-08T14:03:00","slug":"provkit-solo-1-27-m-provning-rok","status":"publish","type":"product","link":"https:\/\/secureus.se\/es\/provkit-solo-1-27-m-provning-rok\/","title":{"rendered":"Kit de prueba Solo 1 \u2013 2,7 m \u2013 Prueba de humo"},"content":{"rendered":"<h1>Kit de prueba Solo 1 \u2013 2,7 m \u2013 Prueba de humo<\/h1>\n<h3 data-start=\"302\" data-end=\"348\">Kit de prueba para detectores de humo de hasta 2,7 m<\/h3>\n<p data-start=\"349\" data-end=\"583\">Solo 1 est\u00e1 dise\u00f1ado para realizar pruebas f\u00e1ciles y seguras de detectores de humo en sistemas autom\u00e1ticos de alarma contra incendios a bajas altitudes.<\/p>\n<p data-start=\"349\" data-end=\"583\">El kit combina extensores, probadores de detectores y cilindros de gas de prueba, lo que facilita su uso y transporte.<\/p>\n<h3 data-start=\"585\" data-end=\"608\">Contenido de Solo 1<\/h3>\n<ul data-start=\"609\" data-end=\"969\">\n<li data-start=\"609\" data-end=\"718\">\n<p data-start=\"611\" data-end=\"718\"><strong data-start=\"611\" data-end=\"639\">Probador de detectores Solo 330<\/strong> \u2013 para detectores de humo y CO, solo para uso con Solo A5 y Solo C3.<\/p>\n<\/li>\n<li data-start=\"719\" data-end=\"882\">\n<p data-start=\"721\" data-end=\"882\"><strong data-start=\"721\" data-end=\"744\">Extensor Solo 101<\/strong> \u2013 1,13 m, fibra de vidrio, ligero y r\u00edgido, combinable con m\u00e1s postes Solo 101 o telesc\u00f3picos Solo 108\/Solo 100 para alturas de prueba superiores.<\/p>\n<\/li>\n<li data-start=\"883\" data-end=\"969\">\n<p data-start=\"885\" data-end=\"969\"><strong data-start=\"885\" data-end=\"915\">3 botellas de gas de prueba Solo A5<\/strong> \u2013 prueba de humo, suficiente para unas 400 pruebas por botella.<\/p>\n<\/li>\n<\/ul>\n<h3 data-start=\"971\" data-end=\"1003\">Uso f\u00e1cil y seguro<\/h3>\n<ol data-start=\"1004\" data-end=\"1284\">\n<li data-start=\"1004\" data-end=\"1054\">\n<p data-start=\"1007\" data-end=\"1054\">Monte Solo 330 en Solo 101 a la altura deseada.<\/p>\n<\/li>\n<li data-start=\"1055\" data-end=\"1116\">\n<p data-start=\"1058\" data-end=\"1116\">Agite la botella de gas de prueba Solo A5 y col\u00f3quela en el probador.<\/p>\n<\/li>\n<li data-start=\"1117\" data-end=\"1215\">\n<p data-start=\"1120\" data-end=\"1215\">Coloque la taza alrededor del detector, presione ligeramente contra el techo y deje que el gas salga durante aproximadamente 1 segundo.<\/p>\n<\/li>\n<li data-start=\"1216\" data-end=\"1284\">\n<p data-start=\"1219\" data-end=\"1284\">Espere aproximadamente 10 segundos hasta que el detector suene una alarma; repita si es necesario.<\/p>\n<\/li>\n<\/ol>\n<h3 data-start=\"1286\" data-end=\"1311\">Ventajas de Solo 1<\/h3>\n<ul data-start=\"1312\" data-end=\"1514\">\n<li data-start=\"1312\" data-end=\"1339\">\n<p data-start=\"1314\" data-end=\"1339\">Alcance hasta 2,7 m<\/p>\n<\/li>\n<li data-start=\"1340\" data-end=\"1378\">\n<p data-start=\"1342\" data-end=\"1378\">Prueba detectores de humo y CO<\/p>\n<\/li>\n<li data-start=\"1379\" data-end=\"1411\">\n<p data-start=\"1381\" data-end=\"1411\">Compacto y f\u00e1cil de manejar.<\/p>\n<\/li>\n<li data-start=\"1412\" data-end=\"1457\">\n<p data-start=\"1414\" data-end=\"1457\">F\u00e1cil montaje y uso del comprobador.<\/p>\n<\/li>\n<li data-start=\"1458\" data-end=\"1514\">\n<p data-start=\"1460\" data-end=\"1514\">Las botellas de gas de prueba son suficientes para aproximadamente 400 muestras por botella.<\/p>\n<\/li>\n<\/ul>\n<h3 data-start=\"1516\" data-end=\"1546\">Especificaciones t\u00e9cnicas<\/h3>\n<ul data-start=\"1547\" data-end=\"1777\">\n<li data-start=\"1547\" data-end=\"1580\">\n<p data-start=\"1549\" data-end=\"1580\">Altura de prueba: hasta 2,7 m<\/p>\n<\/li>\n<li data-start=\"1581\" data-end=\"1626\">\n<p data-start=\"1583\" data-end=\"1626\">Contenido: Solo 330, Solo 101, 3 \u00d7 Solo A5<\/p>\n<\/li>\n<li data-start=\"1627\" data-end=\"1681\">\n<p data-start=\"1629\" data-end=\"1681\">Material de la varilla: fibra de vidrio, no conductora<\/p>\n<\/li>\n<li data-start=\"1682\" data-end=\"1729\">\n<p data-start=\"1684\" data-end=\"1729\">Capacidad de la botella de gas de prueba: aprox. 400 muestras\/botella<\/p>\n<\/li>\n<li data-start=\"1730\" data-end=\"1777\">\n<p data-start=\"1732\" data-end=\"1777\">Compatible con: Probadores Solo y Testifire<\/p>\n<\/li>\n<\/ul>","protected":false},"excerpt":{"rendered":"<p>El kit de prueba Solo 1 es un kit compacto para probar detectores de humo de hasta aproximadamente 2,7 m.<\/p>\n<p>Contiene extensor Solo 101, probador de detector Solo 330 y 3 cilindros de gas de prueba Solo A5 (anteriormente Solo A3).<\/p>\n<p>Perfecto para pruebas de baja altitud mensuales y trimestrales.<\/p>","protected":false},"featured_media":137516,"template":"","meta":{"_acf_changed":false},"product_brand":[],"product_cat":[3849,2945],"product_tag":[],"class_list":{"0":"post-92666","1":"product","2":"type-product","3":"status-publish","4":"has-post-thumbnail","6":"product_cat-solo-kit","7":"product_cat-solo","8":"product_shipping_class-tunga-paket","9":"tm-no-options","11":"first","12":"instock","13":"taxable","14":"shipping-taxable","15":"purchasable","16":"product-type-simple"},"acf":[],"_links":{"self":[{"href":"https:\/\/secureus.se\/es\/wp-json\/wp\/v2\/product\/92666","targetHints":{"allow":["GET"]}}],"collection":[{"href":"https:\/\/secureus.se\/es\/wp-json\/wp\/v2\/product"}],"about":[{"href":"https:\/\/secureus.se\/es\/wp-json\/wp\/v2\/types\/product"}],"wp:featuredmedia":[{"embeddable":true,"href":"https:\/\/secureus.se\/es\/wp-json\/wp\/v2\/media\/137516"}],"wp:attachment":[{"href":"https:\/\/secureus.se\/es\/wp-json\/wp\/v2\/media?parent=92666"}],"wp:term":[{"taxonomy":"product_brand","embeddable":true,"href":"https:\/\/secureus.se\/es\/wp-json\/wp\/v2\/product_brand?post=92666"},{"taxonomy":"product_cat","embeddable":true,"href":"https:\/\/secureus.se\/es\/wp-json\/wp\/v2\/product_cat?post=92666"},{"taxonomy":"product_tag","embeddable":true,"href":"https:\/\/secureus.se\/es\/wp-json\/wp\/v2\/product_tag?post=92666"}],"curies":[{"name":"wp","href":"https:\/\/api.w.org\/{rel}","templated":true}]}}