{"id":92671,"date":"2024-06-12T13:12:56","date_gmt":"2024-06-12T11:12:56","guid":{"rendered":"https:\/\/secureus.se\/?post_type=product&#038;p=92671"},"modified":"2026-03-26T12:27:58","modified_gmt":"2026-03-26T11:27:58","slug":"provkit-solo-2-27-m-provning-rok","status":"publish","type":"product","link":"https:\/\/secureus.se\/es\/provkit-solo-2-27-m-provning-rok\/","title":{"rendered":"Kit de prueba Solo 2 \u2013 2,7 m \u2013 Prueba de humo"},"content":{"rendered":"<h1>Kit de prueba Solo 2 \u2013 2,7 m \u2013 Prueba de humo<\/h1>\n<h3 data-start=\"284\" data-end=\"325\">Kit de prueba eficaz para detectores de humo<\/h3>\n<p data-start=\"326\" data-end=\"557\">Solo 2 es un pr\u00e1ctico kit de pruebas para comprobar el funcionamiento de los detectores de humo en instalaciones bajas, de hasta aproximadamente 2,7 m.<\/p>\n<p data-start=\"326\" data-end=\"557\">El kit es compacto y f\u00e1cil de manejar, a la vez que ofrece resultados profesionales con un equipamiento m\u00ednimo.<\/p>\n<h3 data-start=\"559\" data-end=\"582\">Contenido de Solo 2<\/h3>\n<ul data-start=\"583\" data-end=\"972\">\n<li data-start=\"583\" data-end=\"690\">\n<p data-start=\"585\" data-end=\"690\"><strong data-start=\"585\" data-end=\"613\">Probador de detectores Solo 330<\/strong> \u2013 para detectores de humo y detectores de CO, utilizados con cilindros de gas de prueba Solo A5.<\/p>\n<\/li>\n<li data-start=\"691\" data-end=\"908\">\n<p data-start=\"693\" data-end=\"908\"><strong data-start=\"693\" data-end=\"723\">Poste de extensi\u00f3n Solo 101<\/strong> \u2013 1,13 m, fabricado en fibra de vidrio, no conductor de electricidad.<\/p>\n<\/li>\n<li data-start=\"691\" data-end=\"908\">\n<p data-start=\"693\" data-end=\"908\">Se puede conectar con 1\u20133 Solo 101 o combinar con Solo 108\/Solo 100 para un mayor alcance de hasta 7,3 m o 9,3 m.<\/p>\n<\/li>\n<li data-start=\"909\" data-end=\"972\">\n<p data-start=\"911\" data-end=\"972\"><strong data-start=\"911\" data-end=\"940\">1 \u00d7 botella de gas de prueba Solo A5<\/strong> \u2013 suficiente para aproximadamente 400 muestras.<\/p>\n<\/li>\n<\/ul>\n<h3 data-start=\"974\" data-end=\"1006\">Uso f\u00e1cil y seguro<\/h3>\n<ol data-start=\"1007\" data-end=\"1272\">\n<li data-start=\"1007\" data-end=\"1064\">\n<p data-start=\"1010\" data-end=\"1064\">Agite la botella de gas de prueba Solo A5 e inst\u00e1lela en el Solo 330.<\/p>\n<\/li>\n<li data-start=\"1065\" data-end=\"1109\">\n<p data-start=\"1068\" data-end=\"1109\">Enrosque el recipiente y gire \u00bc de vuelta.<\/p>\n<\/li>\n<li data-start=\"1110\" data-end=\"1192\">\n<p data-start=\"1113\" data-end=\"1192\">Coloque la taza alrededor del detector, presione ligeramente contra el techo y deje que el gas salga.<\/p>\n<\/li>\n<li data-start=\"1193\" data-end=\"1272\">\n<p data-start=\"1196\" data-end=\"1272\">Espere aproximadamente 10 segundos hasta que el detector suene la alarma. Si es necesario, repita la prueba corta.<\/p>\n<\/li>\n<\/ol>\n<h3 data-start=\"1274\" data-end=\"1299\">Ventajas de Solo 2<\/h3>\n<ul data-start=\"1300\" data-end=\"1531\">\n<li data-start=\"1300\" data-end=\"1337\">\n<p data-start=\"1302\" data-end=\"1337\">Compacto y f\u00e1cil de transportar.<\/p>\n<\/li>\n<li data-start=\"1338\" data-end=\"1409\">\n<p data-start=\"1340\" data-end=\"1409\">Alcance de hasta 2,7 m, ampliable con m\u00e1s varillas de extensi\u00f3n.<\/p>\n<\/li>\n<li data-start=\"1410\" data-end=\"1455\">\n<p data-start=\"1412\" data-end=\"1455\">Montaje sencillo del comprobador en la barra de prueba<\/p>\n<\/li>\n<li data-start=\"1456\" data-end=\"1531\">\n<p data-start=\"1458\" data-end=\"1531\">Pruebas seguras y profesionales de la mayor\u00eda de las marcas de detectores de humo.<\/p>\n<\/li>\n<\/ul>\n<h3 data-start=\"1533\" data-end=\"1563\">Especificaciones t\u00e9cnicas<\/h3>\n<ul data-start=\"1564\" data-end=\"1816\">\n<li data-start=\"1564\" data-end=\"1626\">\n<p data-start=\"1566\" data-end=\"1626\">Altura de prueba: hasta 2,7 m (ampliable con m\u00e1s barras)<\/p>\n<\/li>\n<li data-start=\"1627\" data-end=\"1672\">\n<p data-start=\"1629\" data-end=\"1672\">Contenido: Solo 330, Solo 101, 1 \u00d7 Solo A5<\/p>\n<\/li>\n<li data-start=\"1673\" data-end=\"1727\">\n<p data-start=\"1675\" data-end=\"1727\">Material de la varilla: fibra de vidrio, no conductora<\/p>\n<\/li>\n<li data-start=\"1728\" data-end=\"1768\">\n<p data-start=\"1730\" data-end=\"1768\">Capacidad del cilindro de gas de prueba: aprox. 400 muestras<\/p>\n<\/li>\n<li data-start=\"1769\" data-end=\"1816\">\n<p data-start=\"1771\" data-end=\"1816\">Compatible con: Probadores Solo y Testifire<\/p>\n<\/li>\n<\/ul>","protected":false},"excerpt":{"rendered":"<p>El kit de prueba Solo 2 es un kit compacto para probar detectores de humo de hasta aproximadamente 2,7 m. Contiene la p\u00e9rtiga extensible Solo 101, el comprobador de detectores Solo 330 y una botella de gas de prueba Solo A5.<\/p>\n<p>Perfecto para instalaciones m\u00e1s sencillas y alturas m\u00e1s peque\u00f1as.<\/p>","protected":false},"featured_media":137668,"template":"","meta":{"_acf_changed":false},"product_brand":[],"product_cat":[3849,2945],"product_tag":[],"class_list":{"0":"post-92671","1":"product","2":"type-product","3":"status-publish","4":"has-post-thumbnail","6":"product_cat-solo-kit","7":"product_cat-solo","8":"product_shipping_class-tunga-paket","9":"tm-no-options","11":"first","12":"onbackorder","13":"taxable","14":"shipping-taxable","15":"purchasable","16":"product-type-simple"},"acf":[],"_links":{"self":[{"href":"https:\/\/secureus.se\/es\/wp-json\/wp\/v2\/product\/92671","targetHints":{"allow":["GET"]}}],"collection":[{"href":"https:\/\/secureus.se\/es\/wp-json\/wp\/v2\/product"}],"about":[{"href":"https:\/\/secureus.se\/es\/wp-json\/wp\/v2\/types\/product"}],"wp:featuredmedia":[{"embeddable":true,"href":"https:\/\/secureus.se\/es\/wp-json\/wp\/v2\/media\/137668"}],"wp:attachment":[{"href":"https:\/\/secureus.se\/es\/wp-json\/wp\/v2\/media?parent=92671"}],"wp:term":[{"taxonomy":"product_brand","embeddable":true,"href":"https:\/\/secureus.se\/es\/wp-json\/wp\/v2\/product_brand?post=92671"},{"taxonomy":"product_cat","embeddable":true,"href":"https:\/\/secureus.se\/es\/wp-json\/wp\/v2\/product_cat?post=92671"},{"taxonomy":"product_tag","embeddable":true,"href":"https:\/\/secureus.se\/es\/wp-json\/wp\/v2\/product_tag?post=92671"}],"curies":[{"name":"wp","href":"https:\/\/api.w.org\/{rel}","templated":true}]}}