{"id":92673,"date":"2024-06-12T13:12:50","date_gmt":"2024-06-12T11:12:50","guid":{"rendered":"https:\/\/secureus.se\/provkit-solo-3-4-m-provning-rok-roka-webbutik\/"},"modified":"2026-03-26T12:28:29","modified_gmt":"2026-03-26T11:28:29","slug":"provkit-solo-3-4-m-provning-rok","status":"publish","type":"product","link":"https:\/\/secureus.se\/es\/provkit-solo-3-4-m-provning-rok\/","title":{"rendered":"Kit de prueba Solo 3 \u2013 4 m \u2013 Prueba de humo"},"content":{"rendered":"<h1>Kit de prueba Solo 3 \u2013 4 m \u2013 Prueba de humo<\/h1>\n<h3 data-start=\"303\" data-end=\"347\">Kit de prueba para detectores de humo de hasta 4 m<\/h3>\n<p data-start=\"348\" data-end=\"589\">Solo 3 est\u00e1 dise\u00f1ado para realizar pruebas f\u00e1ciles y seguras de detectores de humo en sistemas autom\u00e1ticos de alarma contra incendios a alturas m\u00e1s bajas.<\/p>\n<p data-start=\"348\" data-end=\"589\">El kit combina una p\u00e9rtiga telesc\u00f3pica, un comprobador de detectores y botellas de gas de prueba, lo que facilita su uso y transporte.<\/p>\n<h3 data-start=\"591\" data-end=\"614\">Contenido de Solo 3<\/h3>\n<ul data-start=\"615\" data-end=\"934\">\n<li data-start=\"615\" data-end=\"724\">\n<p data-start=\"617\" data-end=\"724\"><strong data-start=\"617\" data-end=\"645\">Probador de detectores Solo 330<\/strong> \u2013 para detectores de humo y CO, solo para uso con Solo A5 y Solo C3.<\/p>\n<\/li>\n<li data-start=\"725\" data-end=\"847\">\n<p data-start=\"727\" data-end=\"847\"><strong data-start=\"727\" data-end=\"753\">P\u00e9rtiga telesc\u00f3pica Solo 108<\/strong> \u2013 2,5 m, fibra de vidrio, ligero y r\u00edgido, se puede combinar con extensores Solo 101 para alturas mayores.<\/p>\n<\/li>\n<li data-start=\"848\" data-end=\"934\">\n<p data-start=\"850\" data-end=\"934\"><strong data-start=\"850\" data-end=\"880\">3 botellas de gas de prueba Solo A5<\/strong> \u2013 prueba de humo, suficiente para unas 400 pruebas por botella.<\/p>\n<\/li>\n<\/ul>\n<h3 data-start=\"936\" data-end=\"968\">Uso f\u00e1cil y seguro<\/h3>\n<ol data-start=\"969\" data-end=\"1249\">\n<li data-start=\"969\" data-end=\"1019\">\n<p data-start=\"972\" data-end=\"1019\">Monte Solo 330 en Solo 108 a la altura deseada.<\/p>\n<\/li>\n<li data-start=\"1020\" data-end=\"1081\">\n<p data-start=\"1023\" data-end=\"1081\">Agite la botella de gas de prueba Solo A5 y col\u00f3quela en el probador.<\/p>\n<\/li>\n<li data-start=\"1082\" data-end=\"1180\">\n<p data-start=\"1085\" data-end=\"1180\">Coloque la taza alrededor del detector, presione ligeramente contra el techo y deje que el gas salga durante aproximadamente 1 segundo.<\/p>\n<\/li>\n<li data-start=\"1181\" data-end=\"1249\">\n<p data-start=\"1184\" data-end=\"1249\">Espere aproximadamente 10 segundos hasta que el detector suene una alarma; repita si es necesario.<\/p>\n<\/li>\n<\/ol>\n<h3 data-start=\"1251\" data-end=\"1276\">Ventajas de Solo 3<\/h3>\n<ul data-start=\"1277\" data-end=\"1477\">\n<li data-start=\"1277\" data-end=\"1302\">\n<p data-start=\"1279\" data-end=\"1302\">Alcance hasta 4 m<\/p>\n<\/li>\n<li data-start=\"1303\" data-end=\"1341\">\n<p data-start=\"1305\" data-end=\"1341\">Prueba detectores de humo y CO<\/p>\n<\/li>\n<li data-start=\"1342\" data-end=\"1374\">\n<p data-start=\"1344\" data-end=\"1374\">Compacto y f\u00e1cil de manejar.<\/p>\n<\/li>\n<li data-start=\"1375\" data-end=\"1420\">\n<p data-start=\"1377\" data-end=\"1420\">F\u00e1cil montaje y uso del comprobador.<\/p>\n<\/li>\n<li data-start=\"1421\" data-end=\"1477\">\n<p data-start=\"1423\" data-end=\"1477\">Las botellas de gas de prueba son suficientes para aproximadamente 400 muestras por botella.<\/p>\n<\/li>\n<\/ul>\n<h3 data-start=\"1479\" data-end=\"1509\">Especificaciones t\u00e9cnicas<\/h3>\n<ul data-start=\"1510\" data-end=\"1738\">\n<li data-start=\"1510\" data-end=\"1541\">\n<p data-start=\"1512\" data-end=\"1541\">Altura de prueba: hasta 4 m<\/p>\n<\/li>\n<li data-start=\"1542\" data-end=\"1587\">\n<p data-start=\"1544\" data-end=\"1587\">Contenido: Solo 330, Solo 108, 3 \u00d7 Solo A5<\/p>\n<\/li>\n<li data-start=\"1588\" data-end=\"1642\">\n<p data-start=\"1590\" data-end=\"1642\">Material de la varilla: fibra de vidrio, no conductora<\/p>\n<\/li>\n<li data-start=\"1643\" data-end=\"1690\">\n<p data-start=\"1645\" data-end=\"1690\">Capacidad de la botella de gas de prueba: aprox. 400 muestras\/botella<\/p>\n<\/li>\n<li data-start=\"1691\" data-end=\"1738\">\n<p data-start=\"1693\" data-end=\"1738\">Compatible con: Probadores Solo y Testifire<\/p>\n<\/li>\n<\/ul>","protected":false},"excerpt":{"rendered":"<p>El kit de prueba Solo 3 es un kit compacto para probar detectores de humo de hasta aproximadamente 4 m.<\/p>\n<p>Contiene poste telesc\u00f3pico Solo 108, comprobador de detector Solo 330 y 3 botellas de gas de prueba Solo A5 (anteriormente Solo A3).<\/p>\n<p>Perfecto para pruebas de baja altitud mensuales y trimestrales.<\/p>","protected":false},"featured_media":137525,"template":"","meta":{"_acf_changed":false},"product_brand":[],"product_cat":[3849,2945],"product_tag":[],"class_list":{"0":"post-92673","1":"product","2":"type-product","3":"status-publish","4":"has-post-thumbnail","6":"product_cat-solo-kit","7":"product_cat-solo","8":"product_shipping_class-tunga-paket","9":"tm-no-options","11":"first","12":"onbackorder","13":"taxable","14":"shipping-taxable","15":"purchasable","16":"product-type-simple"},"acf":[],"_links":{"self":[{"href":"https:\/\/secureus.se\/es\/wp-json\/wp\/v2\/product\/92673","targetHints":{"allow":["GET"]}}],"collection":[{"href":"https:\/\/secureus.se\/es\/wp-json\/wp\/v2\/product"}],"about":[{"href":"https:\/\/secureus.se\/es\/wp-json\/wp\/v2\/types\/product"}],"wp:featuredmedia":[{"embeddable":true,"href":"https:\/\/secureus.se\/es\/wp-json\/wp\/v2\/media\/137525"}],"wp:attachment":[{"href":"https:\/\/secureus.se\/es\/wp-json\/wp\/v2\/media?parent=92673"}],"wp:term":[{"taxonomy":"product_brand","embeddable":true,"href":"https:\/\/secureus.se\/es\/wp-json\/wp\/v2\/product_brand?post=92673"},{"taxonomy":"product_cat","embeddable":true,"href":"https:\/\/secureus.se\/es\/wp-json\/wp\/v2\/product_cat?post=92673"},{"taxonomy":"product_tag","embeddable":true,"href":"https:\/\/secureus.se\/es\/wp-json\/wp\/v2\/product_tag?post=92673"}],"curies":[{"name":"wp","href":"https:\/\/api.w.org\/{rel}","templated":true}]}}