{"id":92675,"date":"2024-06-12T13:12:59","date_gmt":"2024-06-12T11:12:59","guid":{"rendered":"https:\/\/secureus.se\/provkit-solo-4-4-m-provning-rok\/"},"modified":"2026-03-26T12:27:22","modified_gmt":"2026-03-26T11:27:22","slug":"provkit-solo-4-4-m-provning-rok","status":"publish","type":"product","link":"https:\/\/secureus.se\/es\/provkit-solo-4-4-m-provning-rok\/","title":{"rendered":"Kit de prueba Solo 4 \u2013 4 m \u2013 Prueba de humo"},"content":{"rendered":"<h1>Kit de prueba Solo 4 \u2013 4 m \u2013 Prueba de humo<\/h1>\n<h3 data-start=\"306\" data-end=\"359\">Kit de prueba completo para detectores de humo de hasta 4 m<\/h3>\n<p data-start=\"360\" data-end=\"639\">Solo 4 es un kit de prueba completo que incluye la p\u00e9rtiga telesc\u00f3pica Solo 108, el dep\u00f3sito de gas de prueba Solo 330 y tres cilindros de gas de prueba Solo A5 (anteriormente Solo A3), dise\u00f1ado para las pruebas mensuales y trimestrales de detectores de humo en sistemas de alarma contra incendios.<\/p>\n<p data-start=\"360\" data-end=\"639\">El kit permite acceder f\u00e1cilmente a techos de altura media sin necesidad de escalera.<\/p>\n<h3 data-start=\"641\" data-end=\"669\">P\u00e9rtiga telesc\u00f3pica Solo 108<\/h3>\n<p data-start=\"670\" data-end=\"937\">Fabricado con fibra de vidrio ligera, r\u00edgida y no conductora, lo que garantiza su estabilidad durante las pruebas a mayor altitud. El Solo 108 se puede combinar con entre 1 y 3 Solo 101 para alcanzar una altura total de prueba de hasta aproximadamente 7,3 m.<\/p>\n<p data-start=\"670\" data-end=\"937\">Compatible con los comprobadores Solo y Testifire, as\u00ed como con los comprobadores desmontables.<\/p>\n<h3 data-start=\"939\" data-end=\"968\">Dep\u00f3sito de gas de prueba Solo 330<\/h3>\n<p data-start=\"969\" data-end=\"1347\">El Solo 330 se utiliza para realizar pruebas funcionales de detectores de humo y mon\u00f3xido de carbono con un di\u00e1metro de hasta 100 mm. Su base pivotante permite probar detectores que no est\u00e1n perpendiculares al suelo o que son dif\u00edciles de alcanzar directamente desde abajo.<\/p>\n<p data-start=\"969\" data-end=\"1347\">Los cilindros de gas de prueba Solo A5 producen humo realista que activa tanto los detectores de humo \u00f3pticos como los de ionizaci\u00f3n. Un cilindro es suficiente para aproximadamente 400 pruebas.<\/p>\n<h3 data-start=\"1349\" data-end=\"1371\">F\u00e1cil de usar<\/h3>\n<ol data-start=\"1372\" data-end=\"1720\">\n<li data-start=\"1372\" data-end=\"1422\">\n<p data-start=\"1375\" data-end=\"1422\">Agite la botella de Solo A5 e inst\u00e1lela en el probador.<\/p>\n<\/li>\n<li data-start=\"1423\" data-end=\"1471\">\n<p data-start=\"1426\" data-end=\"1471\">Enrosque nuevamente el recipiente y gire \u00bc de vuelta.<\/p>\n<\/li>\n<li data-start=\"1472\" data-end=\"1569\">\n<p data-start=\"1475\" data-end=\"1569\">Coloque la taza alrededor del detector, presione ligeramente contra el techo y deje que el gas salga durante 1 segundo.<\/p>\n<\/li>\n<li data-start=\"1570\" data-end=\"1652\">\n<p data-start=\"1573\" data-end=\"1652\">Espere aproximadamente 10 segundos hasta que el detector emita una alarma. Repita la prueba corta si es necesario.<\/p>\n<\/li>\n<li data-start=\"1653\" data-end=\"1720\">\n<p data-start=\"1656\" data-end=\"1720\">El gas se evapora r\u00e1pidamente y el detector se puede reiniciar de inmediato.<\/p>\n<\/li>\n<\/ol>\n<h3 data-start=\"1722\" data-end=\"1747\">Ventajas de Solo 4<\/h3>\n<ul data-start=\"1748\" data-end=\"2071\">\n<li data-start=\"1748\" data-end=\"1802\">\n<p data-start=\"1750\" data-end=\"1802\">Kit completo con 3 cilindros de gas de prueba para m\u00faltiples pruebas.<\/p>\n<\/li>\n<li data-start=\"1803\" data-end=\"1848\">\n<p data-start=\"1805\" data-end=\"1848\">Poste telesc\u00f3pico ligero y robusto fabricado en fibra de vidrio.<\/p>\n<\/li>\n<li data-start=\"1849\" data-end=\"1898\">\n<p data-start=\"1851\" data-end=\"1898\">Comprobador pivotante para detectores de dif\u00edcil acceso<\/p>\n<\/li>\n<li data-start=\"1899\" data-end=\"1969\">\n<p data-start=\"1901\" data-end=\"1969\">Alcance de hasta 4 m (se puede combinar con Solo 101 para alcanzar hasta 7,3 m).<\/p>\n<\/li>\n<li data-start=\"1970\" data-end=\"2016\">\n<p data-start=\"1972\" data-end=\"2016\">Se adapta a la mayor\u00eda de las marcas de detectores de humo.<\/p>\n<\/li>\n<li data-start=\"2017\" data-end=\"2071\">\n<p data-start=\"2019\" data-end=\"2071\">Uso f\u00e1cil y seguro con recuperaci\u00f3n r\u00e1pida.<\/p>\n<\/li>\n<\/ul>\n<h3 data-start=\"2073\" data-end=\"2088\">Transporte<\/h3>\n<p data-start=\"2089\" data-end=\"2243\">El kit se puede organizar en el malet\u00edn de almacenamiento Solo 610, que cuenta con espacio para varillas, probadores y cilindros de gas de prueba, lo que simplifica el transporte y protege el equipo.<\/p>\n<p data-start=\"2245\" data-end=\"2276\"><strong data-start=\"2245\" data-end=\"2274\">Especificaciones t\u00e9cnicas:<\/strong><\/p>\n<ul data-start=\"2277\" data-end=\"2711\">\n<li data-start=\"2277\" data-end=\"2304\">\n<p data-start=\"2279\" data-end=\"2304\">Producto: Kit de prueba Solo 4<\/p>\n<\/li>\n<li data-start=\"2305\" data-end=\"2392\">\n<p data-start=\"2307\" data-end=\"2392\">Contenido: P\u00e9rtiga telesc\u00f3pica Solo 108, soporte para gas de prueba Solo 330, 3 botellas de gas de prueba Solo A5<\/p>\n<\/li>\n<li data-start=\"2393\" data-end=\"2464\">\n<p data-start=\"2395\" data-end=\"2464\">Alcance: Hasta 4 m (se puede combinar con Solo 101 hasta 7,3 m)<\/p>\n<\/li>\n<li data-start=\"2465\" data-end=\"2527\">\n<p data-start=\"2467\" data-end=\"2527\">Material del poste telesc\u00f3pico: fibra de vidrio, no conductor de electricidad<\/p>\n<\/li>\n<li data-start=\"2528\" data-end=\"2600\">\n<p data-start=\"2530\" data-end=\"2600\">Aplicaci\u00f3n: Pruebas funcionales de detectores de humo (\u00f3pticos e ionizantes)<\/p>\n<\/li>\n<li data-start=\"2601\" data-end=\"2647\">\n<p data-start=\"2603\" data-end=\"2647\">Capacidad por cilindro de gas de prueba: aprox. 400 pruebas<\/p>\n<\/li>\n<li data-start=\"2648\" data-end=\"2711\">\n<p data-start=\"2650\" data-end=\"2711\">Compatible con: probadores Solo y Testifire, probadores de derribo Solo<\/p>\n<\/li>\n<\/ul>","protected":false},"excerpt":{"rendered":"<p>El kit de prueba Solo 4 contiene el poste telesc\u00f3pico Solo 108, el soporte de gas de prueba Solo 330 y 3 botellas de gas de prueba Solo A5 para probar detectores de humo hasta aproximadamente 4 m de altura.<\/p>\n<p>Perfecto para t\u00e9cnicos que desean realizar pruebas funcionales seguras y efectivas en detectores de CO y humo.<\/p>","protected":false},"featured_media":137660,"template":"","meta":{"_acf_changed":false},"product_brand":[],"product_cat":[3849,2945],"product_tag":[],"class_list":{"0":"post-92675","1":"product","2":"type-product","3":"status-publish","4":"has-post-thumbnail","6":"product_cat-solo-kit","7":"product_cat-solo","8":"product_shipping_class-tunga-paket","9":"tm-no-options","11":"first","12":"onbackorder","13":"taxable","14":"shipping-taxable","15":"purchasable","16":"product-type-simple"},"acf":[],"_links":{"self":[{"href":"https:\/\/secureus.se\/es\/wp-json\/wp\/v2\/product\/92675","targetHints":{"allow":["GET"]}}],"collection":[{"href":"https:\/\/secureus.se\/es\/wp-json\/wp\/v2\/product"}],"about":[{"href":"https:\/\/secureus.se\/es\/wp-json\/wp\/v2\/types\/product"}],"wp:featuredmedia":[{"embeddable":true,"href":"https:\/\/secureus.se\/es\/wp-json\/wp\/v2\/media\/137660"}],"wp:attachment":[{"href":"https:\/\/secureus.se\/es\/wp-json\/wp\/v2\/media?parent=92675"}],"wp:term":[{"taxonomy":"product_brand","embeddable":true,"href":"https:\/\/secureus.se\/es\/wp-json\/wp\/v2\/product_brand?post=92675"},{"taxonomy":"product_cat","embeddable":true,"href":"https:\/\/secureus.se\/es\/wp-json\/wp\/v2\/product_cat?post=92675"},{"taxonomy":"product_tag","embeddable":true,"href":"https:\/\/secureus.se\/es\/wp-json\/wp\/v2\/product_tag?post=92675"}],"curies":[{"name":"wp","href":"https:\/\/api.w.org\/{rel}","templated":true}]}}