{"id":92681,"date":"2024-06-12T13:12:51","date_gmt":"2024-06-12T11:12:51","guid":{"rendered":"https:\/\/secureus.se\/provkit-solo-10-73-m-rok-barvaskor\/"},"modified":"2026-03-26T12:28:23","modified_gmt":"2026-03-26T11:28:23","slug":"provkit-solo-10-73-m-rok-barvaskor","status":"publish","type":"product","link":"https:\/\/secureus.se\/es\/provkit-solo-10-73-m-rok-barvaskor\/","title":{"rendered":"Kit de muestra Solo 10 \u2013 7,3 m (humo) \u2013 Estuches de transporte"},"content":{"rendered":"<h1>Kit de muestra Solo 10 \u2013 7,3 m (humo) \u2013 Estuches de transporte<\/h1>\n<h3 data-start=\"357\" data-end=\"403\">Kit de prueba para detectores de humo de hasta 7,3 m<\/h3>\n<p data-start=\"404\" data-end=\"676\">El Solo 10 est\u00e1 dise\u00f1ado para realizar pruebas seguras y eficientes de detectores de humo en sistemas autom\u00e1ticos de alarma contra incendios.<\/p>\n<p data-start=\"404\" data-end=\"676\">El kit combina p\u00e9rtigas telesc\u00f3picas, p\u00e9rtigas extensibles y equipos de prueba con bolsas de transporte y almacenamiento, lo que facilita su transporte y uso en la obra.<\/p>\n<h3 data-start=\"678\" data-end=\"702\">Contenido de Solo 10<\/h3>\n<ul data-start=\"703\" data-end=\"1237\">\n<li data-start=\"703\" data-end=\"819\">\n<p data-start=\"705\" data-end=\"819\"><strong data-start=\"705\" data-end=\"733\">Probador de detectores Solo 330<\/strong> \u2013 prueba detectores de humo y CO, compatible con cilindros de gas de prueba Solo A5 y Solo C3.<\/p>\n<\/li>\n<li data-start=\"820\" data-end=\"910\">\n<p data-start=\"822\" data-end=\"910\"><strong data-start=\"822\" data-end=\"848\">P\u00e9rtiga telesc\u00f3pica Solo 108<\/strong> \u2013 2,5 m, fibra de vidrio, no conductor de electricidad, ligero y r\u00edgido.<\/p>\n<\/li>\n<li data-start=\"911\" data-end=\"1002\">\n<p data-start=\"913\" data-end=\"1002\"><strong data-start=\"913\" data-end=\"949\">3 \u00d7 Varillas de extensi\u00f3n Solo 101<\/strong> \u2013 1,13 m cada una, se pueden conectar entre s\u00ed para alcanzar mayor altura.<\/p>\n<\/li>\n<li data-start=\"1003\" data-end=\"1150\">\n<p data-start=\"1005\" data-end=\"1150\"><strong data-start=\"1005\" data-end=\"1043\">Bolsas de transporte y almacenamiento Solo 610<\/strong> \u2013 Dos bolsas con separadores extra\u00edbles, portaca\u00f1as, espacio para comprobadores, bombonas de gas y accesorios.<\/p>\n<\/li>\n<li data-start=\"1151\" data-end=\"1237\">\n<p data-start=\"1153\" data-end=\"1237\"><strong data-start=\"1153\" data-end=\"1183\">3 botellas de gas de prueba Solo A5<\/strong> \u2013 prueba de humo, suficiente para unas 400 pruebas por botella.<\/p>\n<\/li>\n<\/ul>\n<h3 data-start=\"1239\" data-end=\"1271\">Uso f\u00e1cil y seguro<\/h3>\n<ol data-start=\"1272\" data-end=\"1587\">\n<li data-start=\"1272\" data-end=\"1354\">\n<p data-start=\"1275\" data-end=\"1354\">Monte Solo 330 en los postes Solo 108 y cualquier Solo 101 para alcanzar la altura deseada.<\/p>\n<\/li>\n<li data-start=\"1355\" data-end=\"1416\">\n<p data-start=\"1358\" data-end=\"1416\">Agite la botella de gas de prueba Solo A5 e inst\u00e1lela en el probador.<\/p>\n<\/li>\n<li data-start=\"1417\" data-end=\"1518\">\n<p data-start=\"1420\" data-end=\"1518\">Coloque el vaso alrededor del detector, presione ligeramente contra el techo y deje que el gas salga durante aproximadamente 1 segundo.<\/p>\n<\/li>\n<li data-start=\"1519\" data-end=\"1587\">\n<p data-start=\"1522\" data-end=\"1587\">Espere aproximadamente 10 segundos hasta que el detector suene una alarma; repita si es necesario.<\/p>\n<\/li>\n<\/ol>\n<h3 data-start=\"1589\" data-end=\"1615\">Ventajas del Solo 10<\/h3>\n<ul data-start=\"1616\" data-end=\"1836\">\n<li data-start=\"1616\" data-end=\"1643\">\n<p data-start=\"1618\" data-end=\"1643\">Alcance hasta 7,3 m<\/p>\n<\/li>\n<li data-start=\"1644\" data-end=\"1682\">\n<p data-start=\"1646\" data-end=\"1682\">Prueba detectores de humo y CO<\/p>\n<\/li>\n<li data-start=\"1683\" data-end=\"1725\">\n<p data-start=\"1685\" data-end=\"1725\">Compacto y port\u00e1til con bolsas Solo 610<\/p>\n<\/li>\n<li data-start=\"1726\" data-end=\"1782\">\n<p data-start=\"1728\" data-end=\"1782\">F\u00e1cil montaje y manejo de varillas y comprobadores<\/p>\n<\/li>\n<li data-start=\"1783\" data-end=\"1836\">\n<p data-start=\"1785\" data-end=\"1836\">Cada botella de gas de prueba es suficiente para aproximadamente 400 muestras.<\/p>\n<\/li>\n<\/ul>\n<h3 data-start=\"1838\" data-end=\"1868\">Especificaciones t\u00e9cnicas<\/h3>\n<ul data-start=\"1869\" data-end=\"2123\">\n<li data-start=\"1869\" data-end=\"1902\">\n<p data-start=\"1871\" data-end=\"1902\">Altura de prueba: hasta 7,3 m<\/p>\n<\/li>\n<li data-start=\"1903\" data-end=\"1972\">\n<p data-start=\"1905\" data-end=\"1972\">Contenido: Solo 330, Solo 108, 3 \u00d7 Solo 101, Solo 610, 3 \u00d7 Solo A5<\/p>\n<\/li>\n<li data-start=\"1973\" data-end=\"2027\">\n<p data-start=\"1975\" data-end=\"2027\">Material de la varilla: fibra de vidrio, no conductora<\/p>\n<\/li>\n<li data-start=\"2028\" data-end=\"2075\">\n<p data-start=\"2030\" data-end=\"2075\">Capacidad de la botella de gas de prueba: aprox. 400 muestras\/botella<\/p>\n<\/li>\n<li data-start=\"2076\" data-end=\"2123\">\n<p data-start=\"2078\" data-end=\"2123\">Compatible con: Probadores Solo y Testifire<\/p>\n<\/li>\n<\/ul>","protected":false},"excerpt":{"rendered":"<p>El kit de prueba Solo 10 es un kit completo para probar detectores de humo de hasta aproximadamente 7,3 m.<\/p>\n<p>Contiene poste telesc\u00f3pico Solo 108, 3 postes de extensi\u00f3n Solo 101, comprobador de detector Solo 330, bolsas de transporte y almacenamiento Solo 610 y 3 cilindros de gas de prueba Solo A5.<\/p>\n<p>Pr\u00e1ctico, manejable y port\u00e1til para pruebas profesionales.<\/p>","protected":false},"featured_media":137682,"template":"","meta":{"_acf_changed":false},"product_brand":[],"product_cat":[3849,2945],"product_tag":[],"class_list":{"0":"post-92681","1":"product","2":"type-product","3":"status-publish","4":"has-post-thumbnail","6":"product_cat-solo-kit","7":"product_cat-solo","8":"product_shipping_class-tunga-paket","9":"tm-no-options","11":"first","12":"onbackorder","13":"taxable","14":"shipping-taxable","15":"purchasable","16":"product-type-simple"},"acf":[],"_links":{"self":[{"href":"https:\/\/secureus.se\/es\/wp-json\/wp\/v2\/product\/92681","targetHints":{"allow":["GET"]}}],"collection":[{"href":"https:\/\/secureus.se\/es\/wp-json\/wp\/v2\/product"}],"about":[{"href":"https:\/\/secureus.se\/es\/wp-json\/wp\/v2\/types\/product"}],"wp:featuredmedia":[{"embeddable":true,"href":"https:\/\/secureus.se\/es\/wp-json\/wp\/v2\/media\/137682"}],"wp:attachment":[{"href":"https:\/\/secureus.se\/es\/wp-json\/wp\/v2\/media?parent=92681"}],"wp:term":[{"taxonomy":"product_brand","embeddable":true,"href":"https:\/\/secureus.se\/es\/wp-json\/wp\/v2\/product_brand?post=92681"},{"taxonomy":"product_cat","embeddable":true,"href":"https:\/\/secureus.se\/es\/wp-json\/wp\/v2\/product_cat?post=92681"},{"taxonomy":"product_tag","embeddable":true,"href":"https:\/\/secureus.se\/es\/wp-json\/wp\/v2\/product_tag?post=92681"}],"curies":[{"name":"wp","href":"https:\/\/api.w.org\/{rel}","templated":true}]}}