{"id":92773,"date":"2024-06-16T12:32:33","date_gmt":"2024-06-16T10:32:33","guid":{"rendered":"https:\/\/secureus.se\/?post_type=product&#038;p=92773"},"modified":"2026-03-25T15:36:59","modified_gmt":"2026-03-25T14:36:59","slug":"dorrbroms-523t-1-gra","status":"publish","type":"product","link":"https:\/\/secureus.se\/es\/dorrbroms-523t-1-gra\/","title":{"rendered":"Freno de puerta ASSA ABLOY 523T\/1 \u2013 Gris \u2013 590\u2013769 mm"},"content":{"rendered":"<div>\n<h2 data-section-id=\"v8l2mo\" data-start=\"287\" data-end=\"366\">ASSA ABLOY D\u00f6rrbroms 523T\/1 \u2013 Gr\u00e5 \u2013 F\u00f6r Altand\u00f6rr &amp; F\u00f6nsterd\u00f6rr (590\u2013769 mm)<\/h2>\n<p data-start=\"368\" data-end=\"612\">ASSA ABLOY 523T \u00e4r en robust d\u00f6rrbroms f\u00f6r ut\u00e5tg\u00e5ende altand\u00f6rrar, f\u00f6nsterd\u00f6rrar och andra ytterd\u00f6rrar. D\u00f6rrbromsen h\u00e5ller d\u00f6rren i \u00f6nskat \u00f6ppningsl\u00e4ge och minskar risken f\u00f6r att d\u00f6rren bl\u00e5ser igen eller sl\u00e5r upp okontrollerat vid kraftig vind.<\/p>\n<p data-start=\"614\" data-end=\"846\">Genom den justerbara friktionsbromsen kan du enkelt anpassa bromskraften efter d\u00f6rrens vikt och \u00f6nskad funktion. Det g\u00f6r att d\u00f6rren stannar i det l\u00e4ge du \u00f6ppnar den till, vilket b\u00e5de \u00f6kar komforten och minskar risken f\u00f6r kl\u00e4mskador.<\/p>\n<p data-start=\"848\" data-end=\"994\">523T passar b\u00e5de h\u00f6ger- och v\u00e4nsterh\u00e4ngda d\u00f6rrar och \u00e4r ett vanligt val f\u00f6r altand\u00f6rrar och f\u00f6nsterd\u00f6rrar i bost\u00e4der, f\u00f6rr\u00e5d och liknande milj\u00f6er.<\/p>\n<hr data-start=\"996\" data-end=\"999\" \/>\n<h2 data-section-id=\"fnvs8i\" data-start=\"1001\" data-end=\"1014\">Caracter\u00edsticas<\/h2>\n<p data-start=\"1016\" data-end=\"1304\">\u2022 Para puertas de patio que se abren hacia afuera, ventanas francesas y puertas exteriores<br data-start=\"1075\" data-end=\"1078\" \/>\u2022 Mantiene la puerta en la posici\u00f3n de apertura deseada.<br data-start=\"1119\" data-end=\"1122\" \/>\u2022 Evita que la puerta se cierre de golpe con el viento.<br data-start=\"1166\" data-end=\"1169\" \/>\u2022 Fuerza de frenado ajustable con f\u00e1cil ajuste de la fricci\u00f3n.<br data-start=\"1220\" data-end=\"1223\" \/>\u2022 Se adapta tanto a puertas derechas como izquierdas.<br data-start=\"1268\" data-end=\"1271\" \/>\u2022 Reduce el riesgo de lesiones por pellizco.<\/p>\n<hr data-start=\"1306\" data-end=\"1309\" \/>\n<h2 data-section-id=\"zehbyt\" data-start=\"1311\" data-end=\"1337\">Construcci\u00f3n y materiales<\/h2>\n<p data-start=\"1339\" data-end=\"1474\">\u2022 Varilla de acero inoxidable<br data-start=\"1364\" data-end=\"1367\" \/>\u2022 Cabezal de articulaci\u00f3n fabricado en pl\u00e1stico acetal duradero.<br data-start=\"1401\" data-end=\"1404\" \/>\u2022 Soporte del marco y soporte de la puerta en acero pintado<br data-start=\"1445\" data-end=\"1448\" \/>\u2022 Cubierta de pl\u00e1stico acetal<\/p>\n<p data-start=\"1476\" data-end=\"1586\">Su robusta construcci\u00f3n hace que el freno de puerta sea adecuado para el uso diario tanto en entornos residenciales como similares.<\/p>\n<hr data-start=\"1588\" data-end=\"1591\" \/>\n<h2 data-section-id=\"10c1xz9\" data-start=\"1593\" data-end=\"1617\">Dimensiones y compatibilidad<\/h2>\n<p data-start=\"1619\" data-end=\"1732\"><strong data-start=\"1619\" data-end=\"1630\">Modelo:<\/strong> 523T\/1<br data-start=\"1637\" data-end=\"1640\" \/><strong data-start=\"1640\" data-end=\"1656\">Longitud total:<\/strong> 445 mm<br data-start=\"1663\" data-end=\"1666\" \/><strong data-start=\"1666\" data-end=\"1689\">Se ajusta a las dimensiones del marco:<\/strong> 590\u2013769 mm<br data-start=\"1700\" data-end=\"1703\" \/><strong data-start=\"1703\" data-end=\"1722\">\u00c1ngulo de apertura:<\/strong> aproximadamente 95\u00b0<\/p>\n<hr data-start=\"1734\" data-end=\"1737\" \/>\n<h2 data-section-id=\"kejv24\" data-start=\"1739\" data-end=\"1763\">Disponible en dos tama\u00f1os.<\/h2>\n<p data-start=\"1765\" data-end=\"1822\"><strong data-start=\"1765\" data-end=\"1775\">523T\/1<\/strong><br data-start=\"1775\" data-end=\"1778\" \/>Se adapta a puertas con anchos de marco <strong data-start=\"1808\" data-end=\"1822\">590\u2013769 mm<\/strong><\/p>\n<p data-start=\"1824\" data-end=\"1881\"><strong data-start=\"1824\" data-end=\"1834\">523T\/2<\/strong><br data-start=\"1834\" data-end=\"1837\" \/>Se adapta a puertas con anchos de marco <strong data-start=\"1867\" data-end=\"1881\">770\u2013910 mm<\/strong><\/p>\n<hr data-start=\"1883\" data-end=\"1886\" \/>\n<h2 data-section-id=\"1lu5w0y\" data-start=\"1888\" data-end=\"1910\">Tornillo recomendado (no incluido)<\/h2>\n<p data-start=\"1912\" data-end=\"1965\">Soporte del marco: <strong data-start=\"1923\" data-end=\"1937\">TFX 4,5 mm<\/strong><br data-start=\"1937\" data-end=\"1940\" \/>Soporte de puerta: <strong data-start=\"1951\" data-end=\"1965\">TFX 3,5 mm<\/strong><\/p>\n<\/div>","protected":false},"excerpt":{"rendered":"<p data-start=\"2252\" data-end=\"2487\">El ASSA ABLOY 523T\/1 es un tope para puertas correderas, puertas de patio y puertas francesas. Este tope mantiene la puerta en la posici\u00f3n de apertura deseada y evita que se abra hacia atr\u00e1s. Se adapta a marcos de 590 a 769 mm y a puertas con apertura a la derecha o a la izquierda.<\/p>","protected":false},"featured_media":137168,"template":"","meta":{"_acf_changed":false},"product_brand":[],"product_cat":[3370],"product_tag":[],"class_list":{"0":"post-92773","1":"product","2":"type-product","3":"status-publish","4":"has-post-thumbnail","6":"product_cat-dorrbroms-dorrbromsar","7":"product_shipping_class-tunga-paket","8":"pa_brands-abloy","9":"tm-no-options","11":"first","12":"instock","13":"sale","14":"taxable","15":"shipping-taxable","16":"purchasable","17":"product-type-simple"},"acf":[],"_links":{"self":[{"href":"https:\/\/secureus.se\/es\/wp-json\/wp\/v2\/product\/92773","targetHints":{"allow":["GET"]}}],"collection":[{"href":"https:\/\/secureus.se\/es\/wp-json\/wp\/v2\/product"}],"about":[{"href":"https:\/\/secureus.se\/es\/wp-json\/wp\/v2\/types\/product"}],"wp:featuredmedia":[{"embeddable":true,"href":"https:\/\/secureus.se\/es\/wp-json\/wp\/v2\/media\/137168"}],"wp:attachment":[{"href":"https:\/\/secureus.se\/es\/wp-json\/wp\/v2\/media?parent=92773"}],"wp:term":[{"taxonomy":"product_brand","embeddable":true,"href":"https:\/\/secureus.se\/es\/wp-json\/wp\/v2\/product_brand?post=92773"},{"taxonomy":"product_cat","embeddable":true,"href":"https:\/\/secureus.se\/es\/wp-json\/wp\/v2\/product_cat?post=92773"},{"taxonomy":"product_tag","embeddable":true,"href":"https:\/\/secureus.se\/es\/wp-json\/wp\/v2\/product_tag?post=92773"}],"curies":[{"name":"wp","href":"https:\/\/api.w.org\/{rel}","templated":true}]}}