{"id":92789,"date":"2024-06-16T12:32:34","date_gmt":"2024-06-16T10:32:34","guid":{"rendered":"https:\/\/secureus.se\/?post_type=product&#038;p=92789"},"modified":"2026-04-08T15:47:08","modified_gmt":"2026-04-08T13:47:08","slug":"dorrbroms-533t-1-vit","status":"publish","type":"product","link":"https:\/\/secureus.se\/es\/dorrbroms-533t-1-vit\/","title":{"rendered":"Tope de puerta ASSA ABLOY 533T\/1 \u2013 Blanco \u2013 Puerta de apertura interior \u2013 500\u2013700 mm"},"content":{"rendered":"<div>\n<h2 data-section-id=\"9tax4l\" data-start=\"180\" data-end=\"247\">Freno de puerta ASSA ABLOY 533T\/1 \u2013 Blanco \u2013 Puerta de apertura interior \u2013 500\u2013700 mm<\/h2>\n<p data-start=\"249\" data-end=\"465\">El ASSA ABLOY 533T\/1 es un freno para puertas exteriores de apertura interior, puertas francesas y puertas de trastero. El freno mantiene la puerta en la posici\u00f3n de apertura deseada y reduce el riesgo de que se abra de golpe o sin control.<\/p>\n<p data-start=\"467\" data-end=\"730\">Gracias al freno de fricci\u00f3n ajustable, la fuerza de frenado se puede regular f\u00e1cilmente seg\u00fan el peso de la puerta y la resistencia deseada. Esto significa que la puerta se detiene en la posici\u00f3n de apertura elegida, lo que aumenta la comodidad y reduce el riesgo de atrapamientos.<\/p>\n<p data-start=\"732\" data-end=\"852\">El modelo 533T\/1 es el m\u00e1s corto de la serie y se utiliza para puertas m\u00e1s estrechas. Es compatible con puertas que abren hacia la derecha y hacia la izquierda.<\/p>\n<hr data-start=\"854\" data-end=\"857\" \/>\n<h2 data-section-id=\"fnvs8i\" data-start=\"859\" data-end=\"872\">Caracter\u00edsticas<\/h2>\n<p data-start=\"874\" data-end=\"1149\">\u2022 Para puertas exteriores de apertura hacia adentro, puertas francesas y puertas de almacenamiento.<br data-start=\"935\" data-end=\"938\" \/>\u2022 Mantiene la puerta en la posici\u00f3n de apertura deseada.<br data-start=\"979\" data-end=\"982\" \/>\u2022 Evita que la puerta se abra de golpe<br data-start=\"1017\" data-end=\"1020\" \/>\u2022 Fuerza de frenado ajustable con ajuste de fricci\u00f3n<br data-start=\"1065\" data-end=\"1068\" \/>\u2022 Se adapta tanto a puertas derechas como izquierdas.<br data-start=\"1113\" data-end=\"1116\" \/>\u2022 Reduce el riesgo de lesiones por pellizco.<\/p>\n<hr data-start=\"1151\" data-end=\"1154\" \/>\n<h2 data-section-id=\"zehbyt\" data-start=\"1156\" data-end=\"1182\">Construcci\u00f3n y materiales<\/h2>\n<p data-start=\"1184\" data-end=\"1319\">\u2022 Varilla de acero inoxidable<br data-start=\"1209\" data-end=\"1212\" \/>\u2022 Cabezal de articulaci\u00f3n fabricado en pl\u00e1stico acetal duradero.<br data-start=\"1246\" data-end=\"1249\" \/>\u2022 Soporte del marco y soporte de la puerta en acero pintado<br data-start=\"1290\" data-end=\"1293\" \/>\u2022 Cubierta de pl\u00e1stico acetal<\/p>\n<p data-start=\"1321\" data-end=\"1426\">Su robusta construcci\u00f3n hace que el freno de puerta sea adecuado para el uso diario en hogares y entornos similares.<\/p>\n<hr data-start=\"1428\" data-end=\"1431\" \/>\n<h2 data-section-id=\"10c1xz9\" data-start=\"1433\" data-end=\"1457\">Dimensiones y compatibilidad<\/h2>\n<p data-start=\"1459\" data-end=\"1542\"><strong data-start=\"1459\" data-end=\"1470\">Modelo:<\/strong> 533T\/1<br data-start=\"1477\" data-end=\"1480\" \/><strong data-start=\"1480\" data-end=\"1496\">Longitud total:<\/strong> 430 mm<br data-start=\"1503\" data-end=\"1506\" \/><strong data-start=\"1506\" data-end=\"1529\">Se ajusta a las dimensiones del marco:<\/strong> 500\u2013700 mm<\/p>\n<hr data-start=\"1544\" data-end=\"1547\" \/>\n<h2 data-section-id=\"kejv24\" data-start=\"1549\" data-end=\"1573\">Disponible en dos tama\u00f1os.<\/h2>\n<p data-start=\"1575\" data-end=\"1632\"><strong data-start=\"1575\" data-end=\"1585\">533T\/1<\/strong><br data-start=\"1585\" data-end=\"1588\" \/>Se adapta a puertas con anchos de marco <strong data-start=\"1618\" data-end=\"1632\">500\u2013700 mm<\/strong><\/p>\n<p data-start=\"1634\" data-end=\"1691\"><strong data-start=\"1634\" data-end=\"1644\">533T\/2<\/strong><br data-start=\"1644\" data-end=\"1647\" \/>Se adapta a puertas con anchos de marco <strong data-start=\"1677\" data-end=\"1691\">700\u2013910 mm<\/strong><\/p>\n<hr data-start=\"1693\" data-end=\"1696\" \/>\n<h2 data-section-id=\"1lu5w0y\" data-start=\"1698\" data-end=\"1720\">Tornillo recomendado<\/h2>\n<p data-start=\"1722\" data-end=\"1775\">Soporte del marco: <strong data-start=\"1733\" data-end=\"1747\">TFX 4,5 mm<\/strong><br data-start=\"1747\" data-end=\"1750\" \/>Soporte de puerta: <strong data-start=\"1761\" data-end=\"1775\">TFX 3,5 mm<\/strong><\/p>\n<p data-start=\"1777\" data-end=\"1847\">Los tornillos no est\u00e1n incluidos en el paquete, pero se pueden comprar por separado.<\/p>\n<\/div>","protected":false},"excerpt":{"rendered":"<p>El ASSA ABLOY 533T\/1 es un tope para puertas exteriores y francesas de apertura interior. Este tope mantiene la puerta en la posici\u00f3n de apertura deseada y reduce el riesgo de que se abra de golpe. Es compatible con marcos de 500 a 700 mm y puertas de apertura derecha e izquierda.<\/p>","protected":false},"featured_media":138020,"template":"","meta":{"_acf_changed":false},"product_brand":[],"product_cat":[3370],"product_tag":[],"class_list":{"0":"post-92789","1":"product","2":"type-product","3":"status-publish","4":"has-post-thumbnail","6":"product_cat-dorrbroms-dorrbromsar","7":"product_shipping_class-tunga-paket","8":"pa_brands-abloy","9":"tm-no-options","11":"first","12":"instock","13":"sale","14":"taxable","15":"shipping-taxable","16":"purchasable","17":"product-type-simple"},"acf":[],"_links":{"self":[{"href":"https:\/\/secureus.se\/es\/wp-json\/wp\/v2\/product\/92789","targetHints":{"allow":["GET"]}}],"collection":[{"href":"https:\/\/secureus.se\/es\/wp-json\/wp\/v2\/product"}],"about":[{"href":"https:\/\/secureus.se\/es\/wp-json\/wp\/v2\/types\/product"}],"wp:featuredmedia":[{"embeddable":true,"href":"https:\/\/secureus.se\/es\/wp-json\/wp\/v2\/media\/138020"}],"wp:attachment":[{"href":"https:\/\/secureus.se\/es\/wp-json\/wp\/v2\/media?parent=92789"}],"wp:term":[{"taxonomy":"product_brand","embeddable":true,"href":"https:\/\/secureus.se\/es\/wp-json\/wp\/v2\/product_brand?post=92789"},{"taxonomy":"product_cat","embeddable":true,"href":"https:\/\/secureus.se\/es\/wp-json\/wp\/v2\/product_cat?post=92789"},{"taxonomy":"product_tag","embeddable":true,"href":"https:\/\/secureus.se\/es\/wp-json\/wp\/v2\/product_tag?post=92789"}],"curies":[{"name":"wp","href":"https:\/\/api.w.org\/{rel}","templated":true}]}}