{"id":92793,"date":"2024-06-16T12:32:34","date_gmt":"2024-06-16T10:32:34","guid":{"rendered":"https:\/\/secureus.se\/?post_type=product&#038;p=92793"},"modified":"2026-04-09T13:38:07","modified_gmt":"2026-04-09T11:38:07","slug":"dorrbroms-533t-2-vit","status":"publish","type":"product","link":"https:\/\/secureus.se\/es\/dorrbroms-533t-2-vit\/","title":{"rendered":"Tope de puerta ASSA ABLOY 533T\/2 \u2013 Blanco \u2013 Puerta de apertura interior \u2013 700\u2013910 mm"},"content":{"rendered":"<h2 data-section-id=\"1kkk737\" data-start=\"158\" data-end=\"219\">ASSA ABLOY D\u00f6rrbroms 533T\/2 \u2013 In\u00e5tg\u00e5ende D\u00f6rr \u2013 700\u2013910 mm<\/h2>\n<p data-start=\"221\" data-end=\"437\">ASSA ABLOY 533T\/2 \u00e4r en d\u00f6rrbroms f\u00f6r in\u00e5tg\u00e5ende ytterd\u00f6rrar, f\u00f6nsterd\u00f6rrar och f\u00f6rr\u00e5dsd\u00f6rrar. D\u00f6rrbromsen h\u00e5ller d\u00f6rren i \u00f6nskat \u00f6ppningsl\u00e4ge och minskar risken f\u00f6r att d\u00f6rren bl\u00e5ser igen eller \u00f6ppnas okontrollerat.<\/p>\n<p data-start=\"439\" data-end=\"704\">Genom den justerbara friktionsbromsen kan bromskraften enkelt anpassas efter d\u00f6rrens vikt och hur mycket motst\u00e5nd du vill att d\u00f6rren ska ha. Det g\u00f6r att d\u00f6rren stannar i det \u00f6ppningsl\u00e4ge du sj\u00e4lv v\u00e4ljer, vilket b\u00e5de \u00f6kar komforten och minskar risken f\u00f6r kl\u00e4mskador.<\/p>\n<p data-start=\"706\" data-end=\"835\">Modellen 533T\/2 \u00e4r den l\u00e4ngre varianten i serien och anv\u00e4nds f\u00f6r bredare d\u00f6rrar. Den passar b\u00e5de h\u00f6ger- och v\u00e4nsterh\u00e4ngda d\u00f6rrar.<\/p>\n<hr data-start=\"837\" data-end=\"840\" \/>\n<h2 data-section-id=\"fnvs8i\" data-start=\"842\" data-end=\"855\">Caracter\u00edsticas<\/h2>\n<p data-start=\"857\" data-end=\"1117\">\u2022 F\u00f6r in\u00e5tg\u00e5ende ytterd\u00f6rrar och f\u00f6nsterd\u00f6rrar<br data-start=\"903\" data-end=\"906\" \/>\u2022 Mantiene la puerta en la posici\u00f3n de apertura deseada.<br data-start=\"947\" data-end=\"950\" \/>\u2022 Evita que la puerta se abra de golpe<br data-start=\"985\" data-end=\"988\" \/>\u2022 Fuerza de frenado ajustable con ajuste de fricci\u00f3n<br data-start=\"1033\" data-end=\"1036\" \/>\u2022 Se adapta tanto a puertas derechas como izquierdas.<br data-start=\"1081\" data-end=\"1084\" \/>\u2022 Reduce el riesgo de lesiones por pellizco.<\/p>\n<hr data-start=\"1119\" data-end=\"1122\" \/>\n<h2 data-section-id=\"zehbyt\" data-start=\"1124\" data-end=\"1150\">Construcci\u00f3n y materiales<\/h2>\n<p data-start=\"1152\" data-end=\"1287\">\u2022 Varilla de acero inoxidable<br data-start=\"1177\" data-end=\"1180\" \/>\u2022 Cabezal de articulaci\u00f3n fabricado en pl\u00e1stico acetal duradero.<br data-start=\"1214\" data-end=\"1217\" \/>\u2022 Soporte del marco y soporte de la puerta en acero pintado<br data-start=\"1258\" data-end=\"1261\" \/>\u2022 Cubierta de pl\u00e1stico acetal<\/p>\n<p data-start=\"1289\" data-end=\"1394\">Su robusta construcci\u00f3n hace que el freno de puerta sea adecuado para el uso diario en hogares y entornos similares.<\/p>\n<hr data-start=\"1396\" data-end=\"1399\" \/>\n<h2 data-section-id=\"10c1xz9\" data-start=\"1401\" data-end=\"1425\">Dimensiones y compatibilidad<\/h2>\n<p data-start=\"1427\" data-end=\"1510\"><strong data-start=\"1427\" data-end=\"1438\">Modelo:<\/strong> 533T\/2<br data-start=\"1445\" data-end=\"1448\" \/><strong data-start=\"1448\" data-end=\"1464\">Longitud total:<\/strong> 530 mm<br data-start=\"1471\" data-end=\"1474\" \/><strong data-start=\"1474\" data-end=\"1497\">Se ajusta a las dimensiones del marco:<\/strong> 700\u2013910 mm<\/p>\n<hr data-start=\"1512\" data-end=\"1515\" \/>\n<h2 data-section-id=\"kejv24\" data-start=\"1517\" data-end=\"1541\">Disponible en dos tama\u00f1os.<\/h2>\n<p data-start=\"1543\" data-end=\"1600\"><strong data-start=\"1543\" data-end=\"1553\">533T\/1<\/strong><br data-start=\"1553\" data-end=\"1556\" \/>Se adapta a puertas con anchos de marco <strong data-start=\"1586\" data-end=\"1600\">500\u2013700 mm<\/strong><\/p>\n<p data-start=\"1602\" data-end=\"1659\"><strong data-start=\"1602\" data-end=\"1612\">533T\/2<\/strong><br data-start=\"1612\" data-end=\"1615\" \/>Se adapta a puertas con anchos de marco <strong data-start=\"1645\" data-end=\"1659\">700\u2013910 mm<\/strong><\/p>\n<hr data-start=\"1661\" data-end=\"1664\" \/>\n<h2 data-section-id=\"1lu5w0y\" data-start=\"1666\" data-end=\"1688\">Tornillo recomendado<\/h2>\n<p data-start=\"1690\" data-end=\"1743\">Soporte del marco: <strong data-start=\"1701\" data-end=\"1715\">TFX 4,5 mm<\/strong><br data-start=\"1715\" data-end=\"1718\" \/>Soporte de puerta: <strong data-start=\"1729\" data-end=\"1743\">TFX 3,5 mm<\/strong><\/p>\n<p data-start=\"1745\" data-end=\"1815\">Los tornillos no est\u00e1n incluidos en el paquete, pero se pueden comprar por separado.<\/p>","protected":false},"excerpt":{"rendered":"<p>El ASSA ABLOY 533T\/2 es un tope para puertas exteriores y francesas de apertura interior. Este tope mantiene la puerta en la posici\u00f3n de apertura deseada y reduce el riesgo de que se abra de golpe. Se adapta a marcos de 700 a 910 mm y a puertas con apertura a la derecha o a la izquierda.<\/p>","protected":false},"featured_media":137160,"template":"","meta":{"_acf_changed":false},"product_brand":[],"product_cat":[3370],"product_tag":[],"class_list":{"0":"post-92793","1":"product","2":"type-product","3":"status-publish","4":"has-post-thumbnail","6":"product_cat-dorrbroms-dorrbromsar","7":"product_shipping_class-tunga-paket","8":"pa_brands-abloy","9":"tm-no-options","11":"first","12":"instock","13":"sale","14":"taxable","15":"shipping-taxable","16":"purchasable","17":"product-type-simple"},"acf":[],"_links":{"self":[{"href":"https:\/\/secureus.se\/es\/wp-json\/wp\/v2\/product\/92793","targetHints":{"allow":["GET"]}}],"collection":[{"href":"https:\/\/secureus.se\/es\/wp-json\/wp\/v2\/product"}],"about":[{"href":"https:\/\/secureus.se\/es\/wp-json\/wp\/v2\/types\/product"}],"wp:featuredmedia":[{"embeddable":true,"href":"https:\/\/secureus.se\/es\/wp-json\/wp\/v2\/media\/137160"}],"wp:attachment":[{"href":"https:\/\/secureus.se\/es\/wp-json\/wp\/v2\/media?parent=92793"}],"wp:term":[{"taxonomy":"product_brand","embeddable":true,"href":"https:\/\/secureus.se\/es\/wp-json\/wp\/v2\/product_brand?post=92793"},{"taxonomy":"product_cat","embeddable":true,"href":"https:\/\/secureus.se\/es\/wp-json\/wp\/v2\/product_cat?post=92793"},{"taxonomy":"product_tag","embeddable":true,"href":"https:\/\/secureus.se\/es\/wp-json\/wp\/v2\/product_tag?post=92793"}],"curies":[{"name":"wp","href":"https:\/\/api.w.org\/{rel}","templated":true}]}}