{"id":92799,"date":"2024-06-16T12:32:35","date_gmt":"2024-06-16T10:32:35","guid":{"rendered":"https:\/\/secureus.se\/?post_type=product&#038;p=92799"},"modified":"2026-04-23T12:13:00","modified_gmt":"2026-04-23T10:13:00","slug":"dorrbroms-328a","status":"publish","type":"product","link":"https:\/\/secureus.se\/es\/dorrbroms-328a\/","title":{"rendered":"Freno de puerta 328A"},"content":{"rendered":"<p>ASSA ABLOY 328A es un freno de puerta para puertas que se abren hacia adentro. Mantiene la puerta en la posici\u00f3n deseada mediante fricci\u00f3n. Se utiliza para puertas de almacenamiento y puertas interiores m\u00e1s ligeras.<\/p>\n<p><b>Caracter\u00edsticas:\u00a0<\/b><\/p>\n<ul>\n<li>Para puertas que abren hacia el interior (328 para puertas que abren hacia el exterior)<\/li>\n<li>Mantiene la puerta con fricci\u00f3n en la posici\u00f3n de apertura deseada.<\/li>\n<li>La fuerza de frenado se puede variar con la tuerca de ajuste.<\/li>\n<li>El brazo se puede separar del soporte del bastidor.<\/li>\n<li>Se adapta tanto a la derecha como a la izquierda.<\/li>\n<li>Tornillo recomendado: TKX 4,5 mm.<\/li>\n<\/ul>","protected":false},"excerpt":{"rendered":"<p>Evita que la puerta se abra de golpe y reduce el riesgo de atrapamiento. Se utiliza para puertas de trasteros y puertas interiores ligeras.<\/p>","protected":false},"featured_media":138015,"template":"","meta":{"_acf_changed":false},"product_brand":[],"product_cat":[3370],"product_tag":[],"class_list":{"0":"post-92799","1":"product","2":"type-product","3":"status-publish","4":"has-post-thumbnail","6":"product_cat-dorrbroms-dorrbromsar","7":"product_shipping_class-tunga-paket","8":"pa_brands-abloy","9":"tm-no-options","11":"first","12":"instock","13":"sale","14":"taxable","15":"shipping-taxable","16":"purchasable","17":"product-type-simple"},"acf":[],"_links":{"self":[{"href":"https:\/\/secureus.se\/es\/wp-json\/wp\/v2\/product\/92799","targetHints":{"allow":["GET"]}}],"collection":[{"href":"https:\/\/secureus.se\/es\/wp-json\/wp\/v2\/product"}],"about":[{"href":"https:\/\/secureus.se\/es\/wp-json\/wp\/v2\/types\/product"}],"wp:featuredmedia":[{"embeddable":true,"href":"https:\/\/secureus.se\/es\/wp-json\/wp\/v2\/media\/138015"}],"wp:attachment":[{"href":"https:\/\/secureus.se\/es\/wp-json\/wp\/v2\/media?parent=92799"}],"wp:term":[{"taxonomy":"product_brand","embeddable":true,"href":"https:\/\/secureus.se\/es\/wp-json\/wp\/v2\/product_brand?post=92799"},{"taxonomy":"product_cat","embeddable":true,"href":"https:\/\/secureus.se\/es\/wp-json\/wp\/v2\/product_cat?post=92799"},{"taxonomy":"product_tag","embeddable":true,"href":"https:\/\/secureus.se\/es\/wp-json\/wp\/v2\/product_tag?post=92799"}],"curies":[{"name":"wp","href":"https:\/\/api.w.org\/{rel}","templated":true}]}}