{"id":92805,"date":"2024-06-16T12:32:35","date_gmt":"2024-06-16T10:32:35","guid":{"rendered":"https:\/\/secureus.se\/?post_type=product&#038;p=92805"},"modified":"2026-03-29T17:09:33","modified_gmt":"2026-03-29T15:09:33","slug":"dorrbroms-523t-2-vit","status":"publish","type":"product","link":"https:\/\/secureus.se\/es\/dorrbroms-523t-2-vit\/","title":{"rendered":"Freno de puerta ASSA ABLOY 523T\/2 - Blanco - 770-910 mm"},"content":{"rendered":"<h2 data-section-id=\"i8tpgf\" data-start=\"241\" data-end=\"320\">ASSA ABLOY D\u00f6rrbroms 523T\/2 \u2013 Vit \u2013 F\u00f6r d\u00f6rrar med karmdagsm\u00e5tt 770\u2013910 mm<\/h2>\n<p data-start=\"322\" data-end=\"567\">El ASSA ABLOY 523T\/2 es un freno de puerta de alta resistencia para puertas de patio, puertas francesas, puertas exteriores y puertas de trastero que se abren hacia afuera. El freno mantiene la puerta en la posici\u00f3n de apertura deseada y evita que se abra de forma incontrolable con vientos fuertes.<\/p>\n<p data-start=\"569\" data-end=\"841\">El freno de fricci\u00f3n ajustable permite regular f\u00e1cilmente la fuerza de frenado seg\u00fan el peso de la puerta y la resistencia deseada al abrirla. Esto significa que la puerta se detiene en la posici\u00f3n en la que se abre, lo que aumenta la comodidad y reduce el riesgo de atrapamientos.<\/p>\n<p data-start=\"843\" data-end=\"1035\">El modelo 523T\/2 es el m\u00e1s largo de la serie 523T y se utiliza para puertas m\u00e1s anchas. Es compatible con puertas de apertura derecha e izquierda y es una opci\u00f3n com\u00fan para puertas de patio y puertas francesas en edificios residenciales.<\/p>\n<hr data-start=\"1037\" data-end=\"1040\" \/>\n<h2 data-section-id=\"fnvs8i\" data-start=\"1042\" data-end=\"1055\">Caracter\u00edsticas<\/h2>\n<p data-start=\"1057\" data-end=\"1345\">\u2022 Para puertas de patio que se abren hacia afuera, ventanas francesas y puertas exteriores<br data-start=\"1116\" data-end=\"1119\" \/>\u2022 Mantiene la puerta en la posici\u00f3n de apertura deseada.<br data-start=\"1160\" data-end=\"1163\" \/>\u2022 Evita que la puerta se cierre de golpe con el viento.<br data-start=\"1207\" data-end=\"1210\" \/>\u2022 Fuerza de frenado ajustable con f\u00e1cil ajuste de la fricci\u00f3n.<br data-start=\"1261\" data-end=\"1264\" \/>\u2022 Se adapta tanto a puertas derechas como izquierdas.<br data-start=\"1309\" data-end=\"1312\" \/>\u2022 Reduce el riesgo de lesiones por pellizco.<\/p>\n<hr data-start=\"1347\" data-end=\"1350\" \/>\n<h2 data-section-id=\"zehbyt\" data-start=\"1352\" data-end=\"1378\">Construcci\u00f3n y materiales<\/h2>\n<p data-start=\"1380\" data-end=\"1515\">\u2022 Varilla de acero inoxidable<br data-start=\"1405\" data-end=\"1408\" \/>\u2022 Cabezal de articulaci\u00f3n fabricado en pl\u00e1stico acetal duradero.<br data-start=\"1442\" data-end=\"1445\" \/>\u2022 Soporte del marco y soporte de la puerta en acero pintado<br data-start=\"1486\" data-end=\"1489\" \/>\u2022 Cubierta de pl\u00e1stico acetal<\/p>\n<p data-start=\"1517\" data-end=\"1627\">Su robusta construcci\u00f3n hace que el freno de puerta sea adecuado para el uso diario tanto en entornos residenciales como similares.<\/p>\n<hr data-start=\"1629\" data-end=\"1632\" \/>\n<h2 data-section-id=\"10c1xz9\" data-start=\"1634\" data-end=\"1658\">Dimensiones y compatibilidad<\/h2>\n<p data-start=\"1660\" data-end=\"1773\"><strong data-start=\"1660\" data-end=\"1671\">Modelo:<\/strong> 523T\/2<br data-start=\"1678\" data-end=\"1681\" \/><strong data-start=\"1681\" data-end=\"1697\">Longitud total:<\/strong> 545 mm<br data-start=\"1704\" data-end=\"1707\" \/><strong data-start=\"1707\" data-end=\"1730\">Se ajusta a las dimensiones del marco:<\/strong> 770\u2013910 mm<br data-start=\"1741\" data-end=\"1744\" \/><strong data-start=\"1744\" data-end=\"1763\">\u00c1ngulo de apertura:<\/strong> aproximadamente 95\u00b0<\/p>\n<hr data-start=\"1775\" data-end=\"1778\" \/>\n<h2 data-section-id=\"kejv24\" data-start=\"1780\" data-end=\"1804\">Disponible en dos tama\u00f1os.<\/h2>\n<p data-start=\"1806\" data-end=\"1863\"><strong data-start=\"1806\" data-end=\"1816\">523T\/1<\/strong><br data-start=\"1816\" data-end=\"1819\" \/>Se adapta a puertas con anchos de marco <strong data-start=\"1849\" data-end=\"1863\">590\u2013769 mm<\/strong><\/p>\n<p data-start=\"1865\" data-end=\"1922\"><strong data-start=\"1865\" data-end=\"1875\">523T\/2<\/strong><br data-start=\"1875\" data-end=\"1878\" \/>Se adapta a puertas con anchos de marco <strong data-start=\"1908\" data-end=\"1922\">770\u2013910 mm<\/strong><\/p>\n<hr data-start=\"1924\" data-end=\"1927\" \/>\n<h2 data-section-id=\"1lu5w0y\" data-start=\"1929\" data-end=\"1951\">Tornillo recomendado (no incluido)<\/h2>\n<p data-start=\"1953\" data-end=\"2006\">Soporte del marco: <strong data-start=\"1964\" data-end=\"1978\">TFX 4,5 mm<\/strong><br data-start=\"1978\" data-end=\"1981\" \/>Soporte de puerta: <strong data-start=\"1992\" data-end=\"2006\">TFX 3,5 mm<\/strong><\/p>","protected":false},"excerpt":{"rendered":"<p>El ASSA ABLOY 523T\/2 es un tope para puertas de apertura exterior. Este tope mantiene la puerta en la posici\u00f3n de apertura deseada e impide que se abra hacia atr\u00e1s. Es compatible con marcos de 770 a 910 mm y puertas de apertura lateral derecha e izquierda.<\/p>","protected":false},"featured_media":137131,"template":"","meta":{"_acf_changed":false},"product_brand":[],"product_cat":[3370],"product_tag":[],"class_list":{"0":"post-92805","1":"product","2":"type-product","3":"status-publish","4":"has-post-thumbnail","6":"product_cat-dorrbroms-dorrbromsar","7":"product_shipping_class-tunga-paket","8":"pa_brands-abloy","9":"tm-no-options","11":"first","12":"instock","13":"sale","14":"taxable","15":"shipping-taxable","16":"purchasable","17":"product-type-simple"},"acf":[],"_links":{"self":[{"href":"https:\/\/secureus.se\/es\/wp-json\/wp\/v2\/product\/92805","targetHints":{"allow":["GET"]}}],"collection":[{"href":"https:\/\/secureus.se\/es\/wp-json\/wp\/v2\/product"}],"about":[{"href":"https:\/\/secureus.se\/es\/wp-json\/wp\/v2\/types\/product"}],"wp:featuredmedia":[{"embeddable":true,"href":"https:\/\/secureus.se\/es\/wp-json\/wp\/v2\/media\/137131"}],"wp:attachment":[{"href":"https:\/\/secureus.se\/es\/wp-json\/wp\/v2\/media?parent=92805"}],"wp:term":[{"taxonomy":"product_brand","embeddable":true,"href":"https:\/\/secureus.se\/es\/wp-json\/wp\/v2\/product_brand?post=92805"},{"taxonomy":"product_cat","embeddable":true,"href":"https:\/\/secureus.se\/es\/wp-json\/wp\/v2\/product_cat?post=92805"},{"taxonomy":"product_tag","embeddable":true,"href":"https:\/\/secureus.se\/es\/wp-json\/wp\/v2\/product_tag?post=92805"}],"curies":[{"name":"wp","href":"https:\/\/api.w.org\/{rel}","templated":true}]}}