{"id":92830,"date":"2024-06-16T23:12:00","date_gmt":"2024-06-16T21:12:00","guid":{"rendered":"https:\/\/secureus.se\/?post_type=product&#038;p=92830"},"modified":"2026-02-20T11:47:22","modified_gmt":"2026-02-20T10:47:22","slug":"elslutbleck-514-24-volt","status":"publish","type":"product","link":"https:\/\/secureus.se\/es\/elslutbleck-514-24-volt\/","title":{"rendered":"Cerradura el\u00e9ctrica 514 24 voltios"},"content":{"rendered":"<h1>Cerradura el\u00e9ctrica 514 24 voltios<\/h1>\n<p class=\"\" data-start=\"640\" data-end=\"1022\">La placa de cierre el\u00e9ctrica 514 24V de Assa ABLOY es una soluci\u00f3n rentable para <strong data-start=\"711\" data-end=\"755\">puertas con bajos requisitos de seguridad<\/strong>.<\/p>\n<p class=\"\" data-start=\"640\" data-end=\"1022\">Es especialmente adecuado para <strong data-start=\"786\" data-end=\"804\">bloqueo interno<\/strong> en \u00e1reas como comercio, oficinas e industria.<\/p>\n<p class=\"\" data-start=\"640\" data-end=\"1022\">Con un <strong data-start=\"858\" data-end=\"879\">funci\u00f3n diestra<\/strong> Cuando la puerta se bloquea en caso de un corte de energ\u00eda, se garantiza que la puerta permanezca cerrada incluso en caso de un corte de energ\u00eda, lo que proporciona mayor seguridad en estos entornos.<\/p>\n<p class=\"\" data-start=\"1024\" data-end=\"1455\">La placa de cierre el\u00e9ctrica est\u00e1 dise\u00f1ada con <strong data-start=\"1057\" data-end=\"1076\">barra de torsi\u00f3n de acero<\/strong> y uno <strong data-start=\"1085\" data-end=\"1110\">carcasa de cerradura de aleaci\u00f3n de zinc<\/strong>, proporcionando durabilidad y resistencia a la corrosi\u00f3n para un uso a largo plazo.<\/p>\n<p class=\"\" data-start=\"1024\" data-end=\"1455\">Es <strong data-start=\"1193\" data-end=\"1229\">resistencia a la rotura de 400 kg (4 kN)<\/strong> lo que lo convierte en una soluci\u00f3n confiable para puertas donde los requisitos de seguridad no son tan altos.<\/p>\n<p class=\"\" data-start=\"1024\" data-end=\"1455\">Esta cerradura el\u00e9ctrica se utiliza principalmente en combinaci\u00f3n con <strong data-start=\"1364\" data-end=\"1398\">cerradura de una hoja o cerradura de dos hojas<\/strong>, lo que lo hace vers\u00e1til para diversas instalaciones de puertas.<\/p>\n<p class=\"\" data-start=\"1457\" data-end=\"1649\">Para proteger los equipos el\u00e9ctricos, como <strong data-start=\"1507\" data-end=\"1517\">bloqueo de c\u00f3digo<\/strong> o <strong data-start=\"1524\" data-end=\"1538\">lector de tarjetas<\/strong>, contra transitorios (picos de tensi\u00f3n), se recomienda que un <strong data-start=\"1596\" data-end=\"1610\">diodo de protecci\u00f3n<\/strong> instalado cerca de la bobina de cierre el\u00e9ctrico.<\/p>\n<p class=\"\" data-start=\"1651\" data-end=\"1843\">La placa de cierre el\u00e9ctrica 514 24V est\u00e1 equipada con <strong data-start=\"1687\" data-end=\"1706\">contacto del pestillo<\/strong>, lo que le permite indicar si la puerta est\u00e1 cerrada o abierta, lo que es una caracter\u00edstica \u00fatil para el monitoreo y control de seguridad.<\/p>\n<p class=\"\" data-start=\"1845\" data-end=\"1875\"><strong data-start=\"1845\" data-end=\"1875\">Caracter\u00edsticas y beneficios clave:<\/strong><\/p>\n<ul data-start=\"1876\" data-end=\"2521\">\n<li class=\"\" data-start=\"1876\" data-end=\"1956\">\n<p class=\"\" data-start=\"1878\" data-end=\"1956\"><strong data-start=\"1878\" data-end=\"1900\">Funci\u00f3n correcta:<\/strong> La puerta se bloquea en caso de corte de energ\u00eda para mayor seguridad.<\/p>\n<\/li>\n<li class=\"\" data-start=\"1957\" data-end=\"2070\">\n<p class=\"\" data-start=\"1959\" data-end=\"2070\"><strong data-start=\"1959\" data-end=\"1979\">Resistencia a la rotura:<\/strong> Puede soportar hasta 400 kg (4 kN), lo que lo hace adecuado para puertas con bajos requisitos de seguridad.<\/p>\n<\/li>\n<li class=\"\" data-start=\"2071\" data-end=\"2162\">\n<p class=\"\" data-start=\"2073\" data-end=\"2162\"><strong data-start=\"2073\" data-end=\"2119\">Cerradura giratoria de acero y carcasa de cerradura de aleaci\u00f3n de zinc:<\/strong> Proporciona durabilidad y resistencia a la corrosi\u00f3n.<\/p>\n<\/li>\n<li class=\"\" data-start=\"2163\" data-end=\"2254\">\n<p class=\"\" data-start=\"2165\" data-end=\"2254\"><strong data-start=\"2165\" data-end=\"2185\">Contacto del \u00e9mbolo de bloqueo:<\/strong> Para indicar si la puerta est\u00e1 cerrada y bloqueada o abierta y desbloqueada.<\/p>\n<\/li>\n<li class=\"\" data-start=\"2255\" data-end=\"2334\">\n<p class=\"\" data-start=\"2257\" data-end=\"2334\"><strong data-start=\"2257\" data-end=\"2276\">Compatibilidad:<\/strong> Se utiliza en combinaci\u00f3n con cerraduras de pestillo simple o doble.<\/p>\n<\/li>\n<li class=\"\" data-start=\"2335\" data-end=\"2399\">\n<p class=\"\" data-start=\"2337\" data-end=\"2399\"><strong data-start=\"2337\" data-end=\"2356\">Eficiencia energ\u00e9tica:<\/strong> Consumo de corriente m\u00e1x. 190 mA a 24 V CC.<\/p>\n<\/li>\n<li class=\"\" data-start=\"2400\" data-end=\"2521\">\n<p class=\"\" data-start=\"2402\" data-end=\"2521\"><strong data-start=\"2402\" data-end=\"2428\">Protecci\u00f3n contra transitorios:<\/strong> Posibilidad de instalar un diodo protector para evitar da\u00f1os en el equipo el\u00e9ctrico.<\/p>\n<\/li>\n<\/ul>\n<p class=\"\" data-start=\"2523\" data-end=\"2831\"><strong data-start=\"2523\" data-end=\"2541\">Compatibilidad:<\/strong> La placa de cierre el\u00e9ctrica 514 24V es compatible con ambos <strong data-start=\"2586\" data-end=\"2601\">cerradura de una sola hoja<\/strong> y <strong data-start=\"2606\" data-end=\"2622\">cerradura de doble hoja<\/strong>, haci\u00e9ndolo vers\u00e1til y adaptable a diferentes sistemas de puertas.<\/p>\n<p class=\"\" data-start=\"2523\" data-end=\"2831\">Es adecuado para puertas que no tienen altos requisitos de seguridad y est\u00e1 dise\u00f1ado para su uso en cerraduras interiores en, por ejemplo, comercios, oficinas e industria.<\/p>\n<p class=\"\" data-start=\"2833\" data-end=\"2856\"><strong data-start=\"2833\" data-end=\"2856\">Requisitos de energ\u00eda:<\/strong><\/p>\n<ul data-start=\"2857\" data-end=\"2974\">\n<li class=\"\" data-start=\"2857\" data-end=\"2885\">\n<p class=\"\" data-start=\"2859\" data-end=\"2885\"><strong data-start=\"2859\" data-end=\"2872\">Voltaje:<\/strong> 24 V CC \u00b110 %<\/p>\n<\/li>\n<li class=\"\" data-start=\"2886\" data-end=\"2918\">\n<p class=\"\" data-start=\"2888\" data-end=\"2918\"><strong data-start=\"2888\" data-end=\"2909\">Consumo de energ\u00eda:<\/strong> 0-190 mA<\/p>\n<\/li>\n<li class=\"\" data-start=\"2919\" data-end=\"2974\">\n<p class=\"\" data-start=\"2921\" data-end=\"2974\"><strong data-start=\"2921\" data-end=\"2938\">Microinterruptor:<\/strong> Conmutador unipolar, m\u00e1x. 30 V CC, 1 A<\/p>\n<\/li>\n<\/ul>","protected":false},"excerpt":{"rendered":"<p>La cerradura el\u00e9ctrica 514 24V de Assa ABLOY es perfecta para puertas con bajos requisitos de seguridad.<\/p>\n<p>Con funci\u00f3n orientada hacia la derecha y resistencia a la rotura de 400 kg, se utiliza principalmente en comercio, oficinas e industria.<\/p>","protected":false},"featured_media":137316,"template":"","meta":{"_acf_changed":false},"product_brand":[],"product_cat":[3355],"product_tag":[4197,4200],"class_list":{"0":"post-92830","1":"product","2":"type-product","3":"status-publish","4":"has-post-thumbnail","6":"product_cat-elslutbleck","7":"product_tag-24v","8":"product_tag-rattvand","9":"product_shipping_class-tunga-paket","10":"pa_brands-abloy","11":"tm-no-options","13":"first","14":"instock","15":"sale","16":"taxable","17":"shipping-taxable","18":"purchasable","19":"product-type-simple"},"acf":[],"_links":{"self":[{"href":"https:\/\/secureus.se\/es\/wp-json\/wp\/v2\/product\/92830","targetHints":{"allow":["GET"]}}],"collection":[{"href":"https:\/\/secureus.se\/es\/wp-json\/wp\/v2\/product"}],"about":[{"href":"https:\/\/secureus.se\/es\/wp-json\/wp\/v2\/types\/product"}],"wp:featuredmedia":[{"embeddable":true,"href":"https:\/\/secureus.se\/es\/wp-json\/wp\/v2\/media\/137316"}],"wp:attachment":[{"href":"https:\/\/secureus.se\/es\/wp-json\/wp\/v2\/media?parent=92830"}],"wp:term":[{"taxonomy":"product_brand","embeddable":true,"href":"https:\/\/secureus.se\/es\/wp-json\/wp\/v2\/product_brand?post=92830"},{"taxonomy":"product_cat","embeddable":true,"href":"https:\/\/secureus.se\/es\/wp-json\/wp\/v2\/product_cat?post=92830"},{"taxonomy":"product_tag","embeddable":true,"href":"https:\/\/secureus.se\/es\/wp-json\/wp\/v2\/product_tag?post=92830"}],"curies":[{"name":"wp","href":"https:\/\/api.w.org\/{rel}","templated":true}]}}