{"id":92833,"date":"2024-06-16T23:12:01","date_gmt":"2024-06-16T21:12:01","guid":{"rendered":"https:\/\/secureus.se\/?post_type=product&#038;p=92833"},"modified":"2026-02-20T11:47:17","modified_gmt":"2026-02-20T10:47:17","slug":"elslutbleck-st900-90-preload","status":"publish","type":"product","link":"https:\/\/secureus.se\/es\/elslutbleck-st900-90-preload\/","title":{"rendered":"Placa final el\u00e9ctrica ST900 (Precarga 90)"},"content":{"rendered":"<h1>Placa final el\u00e9ctrica ST900 (Precarga 90)<\/h1>\n<p class=\"\" data-start=\"668\" data-end=\"1084\">La placa de cierre el\u00e9ctrica ST900 (precarga 90) de STEP es una <strong data-start=\"715\" data-end=\"748\">soluci\u00f3n compacta y potente<\/strong> Para puertas que requieren alta seguridad y flexibilidad.<\/p>\n<p class=\"\" data-start=\"668\" data-end=\"1084\">Con un <strong data-start=\"809\" data-end=\"840\">tecnolog\u00eda de impresi\u00f3n de tiras patentada<\/strong>Esta cerradura el\u00e9ctrica se puede abrir incluso si la puerta est\u00e1 sometida a una presi\u00f3n de hasta <strong data-start=\"916\" data-end=\"926\">250 kilos<\/strong>.<\/p>\n<p class=\"\" data-start=\"668\" data-end=\"1084\">Esto hace que STEP 90 Preload sea una excelente opci\u00f3n para puertas que est\u00e1n frecuentemente expuestas a obst\u00e1culos como grava o nieve en el umbral, o para puertas que est\u00e1n ligeramente torcidas.<\/p>\n<p class=\"\" data-start=\"1086\" data-end=\"1410\">El <strong data-start=\"1090\" data-end=\"1110\">alta resistencia a la rotura<\/strong> en <strong data-start=\"1114\" data-end=\"1133\">1200 kg (12 kN)<\/strong> garantiza que la puerta sea segura y resistente a la tensi\u00f3n, haci\u00e9ndola ideal para entornos con una alta frecuencia de apertura.<\/p>\n<p class=\"\" data-start=\"1086\" data-end=\"1410\">Adem\u00e1s, es <strong data-start=\"1285\" data-end=\"1303\">probado en f\u00e1brica<\/strong> Para soportar hasta <strong data-start=\"1326\" data-end=\"1354\">1.500.000 ciclos de apertura<\/strong>, convirti\u00e9ndola en una soluci\u00f3n confiable y duradera.<\/p>\n<p class=\"\" data-start=\"1412\" data-end=\"1800\">PASO 90 La precarga es <strong data-start=\"1431\" data-end=\"1463\">Resistente al fuego seg\u00fan E\/EI 120<\/strong>, por lo que est\u00e1 certificado para su uso en <strong data-start=\"1509\" data-end=\"1537\">puertas divisorias del compartimento contra incendios<\/strong>, lo cual es una caracter\u00edstica de seguridad importante en muchos edificios.<\/p>\n<p class=\"\" data-start=\"1412\" data-end=\"1800\">Adem\u00e1s, la placa de cierre el\u00e9ctrica tiene un <strong data-start=\"1626\" data-end=\"1645\">funci\u00f3n inversa<\/strong>, lo que significa que la puerta est\u00e1 <strong data-start=\"1676\" data-end=\"1704\">desbloqueado cuando se desenergiza<\/strong>, lo cual es \u00fatil en situaciones de emergencia o cuando es necesario desbloquear la puerta durante un corte de energ\u00eda.<\/p>\n<p class=\"\" data-start=\"1802\" data-end=\"2099\">Otra ventaja de STEP 90 Preload es su <strong data-start=\"1846\" data-end=\"1862\">flexibilidad<\/strong>: es reversible para adaptarse a ambos <strong data-start=\"1898\" data-end=\"1933\">puertas de guillotina derecha e izquierda<\/strong>, y su funci\u00f3n se puede cambiar f\u00e1cilmente desde <strong data-start=\"1976\" data-end=\"1988\">justo<\/strong> a <strong data-start=\"1994\" data-end=\"2004\">contrarrestar<\/strong> durante la instalaci\u00f3n, lo que proporciona menores costos de manipulaci\u00f3n y mayor flexibilidad de instalaci\u00f3n.<\/p>\n<p class=\"\" data-start=\"2101\" data-end=\"2131\"><strong data-start=\"2101\" data-end=\"2131\">Caracter\u00edsticas y beneficios clave:<\/strong><\/p>\n<ul data-start=\"2132\" data-end=\"2853\">\n<li class=\"\" data-start=\"2132\" data-end=\"2207\">\n<p class=\"\" data-start=\"2134\" data-end=\"2207\"><strong data-start=\"2134\" data-end=\"2156\">Funci\u00f3n correcta:<\/strong> La puerta se bloquea en caso de corte de energ\u00eda por seguridad.<\/p>\n<\/li>\n<li class=\"\" data-start=\"2208\" data-end=\"2291\">\n<p class=\"\" data-start=\"2210\" data-end=\"2291\"><strong data-start=\"2210\" data-end=\"2231\">Tecnolog\u00eda de impresi\u00f3n de listas:<\/strong> Soporta hasta 250 kg de presi\u00f3n y abre la puerta a pesar de la presi\u00f3n.<\/p>\n<\/li>\n<li class=\"\" data-start=\"2292\" data-end=\"2369\">\n<p class=\"\" data-start=\"2294\" data-end=\"2369\"><strong data-start=\"2294\" data-end=\"2313\">Alta resistencia a la rotura:<\/strong> 1200 kg (12 kN) para soportar estr\u00e9s f\u00edsico.<\/p>\n<\/li>\n<li class=\"\" data-start=\"2370\" data-end=\"2484\">\n<p class=\"\" data-start=\"2372\" data-end=\"2484\"><strong data-start=\"2372\" data-end=\"2389\">Aprobado para fuego:<\/strong> Certificado de resistencia al fuego seg\u00fan E\/EI 120 para un uso seguro en puertas divisorias de compartimentos contra incendios.<\/p>\n<\/li>\n<li class=\"\" data-start=\"2485\" data-end=\"2562\">\n<p class=\"\" data-start=\"2487\" data-end=\"2562\"><strong data-start=\"2487\" data-end=\"2506\">Probado en f\u00e1brica:<\/strong> Probado durante 1.500.000 ciclos de apertura para una larga vida \u00fatil.<\/p>\n<\/li>\n<li class=\"\" data-start=\"2563\" data-end=\"2694\">\n<p class=\"\" data-start=\"2565\" data-end=\"2694\"><strong data-start=\"2565\" data-end=\"2591\">Instalaci\u00f3n flexible:<\/strong> Se puede utilizar con cerraduras de pestillo simple o doble y es reversible para puertas de apertura derecha e izquierda.<\/p>\n<\/li>\n<li class=\"\" data-start=\"2695\" data-end=\"2772\">\n<p class=\"\" data-start=\"2697\" data-end=\"2772\"><strong data-start=\"2697\" data-end=\"2724\">Protecci\u00f3n contra la manipulaci\u00f3n:<\/strong> A prueba de manipulaciones para evitar acceso no autorizado.<\/p>\n<\/li>\n<li class=\"\" data-start=\"2773\" data-end=\"2853\">\n<p class=\"\" data-start=\"2775\" data-end=\"2853\"><strong data-start=\"2775\" data-end=\"2791\">Contacto del pist\u00f3n:<\/strong> Indica si la puerta est\u00e1 cerrada y bloqueada o abierta y desbloqueada.<\/p>\n<\/li>\n<\/ul>\n<p class=\"\" data-start=\"2855\" data-end=\"3141\"><strong data-start=\"2855\" data-end=\"2873\">Compatibilidad:<\/strong> La placa de cierre el\u00e9ctrica ST900 (precarga 90) es compatible con <strong data-start=\"2924\" data-end=\"2939\">cerradura de una sola hoja<\/strong> y <strong data-start=\"2944\" data-end=\"2960\">cerradura de doble hoja<\/strong>y se adapta tanto a puertas de mano derecha como de mano izquierda. Est\u00e1 dise\u00f1ado para puertas que est\u00e1n sometidas a presi\u00f3n y tienen <strong data-start=\"3068\" data-end=\"3092\">alta frecuencia de apertura<\/strong>, y para uso en puertas divisorias de compartimentos contra incendios.<\/p>\n<p class=\"\" data-start=\"3143\" data-end=\"3166\"><strong data-start=\"3143\" data-end=\"3166\">Requisitos de energ\u00eda:<\/strong><\/p>\n<ul data-start=\"3167\" data-end=\"3336\">\n<li class=\"\" data-start=\"3167\" data-end=\"3211\">\n<p class=\"\" data-start=\"3169\" data-end=\"3211\"><strong data-start=\"3169\" data-end=\"3182\">Voltaje:<\/strong> 12 V o 24 V CC \u00b115 % -10 %<\/p>\n<\/li>\n<li class=\"\" data-start=\"3212\" data-end=\"3267\">\n<p class=\"\" data-start=\"3214\" data-end=\"3267\"><strong data-start=\"3214\" data-end=\"3235\">Consumo de energ\u00eda:<\/strong> 110 mAh a 24 V CC (m\u00e1ximo 300 mA)<\/p>\n<\/li>\n<li class=\"\" data-start=\"3268\" data-end=\"3336\">\n<p class=\"\" data-start=\"3270\" data-end=\"3336\"><strong data-start=\"3270\" data-end=\"3286\">Contacto del pist\u00f3n:<\/strong> Microinterruptor, conmutador unipolar, m\u00e1x. 30 V CC, 1 A<\/p>\n<\/li>\n<\/ul>","protected":false},"excerpt":{"rendered":"<p>Cerradero el\u00e9ctrico ST900 (Precarga 90) de STEP con funci\u00f3n a derechas, resistencia a la rotura 1200 kg y presi\u00f3n de fleje 250 kg.<\/p>\n<p>Apto para fuego seg\u00fan norma E\/EI 120, perfecto para puertas expuestas a presi\u00f3n y altas frecuencias de apertura.<\/p>","protected":false},"featured_media":137100,"template":"","meta":{"_acf_changed":false},"product_brand":[],"product_cat":[3355],"product_tag":[4197],"class_list":{"0":"post-92833","1":"product","2":"type-product","3":"status-publish","4":"has-post-thumbnail","6":"product_cat-elslutbleck","7":"product_tag-24v","8":"product_shipping_class-tunga-paket","9":"pa_brands-step","10":"tm-no-options","12":"first","13":"instock","14":"sale","15":"taxable","16":"shipping-taxable","17":"purchasable","18":"product-type-simple"},"acf":[],"_links":{"self":[{"href":"https:\/\/secureus.se\/es\/wp-json\/wp\/v2\/product\/92833","targetHints":{"allow":["GET"]}}],"collection":[{"href":"https:\/\/secureus.se\/es\/wp-json\/wp\/v2\/product"}],"about":[{"href":"https:\/\/secureus.se\/es\/wp-json\/wp\/v2\/types\/product"}],"wp:featuredmedia":[{"embeddable":true,"href":"https:\/\/secureus.se\/es\/wp-json\/wp\/v2\/media\/137100"}],"wp:attachment":[{"href":"https:\/\/secureus.se\/es\/wp-json\/wp\/v2\/media?parent=92833"}],"wp:term":[{"taxonomy":"product_brand","embeddable":true,"href":"https:\/\/secureus.se\/es\/wp-json\/wp\/v2\/product_brand?post=92833"},{"taxonomy":"product_cat","embeddable":true,"href":"https:\/\/secureus.se\/es\/wp-json\/wp\/v2\/product_cat?post=92833"},{"taxonomy":"product_tag","embeddable":true,"href":"https:\/\/secureus.se\/es\/wp-json\/wp\/v2\/product_tag?post=92833"}],"curies":[{"name":"wp","href":"https:\/\/api.w.org\/{rel}","templated":true}]}}