{"id":92835,"date":"2024-06-16T23:12:01","date_gmt":"2024-06-16T21:12:01","guid":{"rendered":"https:\/\/secureus.se\/?post_type=product&#038;p=92835"},"modified":"2026-02-20T11:51:21","modified_gmt":"2026-02-20T10:51:21","slug":"elslutbleck-60-st601","status":"publish","type":"product","link":"https:\/\/secureus.se\/es\/elslutbleck-60-st601\/","title":{"rendered":"Cerradero el\u00e9ctrico 60 ST601"},"content":{"rendered":"<h1>Cerradero el\u00e9ctrico 60 ST601<\/h1>\n<p class=\"\" data-start=\"686\" data-end=\"1157\">La placa de cierre el\u00e9ctrica 60 ST601 de STEP forma parte de la familia STEP <strong data-start=\"736\" data-end=\"752\">Serie muda<\/strong>, lo que significa que ofrece una <strong data-start=\"789\" data-end=\"833\">Apertura y cierre casi silenciosos.<\/strong> gracias a la patente <strong data-start=\"860\" data-end=\"884\">Tecnolog\u00eda STEP Silent<\/strong>.<\/p>\n<p class=\"\" data-start=\"686\" data-end=\"1157\">Esto hace que STEP 60 Silent sea la elecci\u00f3n perfecta para puertas que se usan con frecuencia, donde un <strong data-start=\"975\" data-end=\"997\">nivel de ruido reducido<\/strong> es deseable, como en escuelas, oficinas y hospitales.<\/p>\n<p class=\"\" data-start=\"686\" data-end=\"1157\">El <strong data-start=\"1060\" data-end=\"1073\">paseo suave<\/strong> y <strong data-start=\"1078\" data-end=\"1099\">funci\u00f3n silenciosa<\/strong> Ayuda a crear un ambiente de puerta mejor y m\u00e1s c\u00f3modo.<\/p>\n<p class=\"\" data-start=\"1159\" data-end=\"1592\">Con un impresionante <strong data-start=\"1178\" data-end=\"1211\">resistencia a la rotura de 1600 kg (16 kN)<\/strong> y uno <strong data-start=\"1219\" data-end=\"1252\">Capacidad de presi\u00f3n de tira de 100 kg<\/strong>, la placa de cierre el\u00e9ctrica garantiza <strong data-start=\"1279\" data-end=\"1295\">alta seguridad<\/strong> y fiabilidad operativa incluso en condiciones extremas.<\/p>\n<p class=\"\" data-start=\"1159\" data-end=\"1592\">Tambi\u00e9n est\u00e1 dise\u00f1ado para abrirse sin problemas incluso si la puerta est\u00e1 expuesta a presi\u00f3n, por ejemplo, de nieve, grava o si la puerta est\u00e1 torcida. El patentado <strong data-start=\"1499\" data-end=\"1521\">la t\u00e9cnica de impresi\u00f3n de listas<\/strong> permite que la puerta se desbloquee incluso si est\u00e1 sometida a presi\u00f3n.<\/p>\n<p class=\"\" data-start=\"1594\" data-end=\"1917\">Placa de cierre el\u00e9ctrica 60 ST601 tiene <strong data-start=\"1619\" data-end=\"1638\">funci\u00f3n inversa<\/strong>, lo que significa que la puerta se desbloquea en el estado desenergizado, lo que es ideal para usar donde la puerta debe permanecer abierta en caso de emergencia o corte de energ\u00eda.<\/p>\n<p class=\"\" data-start=\"1594\" data-end=\"1917\">Es <strong data-start=\"1810\" data-end=\"1826\">resistente al fuego<\/strong> de acuerdo a <strong data-start=\"1834\" data-end=\"1846\">E\/EI 120<\/strong>, por lo que est\u00e1 certificado para su uso en puertas divisorias de compartimentos contra incendios.<\/p>\n<p class=\"\" data-start=\"1919\" data-end=\"1949\"><strong data-start=\"1919\" data-end=\"1949\">Caracter\u00edsticas y beneficios clave:<\/strong><\/p>\n<ul data-start=\"1950\" data-end=\"2568\">\n<li class=\"\" data-start=\"1950\" data-end=\"2034\">\n<p class=\"\" data-start=\"1952\" data-end=\"2034\"><strong data-start=\"1952\" data-end=\"1973\">Tecnolog\u00eda de impresi\u00f3n de listas:<\/strong> Soporta hasta 100 kg de presi\u00f3n y abre la puerta a pesar de los obst\u00e1culos.<\/p>\n<\/li>\n<li class=\"\" data-start=\"2035\" data-end=\"2130\">\n<p class=\"\" data-start=\"2037\" data-end=\"2130\"><strong data-start=\"2037\" data-end=\"2068\">Resistencia a la rotura de 1600 kg (16 kN):<\/strong> Proporciona una seguridad muy alta para puertas expuestas a esfuerzos.<\/p>\n<\/li>\n<li class=\"\" data-start=\"2131\" data-end=\"2231\">\n<p class=\"\" data-start=\"2133\" data-end=\"2231\"><strong data-start=\"2133\" data-end=\"2156\">Funcionamiento suave y silencioso:<\/strong> Tecnolog\u00eda patentada que hace que la apertura y cierre de la puerta sea casi silenciosa.<\/p>\n<\/li>\n<li class=\"\" data-start=\"2232\" data-end=\"2298\">\n<p class=\"\" data-start=\"2234\" data-end=\"2298\"><strong data-start=\"2234\" data-end=\"2251\">Aprobado para fuego:<\/strong> Certificado de resistencia al fuego seg\u00fan E\/EI 120.<\/p>\n<\/li>\n<li class=\"\" data-start=\"2299\" data-end=\"2401\">\n<p class=\"\" data-start=\"2301\" data-end=\"2401\"><strong data-start=\"2301\" data-end=\"2321\">Funci\u00f3n inversa:<\/strong> La puerta se desbloquea cuando se desenergiza, lo que la hace adecuada para situaciones de emergencia.<\/p>\n<\/li>\n<li class=\"\" data-start=\"2402\" data-end=\"2489\">\n<p class=\"\" data-start=\"2404\" data-end=\"2489\"><strong data-start=\"2404\" data-end=\"2420\">Contacto del pist\u00f3n:<\/strong> Para indicar si la puerta est\u00e1 cerrada y bloqueada o abierta y desbloqueada.<\/p>\n<\/li>\n<li class=\"\" data-start=\"2490\" data-end=\"2568\">\n<p class=\"\" data-start=\"2492\" data-end=\"2568\"><strong data-start=\"2492\" data-end=\"2517\">Alta resistencia a la intrusi\u00f3n:<\/strong> A prueba de manipulaciones y protegido contra manipulaci\u00f3n no autorizada.<\/p>\n<\/li>\n<\/ul>\n<p class=\"\" data-start=\"2570\" data-end=\"2812\"><strong data-start=\"2570\" data-end=\"2588\">Compatibilidad:<\/strong> La placa de cierre el\u00e9ctrica 60 ST601 est\u00e1 dise\u00f1ada para <strong data-start=\"2626\" data-end=\"2641\">cerradura de una sola hoja<\/strong> y <strong data-start=\"2646\" data-end=\"2662\">cerradura de doble hoja<\/strong> y se adapta a ambos <strong data-start=\"2679\" data-end=\"2714\">puertas de guillotina derecha e izquierda<\/strong>. Es especialmente \u00fatil para puertas con <strong data-start=\"2758\" data-end=\"2772\">alto tr\u00e1fico<\/strong> o all\u00ed <strong data-start=\"2783\" data-end=\"2799\">bajo nivel de ruido<\/strong> es un requisito<\/p>\n<p class=\"\" data-start=\"2814\" data-end=\"2837\"><strong data-start=\"2814\" data-end=\"2837\">Requisitos de energ\u00eda:<\/strong><\/p>\n<ul data-start=\"2838\" data-end=\"3010\">\n<li class=\"\" data-start=\"2838\" data-end=\"2882\">\n<p class=\"\" data-start=\"2840\" data-end=\"2882\"><strong data-start=\"2840\" data-end=\"2853\">Voltaje:<\/strong> 12 V o 24 V CC \u00b115 % -10 %<\/p>\n<\/li>\n<li class=\"\" data-start=\"2883\" data-end=\"2942\">\n<p class=\"\" data-start=\"2885\" data-end=\"2942\"><strong data-start=\"2885\" data-end=\"2906\">Consumo de energ\u00eda:<\/strong> M\u00e1x. 250 mA a 24 V CC, 121 mA desbloqueado<\/p>\n<\/li>\n<li class=\"\" data-start=\"2943\" data-end=\"3010\">\n<p class=\"\" data-start=\"2945\" data-end=\"3010\"><strong data-start=\"2945\" data-end=\"2961\">Contacto del pist\u00f3n:<\/strong> Microinterruptor, conmutador unipolar, m\u00e1x. 30 V CC, 1 A<\/p>\n<\/li>\n<\/ul>","protected":false},"excerpt":{"rendered":"<p>Cerradero el\u00e9ctrico 60 ST601, equipado con tecnolog\u00eda de presi\u00f3n de banda y resistencia a la rotura de 1600 kg, ofrece un funcionamiento suave y silencioso.<\/p>\n<p>Resistente al fuego seg\u00fan E\/EI 120, perfecto para puertas con mucho tr\u00e1fico en, por ejemplo, escuelas, oficinas y hospitales.<\/p>","protected":false},"featured_media":137574,"template":"","meta":{"_acf_changed":false},"product_brand":[],"product_cat":[3355],"product_tag":[4197,4202],"class_list":{"0":"post-92835","1":"product","2":"type-product","3":"status-publish","4":"has-post-thumbnail","6":"product_cat-elslutbleck","7":"product_tag-24v","8":"product_tag-omstallbar-rattvand-omvand","9":"product_shipping_class-tunga-paket","10":"pa_brands-step","11":"tm-no-options","13":"first","14":"instock","15":"sale","16":"taxable","17":"shipping-taxable","18":"purchasable","19":"product-type-simple"},"acf":[],"_links":{"self":[{"href":"https:\/\/secureus.se\/es\/wp-json\/wp\/v2\/product\/92835","targetHints":{"allow":["GET"]}}],"collection":[{"href":"https:\/\/secureus.se\/es\/wp-json\/wp\/v2\/product"}],"about":[{"href":"https:\/\/secureus.se\/es\/wp-json\/wp\/v2\/types\/product"}],"wp:featuredmedia":[{"embeddable":true,"href":"https:\/\/secureus.se\/es\/wp-json\/wp\/v2\/media\/137574"}],"wp:attachment":[{"href":"https:\/\/secureus.se\/es\/wp-json\/wp\/v2\/media?parent=92835"}],"wp:term":[{"taxonomy":"product_brand","embeddable":true,"href":"https:\/\/secureus.se\/es\/wp-json\/wp\/v2\/product_brand?post=92835"},{"taxonomy":"product_cat","embeddable":true,"href":"https:\/\/secureus.se\/es\/wp-json\/wp\/v2\/product_cat?post=92835"},{"taxonomy":"product_tag","embeddable":true,"href":"https:\/\/secureus.se\/es\/wp-json\/wp\/v2\/product_tag?post=92835"}],"curies":[{"name":"wp","href":"https:\/\/api.w.org\/{rel}","templated":true}]}}