{"id":92839,"date":"2024-06-16T23:12:01","date_gmt":"2024-06-16T21:12:01","guid":{"rendered":"https:\/\/secureus.se\/?post_type=product&#038;p=92839"},"modified":"2026-02-20T11:51:18","modified_gmt":"2026-02-20T10:51:18","slug":"elslutbleck-st401-step-40-preload-omvand","status":"publish","type":"product","link":"https:\/\/secureus.se\/es\/elslutbleck-st401-step-40-preload-omvand\/","title":{"rendered":"Cerradero el\u00e9ctrico ST401 PASO 40 Precarga Inversa"},"content":{"rendered":"<h1>Cerradero el\u00e9ctrico ST401 PASO 40 Precarga Inversa<\/h1>\n<p class=\"\" data-start=\"697\" data-end=\"1191\">El cerradero el\u00e9ctrico ST401 STEP 40 Precarga Inversa 24V de STEP est\u00e1 dise\u00f1ado para ofrecer un alto nivel de seguridad y flexibilidad para puertas con requisitos de seguridad normales.<\/p>\n<p class=\"\" data-start=\"697\" data-end=\"1191\">Equipado con el sistema patentado <strong data-start=\"888\" data-end=\"910\">la t\u00e9cnica de impresi\u00f3n de listas<\/strong> De STEP, este abrepuertas el\u00e9ctrico garantiza que la puerta se pueda abrir incluso si est\u00e1 sometida a una presi\u00f3n de hasta <strong data-start=\"1021\" data-end=\"1031\">250 kilos<\/strong>, lo que lo convierte en una opci\u00f3n confiable para puertas que a menudo est\u00e1n sujetas a presi\u00f3n, como puertas que est\u00e1n ligeramente torcidas o tienen grava o nieve en el umbral.<\/p>\n<p class=\"\" data-start=\"1193\" data-end=\"1559\">El <strong data-start=\"1197\" data-end=\"1219\">funci\u00f3n inversa<\/strong> significa que la puerta se desbloquea en caso de un corte de energ\u00eda, lo que es ideal para aplicaciones donde la puerta debe permanecer abierta durante un corte de energ\u00eda, como emergencias.<\/p>\n<p class=\"\" data-start=\"1193\" data-end=\"1559\">Esto hace que STEP 40 Preload sea una soluci\u00f3n muy flexible y es f\u00e1cil cambiar de <strong data-start=\"1472\" data-end=\"1505\">funci\u00f3n de avance a retroceso<\/strong> durante la instalaci\u00f3n, lo que reduce los costes de manipulaci\u00f3n.<\/p>\n<p class=\"\" data-start=\"1561\" data-end=\"1904\">Con un impresionante <strong data-start=\"1580\" data-end=\"1613\">resistencia a la rotura de 1200 kg (12 kN)<\/strong> y uno <strong data-start=\"1621\" data-end=\"1668\">Est\u00e1ndar de f\u00e1brica de 1.500.000 ciclos de apertura<\/strong>La precarga STEP 40 es duradera y confiable, incluso en entornos con alta frecuencia de apertura.<\/p>\n<p class=\"\" data-start=\"1561\" data-end=\"1904\">La placa de cierre el\u00e9ctrica tambi\u00e9n es <strong data-start=\"1782\" data-end=\"1797\">a prueba de manipulaciones<\/strong>, lo que significa que es a prueba de manipulaciones y proporciona seguridad adicional contra el acceso no autorizado.<\/p>\n<p class=\"\" data-start=\"1906\" data-end=\"2158\">PASO 40 La precarga es <strong data-start=\"1925\" data-end=\"1978\">Compatible con cerraduras de pestillo simple y doble<\/strong>, lo que proporciona un alto grado de flexibilidad y adaptabilidad dependiendo del sistema de puerta.<\/p>\n<p class=\"\" data-start=\"1906\" data-end=\"2158\">Tambi\u00e9n lo es <strong data-start=\"2075\" data-end=\"2089\">reversible<\/strong>, lo que lo hace \u00fatil tanto para puertas con bisagras hacia la derecha como hacia la izquierda.<\/p>\n<p class=\"\" data-start=\"2160\" data-end=\"2190\"><strong data-start=\"2160\" data-end=\"2190\">Caracter\u00edsticas y beneficios clave:<\/strong><\/p>\n<ul data-start=\"2191\" data-end=\"2866\">\n<li class=\"\" data-start=\"2191\" data-end=\"2316\">\n<p class=\"\" data-start=\"2193\" data-end=\"2316\"><strong data-start=\"2193\" data-end=\"2213\">Funci\u00f3n inversa:<\/strong> Se desbloquea en caso de un corte de energ\u00eda, lo que lo hace adecuado para puertas que necesitan permanecer abiertas durante un corte de energ\u00eda.<\/p>\n<\/li>\n<li class=\"\" data-start=\"2317\" data-end=\"2420\">\n<p class=\"\" data-start=\"2319\" data-end=\"2420\"><strong data-start=\"2319\" data-end=\"2340\">Tecnolog\u00eda de impresi\u00f3n de listas:<\/strong> Soporta hasta 250 kg de presi\u00f3n, lo que evita tiempos de inactividad cuando se aplica presi\u00f3n a la puerta.<\/p>\n<\/li>\n<li class=\"\" data-start=\"2421\" data-end=\"2500\">\n<p class=\"\" data-start=\"2423\" data-end=\"2500\"><strong data-start=\"2423\" data-end=\"2442\">Alta resistencia a la rotura:<\/strong> 1200 kg (12 kN), lo que proporciona una protecci\u00f3n robusta contra robos.<\/p>\n<\/li>\n<li class=\"\" data-start=\"2501\" data-end=\"2607\">\n<p class=\"\" data-start=\"2503\" data-end=\"2607\"><strong data-start=\"2503\" data-end=\"2522\">Probado en f\u00e1brica:<\/strong> Probado hasta 1.500.000 ciclos de apertura para garantizar un funcionamiento duradero.<\/p>\n<\/li>\n<li class=\"\" data-start=\"2608\" data-end=\"2674\">\n<p class=\"\" data-start=\"2610\" data-end=\"2674\"><strong data-start=\"2610\" data-end=\"2626\">Contacto del pist\u00f3n:<\/strong> Para indicar el estado de la puerta (cerrada\/abierta).<\/p>\n<\/li>\n<li class=\"\" data-start=\"2675\" data-end=\"2727\">\n<p class=\"\" data-start=\"2677\" data-end=\"2727\"><strong data-start=\"2677\" data-end=\"2693\">A prueba de golpes:<\/strong> Previene la manipulaci\u00f3n no autorizada.<\/p>\n<\/li>\n<li class=\"\" data-start=\"2728\" data-end=\"2787\">\n<p class=\"\" data-start=\"2730\" data-end=\"2787\"><strong data-start=\"2730\" data-end=\"2742\">Reversible:<\/strong> Se adapta tanto a puertas de mano derecha como de mano izquierda.<\/p>\n<\/li>\n<li class=\"\" data-start=\"2788\" data-end=\"2866\">\n<p class=\"\" data-start=\"2790\" data-end=\"2866\"><strong data-start=\"2790\" data-end=\"2805\">Diodo de protecci\u00f3n:<\/strong> Diodo de protecci\u00f3n incorporado para evitar da\u00f1os a la electr\u00f3nica.<\/p>\n<\/li>\n<\/ul>\n<p class=\"\" data-start=\"2868\" data-end=\"3159\"><strong data-start=\"2868\" data-end=\"2886\">Compatibilidad:<\/strong> Cerradura el\u00e9ctrica ST401 PASO 40 Precarga inversa se adapta a ambos <strong data-start=\"2940\" data-end=\"2955\">cerradura de una sola hoja<\/strong> y <strong data-start=\"2960\" data-end=\"2976\">cerradura de doble hoja<\/strong>y se puede instalar tanto en puertas con bisagras hacia la derecha como hacia la izquierda.<\/p>\n<p class=\"\" data-start=\"2868\" data-end=\"3159\">Es especialmente \u00fatil para puertas con requisitos de seguridad normales y para aplicaciones donde se requiere una alta frecuencia de apertura.<\/p>\n<p class=\"\" data-start=\"3161\" data-end=\"3184\"><strong data-start=\"3161\" data-end=\"3184\">Requisitos de energ\u00eda:<\/strong><\/p>\n<ul data-start=\"3185\" data-end=\"3354\">\n<li class=\"\" data-start=\"3185\" data-end=\"3229\">\n<p class=\"\" data-start=\"3187\" data-end=\"3229\"><strong data-start=\"3187\" data-end=\"3200\">Voltaje:<\/strong> 12 V o 24 V CC \u00b115 % -10 %<\/p>\n<\/li>\n<li class=\"\" data-start=\"3230\" data-end=\"3285\">\n<p class=\"\" data-start=\"3232\" data-end=\"3285\"><strong data-start=\"3232\" data-end=\"3253\">Consumo de energ\u00eda:<\/strong> 110 mAh a 24 V CC (m\u00e1ximo 300 mA)<\/p>\n<\/li>\n<li class=\"\" data-start=\"3286\" data-end=\"3354\">\n<p class=\"\" data-start=\"3288\" data-end=\"3354\"><strong data-start=\"3288\" data-end=\"3304\">Contacto del pist\u00f3n:<\/strong> Microinterruptor, conmutador unipolar, m\u00e1x. 30 V CC, 1 A<\/p>\n<\/li>\n<\/ul>","protected":false},"excerpt":{"rendered":"<p>Cerradero el\u00e9ctrico ST401 STEP 40 Precarga Inversa 24V con tecnolog\u00eda de presi\u00f3n de banda, contacto de pist\u00f3n y alta resistencia a la rotura (1200 kg).<\/p>\n<p>Funci\u00f3n inversa y alta confiabilidad operativa para puertas con requisitos de seguridad normales.<\/p>","protected":false},"featured_media":137563,"template":"","meta":{"_acf_changed":false},"product_brand":[],"product_cat":[3355],"product_tag":[4197,4201],"class_list":{"0":"post-92839","1":"product","2":"type-product","3":"status-publish","4":"has-post-thumbnail","6":"product_cat-elslutbleck","7":"product_tag-24v","8":"product_tag-omvand","9":"product_shipping_class-tunga-paket","10":"pa_brands-step","11":"tm-no-options","13":"first","14":"instock","15":"sale","16":"taxable","17":"shipping-taxable","18":"purchasable","19":"product-type-simple"},"acf":[],"_links":{"self":[{"href":"https:\/\/secureus.se\/es\/wp-json\/wp\/v2\/product\/92839","targetHints":{"allow":["GET"]}}],"collection":[{"href":"https:\/\/secureus.se\/es\/wp-json\/wp\/v2\/product"}],"about":[{"href":"https:\/\/secureus.se\/es\/wp-json\/wp\/v2\/types\/product"}],"wp:featuredmedia":[{"embeddable":true,"href":"https:\/\/secureus.se\/es\/wp-json\/wp\/v2\/media\/137563"}],"wp:attachment":[{"href":"https:\/\/secureus.se\/es\/wp-json\/wp\/v2\/media?parent=92839"}],"wp:term":[{"taxonomy":"product_brand","embeddable":true,"href":"https:\/\/secureus.se\/es\/wp-json\/wp\/v2\/product_brand?post=92839"},{"taxonomy":"product_cat","embeddable":true,"href":"https:\/\/secureus.se\/es\/wp-json\/wp\/v2\/product_cat?post=92839"},{"taxonomy":"product_tag","embeddable":true,"href":"https:\/\/secureus.se\/es\/wp-json\/wp\/v2\/product_tag?post=92839"}],"curies":[{"name":"wp","href":"https:\/\/api.w.org\/{rel}","templated":true}]}}