{"id":92841,"date":"2024-06-16T23:12:01","date_gmt":"2024-06-16T21:12:01","guid":{"rendered":"https:\/\/secureus.se\/?post_type=product&#038;p=92841"},"modified":"2026-02-20T11:43:47","modified_gmt":"2026-02-20T10:43:47","slug":"elslutbleck-71-24v-standard-solid","status":"publish","type":"product","link":"https:\/\/secureus.se\/es\/elslutbleck-71-24v-standard-solid\/","title":{"rendered":"Placa final el\u00e9ctrica 71 24 V Est\u00e1ndar S\u00f3lida"},"content":{"rendered":"<h1>Placa final el\u00e9ctrica 71 24 V Est\u00e1ndar S\u00f3lida<\/h1>\n<p class=\"\" data-start=\"696\" data-end=\"1009\">El cerradero el\u00e9ctrico 71 24V Standard Solid de Assa ABLOY es un cerradero el\u00e9ctrico robusto y confiable que se adapta a puertas con <strong data-start=\"808\" data-end=\"844\">requisitos de seguridad normales<\/strong>.<\/p>\n<p class=\"\" data-start=\"696\" data-end=\"1009\">Es ideal para su uso como cierre diurno en protecci\u00f3n de carcasas y cierre interior en comercios, oficinas, industria, as\u00ed como en entradas y zonas p\u00fablicas de edificios de viviendas.<\/p>\n<p class=\"\" data-start=\"1011\" data-end=\"1405\">El <strong data-start=\"1015\" data-end=\"1037\">funci\u00f3n inversa<\/strong> hace que la puerta se desbloquee en caso de un corte de energ\u00eda, lo que es \u00fatil en aplicaciones donde es necesario desbloquear la puerta en ausencia de energ\u00eda, por ejemplo en situaciones de emergencia.<\/p>\n<p class=\"\" data-start=\"1011\" data-end=\"1405\">La placa de cierre el\u00e9ctrica tambi\u00e9n est\u00e1 dise\u00f1ada para su uso en <strong data-start=\"1253\" data-end=\"1281\">puertas divisorias del compartimento contra incendios<\/strong>, cuando se instala en combinaci\u00f3n con el poste y la carcasa de la cerradura adecuados, lo convierte en una buena opci\u00f3n para edificios con requisitos contra incendios.<\/p>\n<p class=\"\" data-start=\"1407\" data-end=\"1824\">La placa de cierre el\u00e9ctrica tiene <strong data-start=\"1425\" data-end=\"1445\">caja giratoria de bronce<\/strong> y uno <strong data-start=\"1454\" data-end=\"1479\">carcasa de cerradura de aleaci\u00f3n de zinc<\/strong>, lo que proporciona una construcci\u00f3n duradera y resistente a la corrosi\u00f3n.<\/p>\n<p class=\"\" data-start=\"1407\" data-end=\"1824\">Con un <strong data-start=\"1548\" data-end=\"1584\">resistencia a la rotura de 700 kg (7 kN)<\/strong> Es capaz de soportar tensiones y brindar seguridad en puertas que est\u00e1n expuestas a un uso frecuente.<\/p>\n<p class=\"\" data-start=\"1407\" data-end=\"1824\">Tambi\u00e9n est\u00e1 dise\u00f1ado para ser <strong data-start=\"1724\" data-end=\"1748\">Resistente a golpes y vibraciones<\/strong>, lo que lo convierte en una opci\u00f3n confiable para puertas en entornos de alto tr\u00e1fico.<\/p>\n<p class=\"\" data-start=\"1826\" data-end=\"1856\"><strong data-start=\"1826\" data-end=\"1856\">Caracter\u00edsticas y beneficios clave:<\/strong><\/p>\n<ul data-start=\"1857\" data-end=\"2430\">\n<li class=\"\" data-start=\"1857\" data-end=\"1970\">\n<p class=\"\" data-start=\"1859\" data-end=\"1970\"><strong data-start=\"1859\" data-end=\"1879\">Funci\u00f3n inversa:<\/strong> Se desbloquea en caso de un corte de energ\u00eda para garantizar que la puerta permanezca abierta en caso de un corte de energ\u00eda.<\/p>\n<\/li>\n<li class=\"\" data-start=\"1971\" data-end=\"2061\">\n<p class=\"\" data-start=\"1973\" data-end=\"2061\"><strong data-start=\"1973\" data-end=\"1993\">Resistencia a la rotura:<\/strong> Soporta hasta 700 kg (7 kN) para soportar estr\u00e9s f\u00edsico.<\/p>\n<\/li>\n<li class=\"\" data-start=\"2062\" data-end=\"2177\">\n<p class=\"\" data-start=\"2064\" data-end=\"2177\"><strong data-start=\"2064\" data-end=\"2089\">Adaptaci\u00f3n de la c\u00e9lula de fuego:<\/strong> Se puede utilizar en puertas con compartimentos contra incendios cuando se instala con el poste y la carcasa de la cerradura correctos.<\/p>\n<\/li>\n<li class=\"\" data-start=\"2178\" data-end=\"2250\">\n<p class=\"\" data-start=\"2180\" data-end=\"2250\"><strong data-start=\"2180\" data-end=\"2201\">Torsi\u00f3n en bronce:<\/strong> Para una mayor durabilidad y resistencia a la corrosi\u00f3n.<\/p>\n<\/li>\n<li class=\"\" data-start=\"2251\" data-end=\"2328\">\n<p class=\"\" data-start=\"2253\" data-end=\"2328\"><strong data-start=\"2253\" data-end=\"2270\">Alta seguridad:<\/strong> Construcci\u00f3n resistente a impactos y golpes para un rendimiento duradero.<\/p>\n<\/li>\n<li class=\"\" data-start=\"2329\" data-end=\"2430\">\n<p class=\"\" data-start=\"2331\" data-end=\"2430\"><strong data-start=\"2331\" data-end=\"2350\">Compatibilidad:<\/strong> Se adapta tanto a cerraduras de una como de dos hojas, as\u00ed como a puertas de apertura derecha e izquierda.<\/p>\n<\/li>\n<\/ul>\n<p class=\"\" data-start=\"2432\" data-end=\"2719\"><strong data-start=\"2432\" data-end=\"2450\">Compatibilidad:<\/strong> Cerradero el\u00e9ctrico 71 24V Standard Solid est\u00e1 dise\u00f1ado para su uso en puertas con <strong data-start=\"2527\" data-end=\"2542\">cerradura de una sola hoja<\/strong> o <strong data-start=\"2549\" data-end=\"2565\">cerradura de doble hoja<\/strong> y se adapta tanto a puertas de mano derecha como de mano izquierda.<\/p>\n<p class=\"\" data-start=\"2432\" data-end=\"2719\">Su funci\u00f3n inversa lo hace \u00fatil para aplicaciones donde la puerta debe desbloquearse en un estado desenergizado.<\/p>\n<p class=\"\" data-start=\"2721\" data-end=\"2744\"><strong data-start=\"2721\" data-end=\"2744\">Requisitos de energ\u00eda:<\/strong><\/p>\n<ul data-start=\"2745\" data-end=\"2885\">\n<li class=\"\" data-start=\"2745\" data-end=\"2786\">\n<p class=\"\" data-start=\"2747\" data-end=\"2786\"><strong data-start=\"2747\" data-end=\"2760\">Voltaje:<\/strong> 12 V o 24 V CA\/CC \u00b110 %<\/p>\n<\/li>\n<li class=\"\" data-start=\"2787\" data-end=\"2828\">\n<p class=\"\" data-start=\"2789\" data-end=\"2828\"><strong data-start=\"2789\" data-end=\"2810\">Consumo de energ\u00eda:<\/strong> 140 mA a 24 V CC<\/p>\n<\/li>\n<li class=\"\" data-start=\"2829\" data-end=\"2885\">\n<p class=\"\" data-start=\"2831\" data-end=\"2885\"><strong data-start=\"2831\" data-end=\"2848\">Microinterruptor:<\/strong> Conmutador unipolar, m\u00e1x. 30 V CC, 1 A<\/p>\n<\/li>\n<\/ul>","protected":false},"excerpt":{"rendered":"<p>Cerradura el\u00e9ctrica 71 24V Standard Solid de Assa ABLOY se adapta a puertas con requisitos de seguridad normales y tiene funci\u00f3n inversa (se desbloquea en caso de corte de energ\u00eda).<\/p>\n<p>Con una resistencia a la rotura de 700 kg y utilizable para puertas divisorias de compartimentos cortafuegos.<\/p>","protected":false},"featured_media":137083,"template":"","meta":{"_acf_changed":false},"product_brand":[],"product_cat":[3355],"product_tag":[4197,4201],"class_list":{"0":"post-92841","1":"product","2":"type-product","3":"status-publish","4":"has-post-thumbnail","6":"product_cat-elslutbleck","7":"product_tag-24v","8":"product_tag-omvand","9":"product_shipping_class-tunga-paket","10":"pa_brands-abloy","11":"tm-no-options","13":"first","14":"outofstock","15":"sale","16":"taxable","17":"shipping-taxable","18":"purchasable","19":"product-type-simple"},"acf":[],"_links":{"self":[{"href":"https:\/\/secureus.se\/es\/wp-json\/wp\/v2\/product\/92841","targetHints":{"allow":["GET"]}}],"collection":[{"href":"https:\/\/secureus.se\/es\/wp-json\/wp\/v2\/product"}],"about":[{"href":"https:\/\/secureus.se\/es\/wp-json\/wp\/v2\/types\/product"}],"wp:featuredmedia":[{"embeddable":true,"href":"https:\/\/secureus.se\/es\/wp-json\/wp\/v2\/media\/137083"}],"wp:attachment":[{"href":"https:\/\/secureus.se\/es\/wp-json\/wp\/v2\/media?parent=92841"}],"wp:term":[{"taxonomy":"product_brand","embeddable":true,"href":"https:\/\/secureus.se\/es\/wp-json\/wp\/v2\/product_brand?post=92841"},{"taxonomy":"product_cat","embeddable":true,"href":"https:\/\/secureus.se\/es\/wp-json\/wp\/v2\/product_cat?post=92841"},{"taxonomy":"product_tag","embeddable":true,"href":"https:\/\/secureus.se\/es\/wp-json\/wp\/v2\/product_tag?post=92841"}],"curies":[{"name":"wp","href":"https:\/\/api.w.org\/{rel}","templated":true}]}}