{"id":92843,"date":"2024-06-16T23:12:01","date_gmt":"2024-06-16T21:12:01","guid":{"rendered":"https:\/\/secureus.se\/?post_type=product&#038;p=92843"},"modified":"2026-02-20T11:47:07","modified_gmt":"2026-02-20T10:47:07","slug":"elslutbleck-step-60-st600-silent-24v","status":"publish","type":"product","link":"https:\/\/secureus.se\/es\/elslutbleck-step-60-st600-silent-24v\/","title":{"rendered":"Placa de terminaci\u00f3n el\u00e9ctrica STEP 60 ST600 Silent 24V"},"content":{"rendered":"<h1>Cerradero el\u00e9ctrico STEP 60 ST600 Silent 24V \u2013 Funcionamiento correcto<\/h1>\n<p class=\"\" data-start=\"734\" data-end=\"1156\">La cerradura el\u00e9ctrica STEP 60 Silent 24V es parte de la serie Silent de STEP y ofrece una soluci\u00f3n \u00fanica para puertas que requieren alta seguridad y bajos niveles de ruido.<\/p>\n<p class=\"\" data-start=\"734\" data-end=\"1156\">El patentado <strong data-start=\"900\" data-end=\"924\">Tecnolog\u00eda STEP Silent<\/strong> garantiza que la puerta se abra y se cierre con un <strong data-start=\"974\" data-end=\"988\">paseo suave<\/strong> y casi <strong data-start=\"1000\" data-end=\"1020\">funci\u00f3n silenciosa<\/strong>, lo que lo hace perfecto para su uso en entornos donde se desean niveles de ruido reducidos, como oficinas, escuelas, hospitales y edificios de apartamentos.<\/p>\n<p class=\"\" data-start=\"1158\" data-end=\"1547\">Con un <strong data-start=\"1165\" data-end=\"1203\">resistencia a la rotura de 1600 kg (16 kN)<\/strong> y uno <strong data-start=\"1211\" data-end=\"1244\">Capacidad de presi\u00f3n de tira de 100 kg<\/strong>STEP 60 Silent garantiza una soluci\u00f3n robusta y segura para puertas que est\u00e1n expuestas a presi\u00f3n u obst\u00e1culos, como nieve o grava en el hueco de la puerta.<\/p>\n<p class=\"\" data-start=\"1158\" data-end=\"1547\">Est\u00e1 equipado con un <strong data-start=\"1407\" data-end=\"1422\">contacto del pist\u00f3n<\/strong> Indica si la puerta est\u00e1 cerrada y bloqueada o abierta y desbloqueada, lo que lo convierte en una opci\u00f3n confiable para monitorear puertas.<\/p>\n<p class=\"\" data-start=\"1549\" data-end=\"1905\">La placa de cierre el\u00e9ctrica es <strong data-start=\"1566\" data-end=\"1599\">certificado para resistencia al fuego<\/strong> de acuerdo a <strong data-start=\"1607\" data-end=\"1625\">clase E\/EI 120<\/strong>, lo que significa que est\u00e1 aprobado para su uso en puertas divisorias de compartimentos cortafuegos en edificios con altos requisitos de resistencia al fuego.<\/p>\n<p class=\"\" data-start=\"1549\" data-end=\"1905\">Tambi\u00e9n est\u00e1 dise\u00f1ado para usarse en combinaci\u00f3n con <strong data-start=\"1791\" data-end=\"1806\">cerradura de una sola hoja<\/strong> o <strong data-start=\"1813\" data-end=\"1829\">cerradura de doble hoja<\/strong>, lo que lo hace vers\u00e1til y adaptable para diversas aplicaciones de puertas.<\/p>\n<p class=\"\" data-start=\"1907\" data-end=\"1937\"><strong data-start=\"1907\" data-end=\"1937\">Caracter\u00edsticas y beneficios clave:<\/strong><\/p>\n<ul data-start=\"1938\" data-end=\"2645\">\n<li class=\"\" data-start=\"1938\" data-end=\"2035\">\n<p class=\"\" data-start=\"1940\" data-end=\"2035\"><strong data-start=\"1940\" data-end=\"1963\">Funcionamiento suave y silencioso:<\/strong> La tecnolog\u00eda patentada STEP Silent proporciona una apertura y un cierre casi silenciosos.<\/p>\n<\/li>\n<li data-start=\"1938\" data-end=\"2035\"><strong>Funci\u00f3n correcta<\/strong><\/li>\n<li class=\"\" data-start=\"2036\" data-end=\"2155\">\n<p class=\"\" data-start=\"2038\" data-end=\"2155\"><strong data-start=\"2038\" data-end=\"2057\">Alta resistencia a la rotura:<\/strong> Soporta hasta 1600 kg (16 kN), proporcionando una seguridad robusta para puertas expuestas a tensiones.<\/p>\n<\/li>\n<li class=\"\" data-start=\"2156\" data-end=\"2261\">\n<p class=\"\" data-start=\"2158\" data-end=\"2261\"><strong data-start=\"2158\" data-end=\"2175\">Aprobado para fuego:<\/strong> Certificado de resistencia al fuego seg\u00fan E\/EI 120, adecuado para puertas divisorias de compartimentos cortafuegos.<\/p>\n<\/li>\n<li class=\"\" data-start=\"2262\" data-end=\"2356\">\n<p class=\"\" data-start=\"2264\" data-end=\"2356\"><strong data-start=\"2264\" data-end=\"2285\">Tecnolog\u00eda de impresi\u00f3n de listas:<\/strong> Soporta una presi\u00f3n de hasta 100 kg y abre la puerta incluso cuando hay obst\u00e1culos.<\/p>\n<\/li>\n<li class=\"\" data-start=\"2357\" data-end=\"2487\">\n<p class=\"\" data-start=\"2359\" data-end=\"2487\"><strong data-start=\"2359\" data-end=\"2375\">Contacto del pist\u00f3n:<\/strong> Proporciona indicaci\u00f3n de puerta cerrada\/abierta y bloqueada\/desbloqueada, lo que lo hace ideal para monitoreo de seguridad.<\/p>\n<\/li>\n<li class=\"\" data-start=\"2488\" data-end=\"2569\">\n<p class=\"\" data-start=\"2490\" data-end=\"2569\"><strong data-start=\"2490\" data-end=\"2515\">Bajo consumo de energ\u00eda:<\/strong> M\u00e1ximo 250 mA a 24 V CC, lo que lo hace energ\u00e9ticamente eficiente.<\/p>\n<\/li>\n<li class=\"\" data-start=\"2570\" data-end=\"2645\">\n<p class=\"\" data-start=\"2572\" data-end=\"2645\"><strong data-start=\"2572\" data-end=\"2599\">Protecci\u00f3n contra la manipulaci\u00f3n:<\/strong> A prueba de manipulaciones y protegido contra acceso no autorizado.<\/p>\n<\/li>\n<\/ul>\n<p class=\"\" data-start=\"2647\" data-end=\"2969\"><strong data-start=\"2647\" data-end=\"2665\">Compatibilidad:<\/strong> La cerradura el\u00e9ctrica silenciosa STEP 60 est\u00e1 dise\u00f1ada para usarse tanto con <strong data-start=\"2729\" data-end=\"2744\">cerradura de una sola hoja<\/strong> y <strong data-start=\"2749\" data-end=\"2765\">cerradura de doble hoja<\/strong>, lo que lo hace adaptable a una variedad de sistemas de puertas diferentes.<\/p>\n<p class=\"\" data-start=\"2647\" data-end=\"2969\">Tambi\u00e9n lo es <strong data-start=\"2840\" data-end=\"2852\">reversible<\/strong> Para puertas tanto de mano derecha como de mano izquierda y est\u00e1 equipado con un <strong data-start=\"2917\" data-end=\"2945\">Cable libre de hal\u00f3genos de 5 metros<\/strong> Para una f\u00e1cil instalaci\u00f3n.<\/p>\n<p class=\"\" data-start=\"2971\" data-end=\"2994\"><strong data-start=\"2971\" data-end=\"2994\">Requisitos de energ\u00eda:<\/strong><\/p>\n<ul data-start=\"2995\" data-end=\"3156\">\n<li class=\"\" data-start=\"2995\" data-end=\"3039\">\n<p class=\"\" data-start=\"2997\" data-end=\"3039\"><strong data-start=\"2997\" data-end=\"3010\">Voltaje:<\/strong> 12 V o 24 V CC \u00b115 % -10 %<\/p>\n<\/li>\n<li class=\"\" data-start=\"3040\" data-end=\"3099\">\n<p class=\"\" data-start=\"3042\" data-end=\"3099\"><strong data-start=\"3042\" data-end=\"3063\">Consumo de energ\u00eda:<\/strong> M\u00e1x. 250 mA a 24 V CC, 121 mA desbloqueado<\/p>\n<\/li>\n<li class=\"\" data-start=\"3100\" data-end=\"3156\">\n<p class=\"\" data-start=\"3102\" data-end=\"3156\"><strong data-start=\"3102\" data-end=\"3119\">Microinterruptor:<\/strong> Conmutador unipolar, m\u00e1x. 30 V CC, 1 A<\/p>\n<\/li>\n<\/ul>","protected":false},"excerpt":{"rendered":"<p>La cerradura el\u00e9ctrica STEP 60 Silent 24V proporciona un funcionamiento suave y silencioso, ideal para puertas que se utilizan con frecuencia en, por ejemplo, oficinas, escuelas y hospitales.<\/p>\n<p>Alta resistencia a la rotura (1600 kg) y homologaci\u00f3n al fuego hasta E\/EI 120. Funcionamiento correcto.<\/p>","protected":false},"featured_media":138005,"template":"","meta":{"_acf_changed":false},"product_brand":[],"product_cat":[3355],"product_tag":[4197,4200],"class_list":{"0":"post-92843","1":"product","2":"type-product","3":"status-publish","4":"has-post-thumbnail","6":"product_cat-elslutbleck","7":"product_tag-24v","8":"product_tag-rattvand","9":"product_shipping_class-tunga-paket","10":"pa_brands-step","11":"tm-no-options","13":"first","14":"instock","15":"sale","16":"taxable","17":"shipping-taxable","18":"purchasable","19":"product-type-simple"},"acf":[],"_links":{"self":[{"href":"https:\/\/secureus.se\/es\/wp-json\/wp\/v2\/product\/92843","targetHints":{"allow":["GET"]}}],"collection":[{"href":"https:\/\/secureus.se\/es\/wp-json\/wp\/v2\/product"}],"about":[{"href":"https:\/\/secureus.se\/es\/wp-json\/wp\/v2\/types\/product"}],"wp:featuredmedia":[{"embeddable":true,"href":"https:\/\/secureus.se\/es\/wp-json\/wp\/v2\/media\/138005"}],"wp:attachment":[{"href":"https:\/\/secureus.se\/es\/wp-json\/wp\/v2\/media?parent=92843"}],"wp:term":[{"taxonomy":"product_brand","embeddable":true,"href":"https:\/\/secureus.se\/es\/wp-json\/wp\/v2\/product_brand?post=92843"},{"taxonomy":"product_cat","embeddable":true,"href":"https:\/\/secureus.se\/es\/wp-json\/wp\/v2\/product_cat?post=92843"},{"taxonomy":"product_tag","embeddable":true,"href":"https:\/\/secureus.se\/es\/wp-json\/wp\/v2\/product_tag?post=92843"}],"curies":[{"name":"wp","href":"https:\/\/api.w.org\/{rel}","templated":true}]}}