{"id":92853,"date":"2024-06-16T23:12:01","date_gmt":"2024-06-16T21:12:01","guid":{"rendered":"https:\/\/secureus.se\/?post_type=product&#038;p=92853"},"modified":"2026-02-20T11:43:32","modified_gmt":"2026-02-20T10:43:32","slug":"elslutbleck-st405-step-40-preload","status":"publish","type":"product","link":"https:\/\/secureus.se\/es\/elslutbleck-st405-step-40-preload\/","title":{"rendered":"Placa final el\u00e9ctrica ST405 PASO 40 Precarga"},"content":{"rendered":"<h1>Placa final el\u00e9ctrica ST405 PASO 40 Precarga<\/h1>\n<p class=\"\" data-start=\"719\" data-end=\"1214\">La cerradura el\u00e9ctrica ST405 (STEP 40 Preload) es parte de la serie Preload de STEP y ofrece una combinaci\u00f3n de dimensiones m\u00ednimas y alto rendimiento, lo que la hace perfecta para el cierre diurno en puertas con requisitos de seguridad normales.<\/p>\n<p class=\"\" data-start=\"719\" data-end=\"1214\">Esta cerradura el\u00e9ctrica est\u00e1 equipada con la tecnolog\u00eda de presi\u00f3n de banda patentada de STEP, lo que significa que puede abrir puertas sometidas a una presi\u00f3n de hasta 250 kg (2,5 kN).<\/p>\n<p class=\"\" data-start=\"719\" data-end=\"1214\">Esto es especialmente \u00fatil para puertas que est\u00e1n expuestas a sobrepresi\u00f3n en edificios o cuando la grava o la nieve bloquean el espacio de la puerta.<\/p>\n<p class=\"\" data-start=\"1216\" data-end=\"1647\">STEP 40 Preload tambi\u00e9n es muy confiable y ha sido probado para soportar una alta frecuencia de apertura. Tiene una resistencia a la rotura de 1.200 kg (12 kN), lo que lo hace lo suficientemente robusto para soportar cargas pesadas y est\u00e1 probado para soportar hasta 1.500.000 ciclos de apertura.<\/p>\n<p class=\"\" data-start=\"1216\" data-end=\"1647\">Su tecnolog\u00eda patentada y su bajo consumo de s\u00f3lo 110 mAh a 24 V la convierten en una soluci\u00f3n energ\u00e9ticamente eficiente que proporciona un uso a largo plazo sin tiempos de inactividad.<\/p>\n<p class=\"\" data-start=\"1649\" data-end=\"2049\">Una de las caracter\u00edsticas m\u00e1s flexibles del ST405 es su funci\u00f3n conmutable.<\/p>\n<p class=\"\" data-start=\"1649\" data-end=\"2049\">Se puede utilizar tanto en funcionamiento hacia adelante como hacia atr\u00e1s (bloqueado o desbloqueado cuando est\u00e1 desenergizado), lo que facilita la adaptaci\u00f3n de la cerradura el\u00e9ctrica durante la instalaci\u00f3n para satisfacer los requisitos espec\u00edficos de la puerta.<\/p>\n<p class=\"\" data-start=\"1649\" data-end=\"2049\">Adem\u00e1s, es reversible para adaptarse tanto a puertas de apertura derecha como izquierda, lo que hace que la instalaci\u00f3n sea a\u00fan m\u00e1s f\u00e1cil y flexible.<\/p>\n<p class=\"\" data-start=\"2051\" data-end=\"2351\">El cerradero el\u00e9ctrico se suministra con un contacto de pist\u00f3n, que permite indicar si la puerta est\u00e1 cerrada o abierta, lo que puede resultar \u00fatil para la monitorizaci\u00f3n de la puerta.<\/p>\n<p class=\"\" data-start=\"2051\" data-end=\"2351\">El diodo de protecci\u00f3n incorporado evita da\u00f1os a los equipos el\u00e9ctricos, como cerraduras con c\u00f3digo o lectores de tarjetas, en caso de posibles picos de tensi\u00f3n.<\/p>\n<p class=\"\" data-start=\"2353\" data-end=\"2383\"><strong data-start=\"2353\" data-end=\"2383\">Caracter\u00edsticas y beneficios clave:<\/strong><\/p>\n<ul data-start=\"2384\" data-end=\"2907\">\n<li class=\"\" data-start=\"2384\" data-end=\"2467\">\n<p class=\"\" data-start=\"2386\" data-end=\"2467\"><strong data-start=\"2386\" data-end=\"2410\">Funci\u00f3n conmutable:<\/strong> Funci\u00f3n tanto hacia adelante como hacia atr\u00e1s para una mayor flexibilidad.<\/p>\n<\/li>\n<li class=\"\" data-start=\"2468\" data-end=\"2537\">\n<p class=\"\" data-start=\"2470\" data-end=\"2537\"><strong data-start=\"2470\" data-end=\"2491\">Tecnolog\u00eda de impresi\u00f3n de listas:<\/strong> Abre la puerta a pesar de una presi\u00f3n de hasta 250 kg.<\/p>\n<\/li>\n<li class=\"\" data-start=\"2538\" data-end=\"2688\">\n<p class=\"\" data-start=\"2540\" data-end=\"2688\"><strong data-start=\"2540\" data-end=\"2564\">Alta resistencia a la tracci\u00f3n:<\/strong> Soporta hasta 1.200 kg (12 kN), lo que lo convierte en una opci\u00f3n robusta para puertas expuestas a cargas pesadas.<\/p>\n<\/li>\n<li class=\"\" data-start=\"2689\" data-end=\"2756\">\n<p class=\"\" data-start=\"2691\" data-end=\"2756\"><strong data-start=\"2691\" data-end=\"2710\">Alta durabilidad:<\/strong> Probado para hasta 1.500.000 ciclos de apertura.<\/p>\n<\/li>\n<li class=\"\" data-start=\"2757\" data-end=\"2840\">\n<p class=\"\" data-start=\"2759\" data-end=\"2840\"><strong data-start=\"2759\" data-end=\"2785\">Protecci\u00f3n contra transitorios:<\/strong> Diodo de protecci\u00f3n incorporado para proteger contra picos de voltaje.<\/p>\n<\/li>\n<li class=\"\" data-start=\"2841\" data-end=\"2907\">\n<p class=\"\" data-start=\"2843\" data-end=\"2907\"><strong data-start=\"2843\" data-end=\"2862\">Dise\u00f1o reversible:<\/strong> Se adapta tanto a puertas de mano derecha como de mano izquierda.<\/p>\n<\/li>\n<\/ul>\n<p class=\"\" data-start=\"2909\" data-end=\"3191\"><strong data-start=\"2909\" data-end=\"2927\">Compatibilidad:<\/strong> La cerradura el\u00e9ctrica ST405 (STEP 40 Preload) es compatible con cerraduras de pestillo simple y doble, lo que la hace \u00fatil para una variedad de aplicaciones de puertas.<\/p>\n<p class=\"\" data-start=\"2909\" data-end=\"3191\">Adem\u00e1s, es adecuado para puertas con requisitos de seguridad normales y se puede instalar tanto en puertas con bisagras a la derecha como a la izquierda.<\/p>\n<p class=\"\" data-start=\"3193\" data-end=\"3216\"><strong data-start=\"3193\" data-end=\"3216\">Requisitos de energ\u00eda:<\/strong><\/p>\n<ul data-start=\"3217\" data-end=\"3385\">\n<li class=\"\" data-start=\"3217\" data-end=\"3261\">\n<p class=\"\" data-start=\"3219\" data-end=\"3261\"><strong data-start=\"3219\" data-end=\"3232\">Voltaje:<\/strong> 12 V o 24 V CC \u00b115 % -10 %<\/p>\n<\/li>\n<li class=\"\" data-start=\"3262\" data-end=\"3317\">\n<p class=\"\" data-start=\"3264\" data-end=\"3317\"><strong data-start=\"3264\" data-end=\"3285\">Consumo de energ\u00eda:<\/strong> 110 mAh a 24 V CC (m\u00e1ximo 300 mA)<\/p>\n<\/li>\n<li class=\"\" data-start=\"3318\" data-end=\"3385\">\n<p class=\"\" data-start=\"3320\" data-end=\"3385\"><strong data-start=\"3320\" data-end=\"3336\">Contacto del pist\u00f3n:<\/strong> Microinterruptor, conmutador unipolar, m\u00e1x. 30 V CC, 1 A<\/p>\n<\/li>\n<\/ul>","protected":false},"excerpt":{"rendered":"<p>La cerradura el\u00e9ctrica ST405 (STEP 40 Preload) de STEP es una cerradura el\u00e9ctrica de alto rendimiento con funci\u00f3n ajustable, tecnolog\u00eda de presi\u00f3n de banda que puede soportar hasta 250 kg de presi\u00f3n y 1200 kg de resistencia a la rotura.<\/p>\n<p>Ideal para puertas con requisitos de seguridad normales.<\/p>","protected":false},"featured_media":137558,"template":"","meta":{"_acf_changed":false},"product_brand":[],"product_cat":[3355],"product_tag":[4197,4202],"class_list":{"0":"post-92853","1":"product","2":"type-product","3":"status-publish","4":"has-post-thumbnail","6":"product_cat-elslutbleck","7":"product_tag-24v","8":"product_tag-omstallbar-rattvand-omvand","9":"product_shipping_class-tunga-paket","10":"pa_brands-step","11":"tm-no-options","13":"first","14":"instock","15":"sale","16":"taxable","17":"shipping-taxable","18":"purchasable","19":"product-type-simple"},"acf":[],"_links":{"self":[{"href":"https:\/\/secureus.se\/es\/wp-json\/wp\/v2\/product\/92853","targetHints":{"allow":["GET"]}}],"collection":[{"href":"https:\/\/secureus.se\/es\/wp-json\/wp\/v2\/product"}],"about":[{"href":"https:\/\/secureus.se\/es\/wp-json\/wp\/v2\/types\/product"}],"wp:featuredmedia":[{"embeddable":true,"href":"https:\/\/secureus.se\/es\/wp-json\/wp\/v2\/media\/137558"}],"wp:attachment":[{"href":"https:\/\/secureus.se\/es\/wp-json\/wp\/v2\/media?parent=92853"}],"wp:term":[{"taxonomy":"product_brand","embeddable":true,"href":"https:\/\/secureus.se\/es\/wp-json\/wp\/v2\/product_brand?post=92853"},{"taxonomy":"product_cat","embeddable":true,"href":"https:\/\/secureus.se\/es\/wp-json\/wp\/v2\/product_cat?post=92853"},{"taxonomy":"product_tag","embeddable":true,"href":"https:\/\/secureus.se\/es\/wp-json\/wp\/v2\/product_tag?post=92853"}],"curies":[{"name":"wp","href":"https:\/\/api.w.org\/{rel}","templated":true}]}}