{"id":92855,"date":"2024-06-16T23:12:02","date_gmt":"2024-06-16T21:12:02","guid":{"rendered":"https:\/\/secureus.se\/?post_type=product&#038;p=92855"},"modified":"2026-04-08T16:37:52","modified_gmt":"2026-04-08T14:37:52","slug":"elslutbleck-es-17m-rattvand","status":"publish","type":"product","link":"https:\/\/secureus.se\/es\/elslutbleck-es-17m-rattvand\/","title":{"rendered":"Cerradero el\u00e9ctrico ES 17M Orientado a la derecha"},"content":{"rendered":"<h1>Cerradero el\u00e9ctrico ES 17M Orientado a la derecha<\/h1>\n<p class=\"\" data-start=\"708\" data-end=\"1045\">La cerradura el\u00e9ctrica ES 17M de SAFETRON es una cerradura el\u00e9ctrica est\u00e1ndar que combina un alto rendimiento con un dise\u00f1o compacto, lo que la convierte en la opci\u00f3n perfecta para puertas con requisitos de seguridad normales.<\/p>\n<p class=\"\" data-start=\"708\" data-end=\"1045\">Es especialmente adecuado para su uso en protecci\u00f3n de carcasas, cierres interiores en comercios, oficinas e industrias, as\u00ed como en entradas y zonas p\u00fablicas de edificios de viviendas.<\/p>\n<p class=\"\" data-start=\"1047\" data-end=\"1580\">Una de las caracter\u00edsticas m\u00e1s destacadas del ES 17M es la innovadora tecnolog\u00eda de presi\u00f3n de banda, que permite que el cerradero el\u00e9ctrico se abra incluso si la puerta est\u00e1 sometida a una presi\u00f3n de hasta 150 kg.<\/p>\n<p class=\"\" data-start=\"1047\" data-end=\"1580\">Esto es especialmente \u00fatil cuando la puerta est\u00e1 expuesta a presi\u00f3n causada, por ejemplo, por un exceso de presi\u00f3n en el edificio, nieve o grava que termina en el espacio de la puerta o cuando la puerta est\u00e1 ligeramente torcida.<\/p>\n<p class=\"\" data-start=\"1047\" data-end=\"1580\">La presi\u00f3n de la tira es un problema com\u00fan que puede provocar tiempos de inactividad, pero con la ES 17M estos problemas se eliminan y se garantiza que la puerta funcione sin problemas en todas las condiciones.<\/p>\n<p class=\"\" data-start=\"1582\" data-end=\"2080\">El peque\u00f1o tama\u00f1o de la placa de cierre el\u00e9ctrica tambi\u00e9n la convierte en una opci\u00f3n flexible para la instalaci\u00f3n. Se adapta pr\u00e1cticamente a cualquier hueco preparado para placas el\u00e9ctricas est\u00e1ndar y se puede instalar en puertas con montaje de jamba de 150 mm, lo que lo hace ideal para puertas interiores.<\/p>\n<p class=\"\" data-start=\"1582\" data-end=\"2080\">Adem\u00e1s, la placa de cierre el\u00e9ctrica est\u00e1 equipada con una protecci\u00f3n antimanipulaci\u00f3n de acero inoxidable, que impide el acceso al cable de conexi\u00f3n a trav\u00e9s del orificio del poste en caso de ca\u00edda, lo que proporciona seguridad adicional y una apariencia est\u00e9ticamente agradable.<\/p>\n<p class=\"\" data-start=\"2082\" data-end=\"2403\">El ES 17M tambi\u00e9n tiene un bajo consumo de energ\u00eda, con solo 35 mA a 24 VCC y 60 mA a 12 VCC, lo que lo hace energ\u00e9ticamente eficiente y econ\u00f3mico.<\/p>\n<p class=\"\" data-start=\"2082\" data-end=\"2403\">Tambi\u00e9n est\u00e1 equipado de serie con un interruptor de \u00e9mbolo que permite indicar si la puerta est\u00e1 cerrada o abierta, lo que supone una pr\u00e1ctica caracter\u00edstica para la monitorizaci\u00f3n y la seguridad.<\/p>\n<p class=\"\" data-start=\"2405\" data-end=\"2435\"><strong data-start=\"2405\" data-end=\"2435\">Caracter\u00edsticas y beneficios clave:<\/strong><\/p>\n<ul data-start=\"2436\" data-end=\"3028\">\n<li class=\"\" data-start=\"2436\" data-end=\"2549\">\n<p class=\"\" data-start=\"2438\" data-end=\"2549\"><strong data-start=\"2438\" data-end=\"2459\">Tecnolog\u00eda de impresi\u00f3n de listas:<\/strong> Se abre incluso si la puerta est\u00e1 sometida a una presi\u00f3n de hasta 150 kg, evitando tiempos de inactividad.<\/p>\n<\/li>\n<li class=\"\" data-start=\"2550\" data-end=\"2628\">\n<p class=\"\" data-start=\"2552\" data-end=\"2628\"><strong data-start=\"2552\" data-end=\"2571\">Dise\u00f1o compacto:<\/strong> Se adapta a enchufes est\u00e1ndar y permite una f\u00e1cil instalaci\u00f3n.<\/p>\n<\/li>\n<li class=\"\" data-start=\"2629\" data-end=\"2717\">\n<p class=\"\" data-start=\"2631\" data-end=\"2717\"><strong data-start=\"2631\" data-end=\"2647\">Contacto del pist\u00f3n:<\/strong> Microinterruptor est\u00e1ndar para indicar el estado de la puerta (cerrada\/abierta).<\/p>\n<\/li>\n<li class=\"\" data-start=\"2718\" data-end=\"2807\">\n<p class=\"\" data-start=\"2720\" data-end=\"2807\"><strong data-start=\"2720\" data-end=\"2745\">Bajo consumo de energ\u00eda:<\/strong> 35 mA a 24 VCC y 60 mA a 12 VCC para un funcionamiento energ\u00e9ticamente eficiente.<\/p>\n<\/li>\n<li class=\"\" data-start=\"2808\" data-end=\"2910\">\n<p class=\"\" data-start=\"2810\" data-end=\"2910\"><strong data-start=\"2810\" data-end=\"2828\">Alto poder de retenci\u00f3n:<\/strong> Soporta hasta 1500 kg (15 kN), lo que lo convierte en una opci\u00f3n robusta para la seguridad.<\/p>\n<\/li>\n<li class=\"\" data-start=\"2911\" data-end=\"3028\">\n<p class=\"\" data-start=\"2913\" data-end=\"3028\"><strong data-start=\"2913\" data-end=\"2946\">Protecci\u00f3n antimanipulaci\u00f3n de acero inoxidable:<\/strong> Evita el acceso al cable de conexi\u00f3n y mejora la est\u00e9tica de la instalaci\u00f3n.<\/p>\n<\/li>\n<\/ul>\n<p class=\"\" data-start=\"3030\" data-end=\"3266\"><strong data-start=\"3030\" data-end=\"3048\">Compatibilidad:<\/strong> La cerradura el\u00e9ctrica ES 17M es compatible con cerraduras de pestillo simple y doble y est\u00e1 dise\u00f1ada para puertas con requisitos de seguridad normales.<\/p>\n<p class=\"\" data-start=\"3030\" data-end=\"3266\">Su dise\u00f1o vers\u00e1til permite su instalaci\u00f3n tanto en puertas con apertura hacia la derecha como hacia la izquierda.<\/p>\n<p class=\"\" data-start=\"3268\" data-end=\"3291\"><strong data-start=\"3268\" data-end=\"3291\">Requisitos de energ\u00eda:<\/strong><\/p>\n<ul data-start=\"3292\" data-end=\"3426\">\n<li class=\"\" data-start=\"3292\" data-end=\"3326\">\n<p class=\"\" data-start=\"3294\" data-end=\"3326\"><strong data-start=\"3294\" data-end=\"3307\">Voltaje:<\/strong> 12 \u2013 24 V CC \u00b110 %<\/p>\n<\/li>\n<li class=\"\" data-start=\"3327\" data-end=\"3385\">\n<p class=\"\" data-start=\"3329\" data-end=\"3385\"><strong data-start=\"3329\" data-end=\"3350\">Consumo de energ\u00eda:<\/strong> 35 mA a 24 VCC, 60 mA a 12 VCC<\/p>\n<\/li>\n<li class=\"\" data-start=\"3386\" data-end=\"3426\">\n<p class=\"\" data-start=\"3388\" data-end=\"3426\"><strong data-start=\"3388\" data-end=\"3405\">Microinterruptor:<\/strong> M\u00e1x. 30 V CC, 500 mA<\/p>\n<\/li>\n<\/ul>","protected":false},"excerpt":{"rendered":"<p>El cerradero el\u00e9ctrico ES 17M de SAFETRON es un cerradero el\u00e9ctrico compacto con tecnolog\u00eda de presi\u00f3n de banda, perfecto para puertas con requisitos de seguridad normales.<\/p>\n<p>Su funcionamiento sencillo, el contacto del pist\u00f3n y el bajo consumo de energ\u00eda de 35 mA lo hacen ideal para el bloqueo interno.<\/p>","protected":false},"featured_media":138000,"template":"","meta":{"_acf_changed":false},"product_brand":[],"product_cat":[3355],"product_tag":[4196,4200],"class_list":{"0":"post-92855","1":"product","2":"type-product","3":"status-publish","4":"has-post-thumbnail","6":"product_cat-elslutbleck","7":"product_tag-12-24v","8":"product_tag-rattvand","9":"product_shipping_class-tunga-paket","10":"pa_brands-7safetron","11":"pa_farg-zink","12":"tm-no-options","14":"first","15":"instock","16":"sale","17":"taxable","18":"shipping-taxable","19":"purchasable","20":"product-type-simple"},"acf":[],"_links":{"self":[{"href":"https:\/\/secureus.se\/es\/wp-json\/wp\/v2\/product\/92855","targetHints":{"allow":["GET"]}}],"collection":[{"href":"https:\/\/secureus.se\/es\/wp-json\/wp\/v2\/product"}],"about":[{"href":"https:\/\/secureus.se\/es\/wp-json\/wp\/v2\/types\/product"}],"wp:featuredmedia":[{"embeddable":true,"href":"https:\/\/secureus.se\/es\/wp-json\/wp\/v2\/media\/138000"}],"wp:attachment":[{"href":"https:\/\/secureus.se\/es\/wp-json\/wp\/v2\/media?parent=92855"}],"wp:term":[{"taxonomy":"product_brand","embeddable":true,"href":"https:\/\/secureus.se\/es\/wp-json\/wp\/v2\/product_brand?post=92855"},{"taxonomy":"product_cat","embeddable":true,"href":"https:\/\/secureus.se\/es\/wp-json\/wp\/v2\/product_cat?post=92855"},{"taxonomy":"product_tag","embeddable":true,"href":"https:\/\/secureus.se\/es\/wp-json\/wp\/v2\/product_tag?post=92855"}],"curies":[{"name":"wp","href":"https:\/\/api.w.org\/{rel}","templated":true}]}}