{"id":92857,"date":"2024-06-16T23:12:02","date_gmt":"2024-06-16T21:12:02","guid":{"rendered":"https:\/\/secureus.se\/?post_type=product&#038;p=92857"},"modified":"2026-02-20T11:46:56","modified_gmt":"2026-02-20T10:46:56","slug":"elslutbleck-st400-step-40-preload","status":"publish","type":"product","link":"https:\/\/secureus.se\/es\/elslutbleck-st400-step-40-preload\/","title":{"rendered":"Placa de terminaci\u00f3n el\u00e9ctrica ST400 PASO 40 Precarga"},"content":{"rendered":"<h1>Placa de terminaci\u00f3n el\u00e9ctrica ST400 PASO 40 Precarga<\/h1>\n<p class=\"\" data-start=\"673\" data-end=\"1128\">La cerradura el\u00e9ctrica precargada STEP 40 forma parte de la serie Preload de STEP y ofrece un alto est\u00e1ndar para el bloqueo diurno.<\/p>\n<p class=\"\" data-start=\"673\" data-end=\"1128\">Con una combinaci\u00f3n de tama\u00f1o m\u00ednimo y un rendimiento muy alto, esta cerradura el\u00e9ctrica es una elecci\u00f3n perfecta para puertas con requisitos de seguridad normales.<\/p>\n<p class=\"\" data-start=\"673\" data-end=\"1128\">La tecnolog\u00eda patentada de presi\u00f3n de tira permite desbloquear la puerta incluso cuando est\u00e1 sujeta a una presi\u00f3n de hasta 250 kg, lo que la convierte en una opci\u00f3n confiable para puertas que puedan estar sujetas a presi\u00f3n u obst\u00e1culos.<\/p>\n<p class=\"\" data-start=\"1130\" data-end=\"1595\">Una de las caracter\u00edsticas m\u00e1s destacadas de STEP 40 Preload es su funci\u00f3n conmutable. Esto significa que la cerradura el\u00e9ctrica se puede ajustar durante la instalaci\u00f3n para adaptarse a diferentes tipos de puertas y aplicaciones.<\/p>\n<p class=\"\" data-start=\"1130\" data-end=\"1595\">Esto proporciona flexibilidad y menores costos de manipulaci\u00f3n durante la instalaci\u00f3n y el uso. La cerradura el\u00e9ctrica tiene una funci\u00f3n inversa, lo que significa que se bloquea en la posici\u00f3n desenergizada, una caracter\u00edstica de seguridad importante para mantener la puerta cerrada cuando no hay energ\u00eda.<\/p>\n<p class=\"\" data-start=\"1597\" data-end=\"2004\">Para facilitar la instalaci\u00f3n, la cerradura el\u00e9ctrica tiene un dise\u00f1o reversible, lo que significa que funciona tanto en puertas con bisagras hacia la derecha como hacia la izquierda.<\/p>\n<p class=\"\" data-start=\"1597\" data-end=\"2004\">Adem\u00e1s, est\u00e1 equipado con un interruptor de \u00e9mbolo que puede indicar si la puerta est\u00e1 cerrada o abierta, lo que es una funci\u00f3n pr\u00e1ctica para la monitorizaci\u00f3n y la seguridad.<\/p>\n<p class=\"\" data-start=\"1597\" data-end=\"2004\">Adem\u00e1s, tiene una resistencia a la rotura de hasta 1.200 kg (12 kN), lo que la convierte en una soluci\u00f3n muy robusta.<\/p>\n<p class=\"\" data-start=\"2006\" data-end=\"2326\">STEP 40 Preload est\u00e1 probado en f\u00e1brica para soportar hasta 1.500.000 ciclos de apertura y ha sido probado para garantizar una alta durabilidad y resistencia al desgaste.<\/p>\n<p class=\"\" data-start=\"2006\" data-end=\"2326\">Para proteger la electr\u00f3nica contra transitorios (picos de tensi\u00f3n), hay un diodo de protecci\u00f3n incorporado, que evita da\u00f1os a los componentes electr\u00f3nicos como cerraduras de c\u00f3digo o lectores de tarjetas.<\/p>\n<p class=\"\" data-start=\"2328\" data-end=\"2358\"><strong data-start=\"2328\" data-end=\"2358\">Caracter\u00edsticas y beneficios clave:<\/strong><\/p>\n<ul data-start=\"2359\" data-end=\"2843\">\n<li class=\"\" data-start=\"2359\" data-end=\"2451\">\n<p class=\"\" data-start=\"2361\" data-end=\"2451\"><strong data-start=\"2361\" data-end=\"2393\">Tecnolog\u00eda de impresi\u00f3n de tiras patentada:<\/strong> Permite abrir la puerta a pesar de una presi\u00f3n de hasta 250 kg.<\/p>\n<\/li>\n<li class=\"\" data-start=\"2452\" data-end=\"2517\">\n<p class=\"\" data-start=\"2454\" data-end=\"2517\"><strong data-start=\"2454\" data-end=\"2476\">Funci\u00f3n correcta:<\/strong> Bloqueado en posici\u00f3n desenergizada para mayor seguridad.<\/p>\n<\/li>\n<li class=\"\" data-start=\"2518\" data-end=\"2597\">\n<p class=\"\" data-start=\"2520\" data-end=\"2597\"><strong data-start=\"2520\" data-end=\"2536\">Contacto del pist\u00f3n:<\/strong> Microinterruptor para indicar el estado de la puerta (cerrada\/abierta).<\/p>\n<\/li>\n<li class=\"\" data-start=\"2598\" data-end=\"2678\">\n<p class=\"\" data-start=\"2600\" data-end=\"2678\"><strong data-start=\"2600\" data-end=\"2624\">Alta resistencia a la tracci\u00f3n:<\/strong> Soporta hasta 1.200 kg (12 kN) para una seguridad robusta.<\/p>\n<\/li>\n<li class=\"\" data-start=\"2679\" data-end=\"2764\">\n<p class=\"\" data-start=\"2681\" data-end=\"2764\"><strong data-start=\"2681\" data-end=\"2703\">Durabilidad probada:<\/strong> Probado en f\u00e1brica durante 1.500.000 ciclos para uso a largo plazo.<\/p>\n<\/li>\n<li class=\"\" data-start=\"2765\" data-end=\"2843\">\n<p class=\"\" data-start=\"2767\" data-end=\"2843\"><strong data-start=\"2767\" data-end=\"2793\">Instalaci\u00f3n flexible:<\/strong> Reversible para puertas batientes tanto derechas como izquierdas.<\/p>\n<\/li>\n<\/ul>\n<p class=\"\" data-start=\"2845\" data-end=\"3118\"><strong data-start=\"2845\" data-end=\"2863\">Compatibilidad:<\/strong> La cerradura el\u00e9ctrica de precarga STEP 40 es compatible con cerraduras de pestillo simple y doble y es adecuada para puertas con requisitos de seguridad normales.<\/p>\n<p class=\"\" data-start=\"2845\" data-end=\"3118\">Su funci\u00f3n ajustable lo hace adecuado para una amplia gama de puertas y aplicaciones, desde oficinas hasta la industria.<\/p>\n<p class=\"\" data-start=\"3120\" data-end=\"3143\"><strong data-start=\"3120\" data-end=\"3143\">Requisitos de energ\u00eda:<\/strong><\/p>\n<ul data-start=\"3144\" data-end=\"3315\">\n<li class=\"\" data-start=\"3144\" data-end=\"3189\">\n<p class=\"\" data-start=\"3146\" data-end=\"3189\"><strong data-start=\"3146\" data-end=\"3159\">Voltaje:<\/strong> 12 V o 24 V CC \u00b115 % \u2013 10 %<\/p>\n<\/li>\n<li class=\"\" data-start=\"3190\" data-end=\"3245\">\n<p class=\"\" data-start=\"3192\" data-end=\"3245\"><strong data-start=\"3192\" data-end=\"3213\">Consumo de energ\u00eda:<\/strong> 110 mAh a 24 V CC (m\u00e1ximo 300 mA)<\/p>\n<\/li>\n<li class=\"\" data-start=\"3246\" data-end=\"3315\">\n<p class=\"\" data-start=\"3248\" data-end=\"3315\"><strong data-start=\"3248\" data-end=\"3264\">Contacto del pist\u00f3n:<\/strong> Microinterruptor, conmutador unipolar, m\u00e1x. 30 V CC, 1 A.<\/p>\n<\/li>\n<\/ul>\n<div class=\"col-xs-12 col-md-6\">\n<div id=\"article-description\" class=\"main-content row\">\n<div class=\"col-xs-12 col-md-12\">\n<div class=\"mt-sm\">\n<div class=\"article-description mb-sm\">\n<div><\/div>\n<\/div>\n<\/div>\n<\/div>\n<\/div>\n<\/div>\n<div class=\"col-xs-12 col-md-6\">\n<div class=\"row spec-item-row\">\n<div class=\"col-xs-12 col-sm-6\"><\/div>\n<\/div>\n<\/div>","protected":false},"excerpt":{"rendered":"<p>La placa de cierre el\u00e9ctrica de precarga STEP 40 de STEP est\u00e1 dise\u00f1ada para bloqueo diurno con alta confiabilidad operativa y tama\u00f1o m\u00ednimo.<\/p>\n<p>Equipado con tecnolog\u00eda de presi\u00f3n de tira que puede soportar una presi\u00f3n de hasta 250 kg, as\u00ed como un contacto de pist\u00f3n para detecci\u00f3n de puerta.<\/p>","protected":false},"featured_media":137994,"template":"","meta":{"_acf_changed":false},"product_brand":[],"product_cat":[3355],"product_tag":[4197],"class_list":{"0":"post-92857","1":"product","2":"type-product","3":"status-publish","4":"has-post-thumbnail","6":"product_cat-elslutbleck","7":"product_tag-24v","8":"product_shipping_class-tunga-paket","9":"pa_brands-step","10":"tm-no-options","12":"first","13":"instock","14":"sale","15":"taxable","16":"shipping-taxable","17":"purchasable","18":"product-type-simple"},"acf":[],"_links":{"self":[{"href":"https:\/\/secureus.se\/es\/wp-json\/wp\/v2\/product\/92857","targetHints":{"allow":["GET"]}}],"collection":[{"href":"https:\/\/secureus.se\/es\/wp-json\/wp\/v2\/product"}],"about":[{"href":"https:\/\/secureus.se\/es\/wp-json\/wp\/v2\/types\/product"}],"wp:featuredmedia":[{"embeddable":true,"href":"https:\/\/secureus.se\/es\/wp-json\/wp\/v2\/media\/137994"}],"wp:attachment":[{"href":"https:\/\/secureus.se\/es\/wp-json\/wp\/v2\/media?parent=92857"}],"wp:term":[{"taxonomy":"product_brand","embeddable":true,"href":"https:\/\/secureus.se\/es\/wp-json\/wp\/v2\/product_brand?post=92857"},{"taxonomy":"product_cat","embeddable":true,"href":"https:\/\/secureus.se\/es\/wp-json\/wp\/v2\/product_cat?post=92857"},{"taxonomy":"product_tag","embeddable":true,"href":"https:\/\/secureus.se\/es\/wp-json\/wp\/v2\/product_tag?post=92857"}],"curies":[{"name":"wp","href":"https:\/\/api.w.org\/{rel}","templated":true}]}}