{"id":94469,"date":"2023-02-20T14:15:27","date_gmt":"2023-02-20T13:15:27","guid":{"rendered":"https:\/\/secureus.se\/pir-detector-flx-a-dam\/"},"modified":"2026-03-04T14:43:58","modified_gmt":"2026-03-04T13:43:58","slug":"optex-flx-a-dam-x5-pir-detector","status":"publish","type":"product","link":"https:\/\/secureus.se\/es\/optex-flx-a-dam-x5-pir-detector\/","title":{"rendered":"Detector combinado antienmascaramiento Optex FLX-A-DAM-X5 PIR + microondas de 15 m y haz de 85 grados o 24 metros de longitud"},"content":{"rendered":"<h1>El Optex FLX-A-DAM-X5 es un detector de calidad del l\u00edder del mercado Optex, que reemplaza al modelo CDX-DAM anterior y ofrece una soluci\u00f3n m\u00e1s avanzada y confiable para la detecci\u00f3n en interiores.<\/h1>\n<p>Este detector combina tecnolog\u00eda PIR (infrarrojo pasivo) y microondas para garantizar una detecci\u00f3n m\u00e1s precisa y segura con un menor riesgo de falsas alarmas.<\/p>\n<p>Con una capacidad de detecci\u00f3n que se puede adaptar a diferentes necesidades y una tasa de falsas alarmas muy baja, el FLX-A-DAM-X5 es la opci\u00f3n obvia tanto para entornos residenciales como p\u00fablicos.<\/p>\n<p>El detector est\u00e1 aprobado por SBSC en la clase de alarma 3, lo que significa que cumple estrictos est\u00e1ndares de seguridad y est\u00e1 certificado para su uso en sistemas de seguridad profesionales.<\/p>\n<p>Adem\u00e1s, el FLX-A-DAM-X5 es inmune a las mascotas m\u00e1s peque\u00f1as, lo que lo hace particularmente \u00fatil en entornos donde hay animales peque\u00f1os.<\/p>\n<p>Una de las caracter\u00edsticas m\u00e1s notables del FLX-A-DAM-X5 es la lente reversible, que le permite ajustar el \u00e1rea de detecci\u00f3n para adaptarse a los requisitos de instalaci\u00f3n espec\u00edficos.<\/p>\n<p>Ofrece dos opciones de patrones de detecci\u00f3n: un patr\u00f3n de haz ancho de 15 x 15 metros, que est\u00e1 preseleccionado y es perfecto para \u00e1reas grandes y abiertas, y un patr\u00f3n de haz largo de 24 x 2 metros, que es excelente para cubrir pasajes o ventanas m\u00e1s estrechos.<\/p>\n<p>Al utilizar el patr\u00f3n de haz largo, la funci\u00f3n de microondas se desactiva, lo que lo convierte en una soluci\u00f3n vers\u00e1til para diferentes tipos de \u00e1reas de instalaci\u00f3n.<\/p>\n<p>El FLX-A-DAM-X5 tambi\u00e9n est\u00e1 equipado con un procesador de se\u00f1al digital y un nuevo dise\u00f1o del elemento PIR.<\/p>\n<p>Esto permite que el detector detecte el movimiento con mayor precisi\u00f3n y garantice que todas las partes del \u00e1rea de vigilancia est\u00e9n cubiertas de manera confiable.<\/p>\n<p>La lente esf\u00e9rica tambi\u00e9n mejora la cobertura y la precisi\u00f3n de detecci\u00f3n.<\/p>\n<p>Para garantizar una larga vida \u00fatil y confiabilidad, el detector tambi\u00e9n tiene una protecci\u00f3n de enmascaramiento, lo que lo convierte en una buena opci\u00f3n para locales p\u00fablicos, donde el riesgo de sabotaje es mayor.<\/p>\n<p>Adem\u00e1s, un an\u00e1lisis multidimensional (SMDA) y un blindaje de doble conductor protegen al detector de interferencias externas que podr\u00edan afectar su rendimiento.<\/p>\n<p>Este detector est\u00e1 dise\u00f1ado para una f\u00e1cil instalaci\u00f3n y tiene un mecanismo conveniente donde los bloques de terminales se quitan f\u00e1cilmente del detector para simplificar el cableado y la conexi\u00f3n.<\/p>\n<p>La instalaci\u00f3n normalmente se realiza a una altura de entre 2 y 3 metros, que es la altura de instalaci\u00f3n recomendada para obtener mejores resultados.<\/p>\n<p>El FLX-A-DAM-X5 tambi\u00e9n cuenta con un dise\u00f1o moderno y duradero, fabricado en pl\u00e1stico acrilonitrilo que lo hace resistente a la luz UV y evita que se amarillee con el tiempo.<\/p>\n<p>Esto significa que conserva su apariencia est\u00e9tica incluso en ambientes expuestos.<\/p>\n<p>En resumen, el Optex FLX-A-DAM-X5 es un detector de alta calidad, flexible y confiable que combina la \u00faltima tecnolog\u00eda para garantizar una vigilancia efectiva y segura en propiedades privadas y comerciales.<\/p>\n<p>Es f\u00e1cil de instalar, tiene una baja tasa de falsas alarmas y ofrece opciones de detecci\u00f3n personalizadas para diferentes entornos.<\/p>\n<p><strong>Especificaciones t\u00e9cnicas:<\/strong><\/p>\n<ul>\n<li><strong>Tipo de detector:<\/strong> Detector combinado (PIR + Microondas)<\/li>\n<li><strong>Rango de detecci\u00f3n:<\/strong> 15 x 15 m (viga ancha) o 24 x 2 m (viga larga)<\/li>\n<li><strong>Inmune a las mascotas:<\/strong> S\u00ed, para mascotas peque\u00f1as.<\/li>\n<li><strong>Protecci\u00f3n de enmascaramiento:<\/strong> S\u00ed<\/li>\n<li><strong>Procesador de se\u00f1ales:<\/strong> Digital<\/li>\n<li><strong>Altura de instalaci\u00f3n:<\/strong> 2\u20133 metros<\/li>\n<li><strong>Fuente de alimentaci\u00f3n:<\/strong> 12 V CC<\/li>\n<li><strong>Clase de protecci\u00f3n:<\/strong> IP50<\/li>\n<li><strong>Rango de temperatura:<\/strong> -20\u00b0C a +45\u00b0C<\/li>\n<li><strong>Proceso de dar un t\u00edtulo:<\/strong> SBSC aprobado en LK 3<\/li>\n<li><strong>Material:<\/strong> Pl\u00e1stico de acrilonitrilo<\/li>\n<li><strong>Medida:<\/strong> 160 x 62 x 59 mm<\/li>\n<li><strong>Peso:<\/strong> 200 gramos<\/li>\n<\/ul>","protected":false},"excerpt":{"rendered":"<p>El Optex FLX-A-DAM-X5 es un detector PIR y de microondas aprobado por SBSC para uso en interiores, inmune a las mascotas y con \u00e1reas de detecci\u00f3n ajustables.<\/p>\n<p>Con protecci\u00f3n de enmascaramiento y una baja tasa de falsas alarmas, el detector es ideal tanto para instalaciones residenciales como p\u00fablicas.<\/p>","protected":false},"featured_media":140467,"template":"","meta":{"_acf_changed":false},"product_brand":[],"product_cat":[1325],"product_tag":[2989,2145,2466],"class_list":{"0":"post-94469","1":"product","2":"type-product","3":"status-publish","4":"has-post-thumbnail","6":"product_cat-larmgivare-skalskydd","7":"product_tag-egen-logo-ej-taggar-kort","8":"product_tag-rorelsedetektor-ir-detektorer","9":"product_tag-sbsc-larmklass3","10":"product_shipping_class-postnord-varubrev","11":"pa_brands-optex","12":"tm-no-options","14":"first","15":"instock","16":"sale","17":"featured","18":"taxable","19":"shipping-taxable","20":"purchasable","21":"product-type-simple"},"acf":[],"_links":{"self":[{"href":"https:\/\/secureus.se\/es\/wp-json\/wp\/v2\/product\/94469","targetHints":{"allow":["GET"]}}],"collection":[{"href":"https:\/\/secureus.se\/es\/wp-json\/wp\/v2\/product"}],"about":[{"href":"https:\/\/secureus.se\/es\/wp-json\/wp\/v2\/types\/product"}],"wp:featuredmedia":[{"embeddable":true,"href":"https:\/\/secureus.se\/es\/wp-json\/wp\/v2\/media\/140467"}],"wp:attachment":[{"href":"https:\/\/secureus.se\/es\/wp-json\/wp\/v2\/media?parent=94469"}],"wp:term":[{"taxonomy":"product_brand","embeddable":true,"href":"https:\/\/secureus.se\/es\/wp-json\/wp\/v2\/product_brand?post=94469"},{"taxonomy":"product_cat","embeddable":true,"href":"https:\/\/secureus.se\/es\/wp-json\/wp\/v2\/product_cat?post=94469"},{"taxonomy":"product_tag","embeddable":true,"href":"https:\/\/secureus.se\/es\/wp-json\/wp\/v2\/product_tag?post=94469"}],"curies":[{"name":"wp","href":"https:\/\/api.w.org\/{rel}","templated":true}]}}