{"id":94471,"date":"2022-06-29T12:46:19","date_gmt":"2022-06-29T10:46:19","guid":{"rendered":"https:\/\/secureus.se\/ir-detektor-pdm-i18\/"},"modified":"2026-04-08T16:41:14","modified_gmt":"2026-04-08T14:41:14","slug":"ir-detektor-pdm-i18","status":"publish","type":"product","link":"https:\/\/secureus.se\/es\/ir-detektor-pdm-i18\/","title":{"rendered":"Detector IR PDM-I18 \u2013 Gran angular de 18 metros"},"content":{"rendered":"<h1>Detector IR PDM-I18 \u2013 Gran angular de 18 metros<\/h1>\n<p data-start=\"299\" data-end=\"1081\">El detector de infrarrojos PDM-I18 es un detector de movimiento moderno y de dise\u00f1o elegante con un \u00e1ngulo amplio de 18 metros, lo que lo hace ideal para una variedad de instalaciones.<\/p>\n<p data-start=\"299\" data-end=\"1081\">Con el algoritmo Visatec desarrollado y el espejo MAGIC patentado, el PDM-I18 ofrece una detecci\u00f3n confiable de intrusos y la m\u00e1xima seguridad contra alarmas injustificadas.<br data-start=\"645\" data-end=\"648\" \/>La instalaci\u00f3n se ha tenido en cuenta con un nuevo procedimiento de prueba de recorrido y un nuevo sistema EOL, lo que hace que el tiempo de instalaci\u00f3n sea incre\u00edblemente corto y eficiente.<br data-start=\"800\" data-end=\"803\" \/>El PDM-I18 est\u00e1 equipado con una tensi\u00f3n de alimentaci\u00f3n de 9-16 VCC y un consumo de corriente de m\u00e1ximo 4,7 mA (LED encendido), lo que lo hace energ\u00e9ticamente eficiente y fiable.<\/p>\n<p data-start=\"299\" data-end=\"1081\">Est\u00e1 certificado seg\u00fan el certificado SBSC 13-333, clase 1-2, lo que garantiza que cumple con los m\u00e1s altos requisitos de seguridad.<\/p>\n<p data-start=\"1083\" data-end=\"1113\"><strong data-start=\"1083\" data-end=\"1111\">Caracter\u00edsticas y beneficios:<\/strong><\/p>\n<ul data-start=\"1114\" data-end=\"1512\">\n<li data-start=\"1114\" data-end=\"1173\">\n<p data-start=\"1116\" data-end=\"1173\">Gran angular de 18 metros para una detecci\u00f3n completa y precisa<\/p>\n<\/li>\n<li data-start=\"1174\" data-end=\"1255\">\n<p data-start=\"1176\" data-end=\"1255\">Espejo MAGIC patentado y algoritmo Visatec para alta seguridad y precisi\u00f3n<\/p>\n<\/li>\n<li data-start=\"1256\" data-end=\"1321\">\n<p data-start=\"1258\" data-end=\"1321\">Instalaci\u00f3n r\u00e1pida con nuevo procedimiento de prueba de recorrido y sistema EOL<\/p>\n<\/li>\n<li data-start=\"1322\" data-end=\"1370\">\n<p data-start=\"1324\" data-end=\"1370\">Bajo consumo de energ\u00eda (m\u00e1ximo 4,7 mA cuando el LED est\u00e1 encendido)<\/p>\n<\/li>\n<li data-start=\"1371\" data-end=\"1439\">\n<p data-start=\"1373\" data-end=\"1439\">Certificado seg\u00fan el certificado SBSC 13-333, clase 1-2 para alta seguridad<\/p>\n<\/li>\n<li data-start=\"1440\" data-end=\"1512\">\n<p data-start=\"1442\" data-end=\"1512\">Dise\u00f1o compacto y moderno para una f\u00e1cil integraci\u00f3n en diversas instalaciones.<\/p>\n<\/li>\n<\/ul>\n<p data-start=\"1514\" data-end=\"1545\"><strong data-start=\"1514\" data-end=\"1543\">Especificaciones t\u00e9cnicas:<\/strong><\/p>\n<ul data-start=\"1546\" data-end=\"1729\">\n<li data-start=\"1546\" data-end=\"1578\">\n<p data-start=\"1548\" data-end=\"1578\">Cobertura: Gran angular de 18 metros<\/p>\n<\/li>\n<li data-start=\"1579\" data-end=\"1611\">\n<p data-start=\"1581\" data-end=\"1611\">Fuente de alimentaci\u00f3n: 9 \u2013 16 VCC<\/p>\n<\/li>\n<li data-start=\"1612\" data-end=\"1653\">\n<p data-start=\"1614\" data-end=\"1653\">Consumo de energ\u00eda: m\u00e1x. 4,7 mA (LED encendido)<\/p>\n<\/li>\n<li data-start=\"1654\" data-end=\"1687\">\n<p data-start=\"1656\" data-end=\"1687\">Certificado SBSC: 13-333, clase 1-2<\/p>\n<\/li>\n<li data-start=\"1688\" data-end=\"1729\">\n<p data-start=\"1690\" data-end=\"1729\">Dimensiones: Dimensiones est\u00e1ndar para detectores PIR<\/p>\n<\/li>\n<\/ul>","protected":false},"excerpt":{"rendered":"<p>Detector de movimiento MAGIC con gran \u00e1ngulo de 18 metros, algoritmo Visatec y bajo consumo de energ\u00eda.<\/p>\n<p>Alta seguridad contra falsas alarmas y r\u00e1pida instalaci\u00f3n.<\/p>","protected":false},"featured_media":142638,"template":"","meta":{"_acf_changed":false},"product_brand":[],"product_cat":[1325],"product_tag":[2145,2418,2465],"class_list":{"0":"post-94471","1":"product","2":"type-product","3":"status-publish","4":"has-post-thumbnail","6":"product_cat-larmgivare-skalskydd","7":"product_tag-rorelsedetektor-ir-detektorer","8":"product_tag-rel-larmgivare","9":"product_tag-sbsc-larmklass2","10":"product_shipping_class-postnord-varubrev","11":"pa_brands-6vanderbilt","12":"tm-no-options","14":"first","15":"instock","16":"sale","17":"featured","18":"taxable","19":"shipping-taxable","20":"purchasable","21":"product-type-simple"},"acf":[],"_links":{"self":[{"href":"https:\/\/secureus.se\/es\/wp-json\/wp\/v2\/product\/94471","targetHints":{"allow":["GET"]}}],"collection":[{"href":"https:\/\/secureus.se\/es\/wp-json\/wp\/v2\/product"}],"about":[{"href":"https:\/\/secureus.se\/es\/wp-json\/wp\/v2\/types\/product"}],"wp:featuredmedia":[{"embeddable":true,"href":"https:\/\/secureus.se\/es\/wp-json\/wp\/v2\/media\/142638"}],"wp:attachment":[{"href":"https:\/\/secureus.se\/es\/wp-json\/wp\/v2\/media?parent=94471"}],"wp:term":[{"taxonomy":"product_brand","embeddable":true,"href":"https:\/\/secureus.se\/es\/wp-json\/wp\/v2\/product_brand?post=94471"},{"taxonomy":"product_cat","embeddable":true,"href":"https:\/\/secureus.se\/es\/wp-json\/wp\/v2\/product_cat?post=94471"},{"taxonomy":"product_tag","embeddable":true,"href":"https:\/\/secureus.se\/es\/wp-json\/wp\/v2\/product_tag?post=94471"}],"curies":[{"name":"wp","href":"https:\/\/api.w.org\/{rel}","templated":true}]}}