{"id":94472,"date":"2022-06-29T12:45:51","date_gmt":"2022-06-29T10:45:51","guid":{"rendered":"https:\/\/secureus.se\/ir-detektor-pdm-i18t\/"},"modified":"2026-04-23T11:08:49","modified_gmt":"2026-04-23T09:08:49","slug":"ir-detektor-pdm-i18t","status":"publish","type":"product","link":"https:\/\/secureus.se\/es\/ir-detektor-pdm-i18t\/","title":{"rendered":"Detector IR PDM-I18T Antimask - Gran angular de 18 metros"},"content":{"rendered":"<h1>Detector IR PDM-I18T Antimask - Gran angular de 18 metros<\/h1>\n<p data-start=\"327\" data-end=\"1330\">El detector IR PDM-I18T es un detector de movimiento de dise\u00f1o elegante y moderno que combina tecnolog\u00edas avanzadas como la \u00f3ptica de espejo MAGIC y el algoritmo Visatec para proporcionar una detecci\u00f3n confiable y alta seguridad.<\/p>\n<p data-start=\"327\" data-end=\"1330\">Con un \u00e1rea de cobertura de gran angular de 18 metros, el PDM-I18T es perfecto para todo tipo de instalaciones, incluidos entornos privados y comerciales.<br data-start=\"707\" data-end=\"710\" \/>Una caracter\u00edstica \u00fanica del PDM-I18T es su funci\u00f3n antienmascaramiento en tiempo real, que le permite detectar intentos de manipulaci\u00f3n y enmascaramiento en tiempo real, proporcionando as\u00ed un mayor nivel de seguridad.<br data-start=\"891\" data-end=\"894\" \/>El PDM-I18T est\u00e1 equipado con un concepto de f\u00e1cil instalaci\u00f3n que incluye un nuevo procedimiento de prueba de recorrido y un sistema EOL para que la instalaci\u00f3n sea r\u00e1pida y sencilla.<\/p>\n<p data-start=\"327\" data-end=\"1330\">Tiene un bajo consumo de corriente de 3,9 mA (rms) y un pico m\u00e1ximo de 6,6 mA, lo que lo hace energ\u00e9ticamente eficiente y confiable.<br data-start=\"1177\" data-end=\"1180\" \/>El PDM-I18T est\u00e1 aprobado seg\u00fan EN50131-2-2 grado 3, VdS clase C y SBSC clase 3\/4, lo que garantiza que cumple con los m\u00e1s altos est\u00e1ndares de seguridad.<\/p>\n<p data-start=\"1332\" data-end=\"1362\"><strong data-start=\"1332\" data-end=\"1360\">Caracter\u00edsticas y beneficios:<\/strong><\/p>\n<ul data-start=\"1363\" data-end=\"1823\">\n<li data-start=\"1363\" data-end=\"1412\">\n<p data-start=\"1365\" data-end=\"1412\">Gran angular de 18 metros para una detecci\u00f3n integral<\/p>\n<\/li>\n<li data-start=\"1413\" data-end=\"1485\">\n<p data-start=\"1415\" data-end=\"1485\">Funci\u00f3n antienmascaramiento en tiempo real para detectar manipulaciones y enmascaramientos<\/p>\n<\/li>\n<li data-start=\"1486\" data-end=\"1559\">\n<p data-start=\"1488\" data-end=\"1559\">\u00d3ptica de espejo MAGIC y algoritmo Visatec para alta seguridad y precisi\u00f3n<\/p>\n<\/li>\n<li data-start=\"1560\" data-end=\"1614\">\n<p data-start=\"1562\" data-end=\"1614\">Bajo consumo de energ\u00eda (3,9 mA rms, 6,6 mA pico m\u00e1ximo)<\/p>\n<\/li>\n<li data-start=\"1615\" data-end=\"1680\">\n<p data-start=\"1617\" data-end=\"1680\">F\u00e1cil instalaci\u00f3n con nuevo procedimiento de prueba de recorrido y sistema EOL<\/p>\n<\/li>\n<li data-start=\"1681\" data-end=\"1747\">\n<p data-start=\"1683\" data-end=\"1747\">Salida: 30 VCC\/100 mA, NC para una integraci\u00f3n segura y flexible<\/p>\n<\/li>\n<li data-start=\"1748\" data-end=\"1823\">\n<p data-start=\"1750\" data-end=\"1823\">Certificado seg\u00fan EN50131-2-2 grado 3, VdS clase C y SBSC clase 3\/4<\/p>\n<\/li>\n<\/ul>\n<p data-start=\"1825\" data-end=\"1856\"><strong data-start=\"1825\" data-end=\"1854\">Especificaciones t\u00e9cnicas:<\/strong><\/p>\n<ul data-start=\"1857\" data-end=\"2177\">\n<li data-start=\"1857\" data-end=\"1889\">\n<p data-start=\"1859\" data-end=\"1889\">Cobertura: Gran angular de 18 metros<\/p>\n<\/li>\n<li data-start=\"1890\" data-end=\"1934\">\n<p data-start=\"1892\" data-end=\"1934\">Fuente de alimentaci\u00f3n: 9 \u2013 16 VCC (12 V nominales)<\/p>\n<\/li>\n<li data-start=\"1935\" data-end=\"1988\">\n<p data-start=\"1937\" data-end=\"1988\">Consumo de corriente: 3,9 mA (rms), 6,6 mA (pico m\u00e1ximo)<\/p>\n<\/li>\n<li data-start=\"1989\" data-end=\"2022\">\n<p data-start=\"1991\" data-end=\"2022\">Salidas: 30 VCC \/ 100 mA, NC<\/p>\n<\/li>\n<li data-start=\"2023\" data-end=\"2057\">\n<p data-start=\"2025\" data-end=\"2057\">Dimensiones (An. x Al. x Pr.): 64 x 147 x 35 mm<\/p>\n<\/li>\n<li data-start=\"2058\" data-end=\"2124\">\n<p data-start=\"2060\" data-end=\"2124\">Aprobaci\u00f3n: EN50131-2-2 grado 3, VdS clase C, SBSC clase 3\/4<\/p>\n<\/li>\n<li data-start=\"2125\" data-end=\"2177\">\n<p data-start=\"2127\" data-end=\"2177\">Rango de temperatura: Est\u00e1ndar para detectores PIR<\/p>\n<\/li>\n<\/ul>","protected":false},"excerpt":{"rendered":"<p>Detector de movimiento M\u00c1GICO con gran \u00e1ngulo de 18 metros y antienmascaramiento en tiempo real.<\/p>\n<p>Algoritmo Visatec, espejo MAGIC patentado y alta seguridad para una detecci\u00f3n confiable.<\/p>","protected":false},"featured_media":142197,"template":"","meta":{"_acf_changed":false},"product_brand":[],"product_cat":[1325],"product_tag":[2145,2418,2466],"class_list":{"0":"post-94472","1":"product","2":"type-product","3":"status-publish","4":"has-post-thumbnail","6":"product_cat-larmgivare-skalskydd","7":"product_tag-rorelsedetektor-ir-detektorer","8":"product_tag-rel-larmgivare","9":"product_tag-sbsc-larmklass3","10":"product_shipping_class-postnord-varubrev","11":"pa_brands-6vanderbilt","12":"tm-no-options","14":"first","15":"instock","16":"sale","17":"featured","18":"taxable","19":"shipping-taxable","20":"purchasable","21":"product-type-simple"},"acf":[],"_links":{"self":[{"href":"https:\/\/secureus.se\/es\/wp-json\/wp\/v2\/product\/94472","targetHints":{"allow":["GET"]}}],"collection":[{"href":"https:\/\/secureus.se\/es\/wp-json\/wp\/v2\/product"}],"about":[{"href":"https:\/\/secureus.se\/es\/wp-json\/wp\/v2\/types\/product"}],"wp:featuredmedia":[{"embeddable":true,"href":"https:\/\/secureus.se\/es\/wp-json\/wp\/v2\/media\/142197"}],"wp:attachment":[{"href":"https:\/\/secureus.se\/es\/wp-json\/wp\/v2\/media?parent=94472"}],"wp:term":[{"taxonomy":"product_brand","embeddable":true,"href":"https:\/\/secureus.se\/es\/wp-json\/wp\/v2\/product_brand?post=94472"},{"taxonomy":"product_cat","embeddable":true,"href":"https:\/\/secureus.se\/es\/wp-json\/wp\/v2\/product_cat?post=94472"},{"taxonomy":"product_tag","embeddable":true,"href":"https:\/\/secureus.se\/es\/wp-json\/wp\/v2\/product_tag?post=94472"}],"curies":[{"name":"wp","href":"https:\/\/api.w.org\/{rel}","templated":true}]}}