{"id":94473,"date":"2022-06-29T12:45:25","date_gmt":"2022-06-29T10:45:25","guid":{"rendered":"https:\/\/secureus.se\/ir-detektor-pdm-i12t\/"},"modified":"2026-04-08T16:54:03","modified_gmt":"2026-04-08T14:54:03","slug":"ir-detektor-pdm-i12t","status":"publish","type":"product","link":"https:\/\/secureus.se\/es\/ir-detektor-pdm-i12t\/","title":{"rendered":"Detector IR PDM-I12T Antimask - Gran angular de 12 metros"},"content":{"rendered":"<h1>Detector IR PDM-I12T Antimask - Gran angular de 12 metros<\/h1>\n<p data-start=\"330\" data-end=\"1423\">El detector de infrarrojos antim\u00e1scara PDM-I12T es un detector de movimiento moderno y de dise\u00f1o elegante que combina el espejo MAGIC patentado y un algoritmo Visatec a\u00fan m\u00e1s desarrollado para una detecci\u00f3n precisa y confiable de intrusos.<\/p>\n<p data-start=\"330\" data-end=\"1423\">Con un \u00e1rea de cobertura de gran angular de 12 metros y funci\u00f3n antienmascaramiento en tiempo real, el PDM-I12T proporciona alta seguridad y minimiza el riesgo de falsas alarmas en entornos privados y comerciales.<br data-start=\"751\" data-end=\"754\" \/>El espejo MAGIC avanzado garantiza que el detector capture y rastree eficazmente a los intrusos, mientras que el algoritmo patentado Visatec permite que el PDM-I12T filtre se\u00f1ales y objetos no deseados que no representan una amenaza.<br data-start=\"998\" data-end=\"1001\" \/>El PDM-I12T tambi\u00e9n est\u00e1 equipado con un concepto de instalaci\u00f3n f\u00e1cil de usar, que incluye un nuevo procedimiento de prueba de recorrido y un sistema EOL que hace que la instalaci\u00f3n sea r\u00e1pida y sencilla.<\/p>\n<p data-start=\"330\" data-end=\"1423\">Con un bajo consumo de corriente de m\u00e1ximo 6,6 mA (LED encendido) y una fuente de alimentaci\u00f3n de 9-16 VCC, el detector es energ\u00e9ticamente eficiente y fiable.<\/p>\n<p data-start=\"330\" data-end=\"1423\">Est\u00e1 certificado seg\u00fan el certificado SBSC 13-332, clase 3-4, lo que garantiza que cumple altos est\u00e1ndares de seguridad.<\/p>\n<p data-start=\"1425\" data-end=\"1455\"><strong data-start=\"1425\" data-end=\"1453\">Caracter\u00edsticas y beneficios:<\/strong><\/p>\n<ul data-start=\"1456\" data-end=\"1905\">\n<li data-start=\"1456\" data-end=\"1513\">\n<p data-start=\"1458\" data-end=\"1513\">Gran \u00e1ngulo de 12 metros para una detecci\u00f3n eficiente y precisa<\/p>\n<\/li>\n<li data-start=\"1514\" data-end=\"1587\">\n<p data-start=\"1516\" data-end=\"1587\">Funci\u00f3n antienmascaramiento en tiempo real para evitar la manipulaci\u00f3n y el enmascaramiento.<\/p>\n<\/li>\n<li data-start=\"1588\" data-end=\"1661\">\n<p data-start=\"1590\" data-end=\"1661\">\u00d3ptica de espejo MAGIC y algoritmo Visatec para alta seguridad y precisi\u00f3n<\/p>\n<\/li>\n<li data-start=\"1662\" data-end=\"1710\">\n<p data-start=\"1664\" data-end=\"1710\">Bajo consumo de energ\u00eda (m\u00e1ximo 6,6 mA cuando el LED est\u00e1 encendido)<\/p>\n<\/li>\n<li data-start=\"1711\" data-end=\"1776\">\n<p data-start=\"1713\" data-end=\"1776\">Nuevo procedimiento de prueba de recorrido y sistema EOL para una instalaci\u00f3n r\u00e1pida<\/p>\n<\/li>\n<li data-start=\"1777\" data-end=\"1845\">\n<p data-start=\"1779\" data-end=\"1845\">Certificado seg\u00fan el certificado SBSC 13-332, clase 3-4 para alta seguridad<\/p>\n<\/li>\n<li data-start=\"1846\" data-end=\"1905\">\n<p data-start=\"1848\" data-end=\"1905\">Dise\u00f1o compacto y elegante que se adapta a cualquier instalaci\u00f3n.<\/p>\n<\/li>\n<\/ul>\n<p data-start=\"1907\" data-end=\"1938\"><strong data-start=\"1907\" data-end=\"1936\">Especificaciones t\u00e9cnicas:<\/strong><\/p>\n<ul data-start=\"1939\" data-end=\"2210\">\n<li data-start=\"1939\" data-end=\"1971\">\n<p data-start=\"1941\" data-end=\"1971\">Cobertura: Gran angular de 12 metros<\/p>\n<\/li>\n<li data-start=\"1972\" data-end=\"2004\">\n<p data-start=\"1974\" data-end=\"2004\">Fuente de alimentaci\u00f3n: 9 \u2013 16 VCC<\/p>\n<\/li>\n<li data-start=\"2005\" data-end=\"2046\">\n<p data-start=\"2007\" data-end=\"2046\">Consumo de energ\u00eda: m\u00e1x. 6,6 mA (LED encendido)<\/p>\n<\/li>\n<li data-start=\"2047\" data-end=\"2063\">\n<p data-start=\"2049\" data-end=\"2063\">Anti-m\u00e1scara: S\u00ed<\/p>\n<\/li>\n<li data-start=\"2064\" data-end=\"2109\">\n<p data-start=\"2066\" data-end=\"2109\">Aprobaci\u00f3n: Certificado SBSC 13-332, clase 3-4<\/p>\n<\/li>\n<li data-start=\"2110\" data-end=\"2159\">\n<p data-start=\"2112\" data-end=\"2159\">Dimensiones: Dimensiones est\u00e1ndar para detectores PIR\/microondas<\/p>\n<\/li>\n<li data-start=\"2160\" data-end=\"2210\">\n<p data-start=\"2162\" data-end=\"2210\">Rango de temperatura: Est\u00e1ndar para detectores PIR<\/p>\n<\/li>\n<\/ul>","protected":false},"excerpt":{"rendered":"<p>Detector de movimiento M\u00c1GICO con gran \u00e1ngulo de 12 metros y funci\u00f3n antienmascaramiento en tiempo real.<\/p>\n<p>Algoritmo Visatec y alta seguridad para una detecci\u00f3n precisa y un rendimiento confiable.<\/p>","protected":false},"featured_media":142553,"template":"","meta":{"_acf_changed":false},"product_brand":[],"product_cat":[1325],"product_tag":[2145,2466],"class_list":{"0":"post-94473","1":"product","2":"type-product","3":"status-publish","4":"has-post-thumbnail","6":"product_cat-larmgivare-skalskydd","7":"product_tag-rorelsedetektor-ir-detektorer","8":"product_tag-sbsc-larmklass3","9":"product_shipping_class-postnord-varubrev","10":"pa_brands-6vanderbilt","11":"tm-no-options","13":"first","14":"instock","15":"sale","16":"featured","17":"taxable","18":"shipping-taxable","19":"purchasable","20":"product-type-simple"},"acf":[],"_links":{"self":[{"href":"https:\/\/secureus.se\/es\/wp-json\/wp\/v2\/product\/94473","targetHints":{"allow":["GET"]}}],"collection":[{"href":"https:\/\/secureus.se\/es\/wp-json\/wp\/v2\/product"}],"about":[{"href":"https:\/\/secureus.se\/es\/wp-json\/wp\/v2\/types\/product"}],"wp:featuredmedia":[{"embeddable":true,"href":"https:\/\/secureus.se\/es\/wp-json\/wp\/v2\/media\/142553"}],"wp:attachment":[{"href":"https:\/\/secureus.se\/es\/wp-json\/wp\/v2\/media?parent=94473"}],"wp:term":[{"taxonomy":"product_brand","embeddable":true,"href":"https:\/\/secureus.se\/es\/wp-json\/wp\/v2\/product_brand?post=94473"},{"taxonomy":"product_cat","embeddable":true,"href":"https:\/\/secureus.se\/es\/wp-json\/wp\/v2\/product_cat?post=94473"},{"taxonomy":"product_tag","embeddable":true,"href":"https:\/\/secureus.se\/es\/wp-json\/wp\/v2\/product_tag?post=94473"}],"curies":[{"name":"wp","href":"https:\/\/api.w.org\/{rel}","templated":true}]}}