{"id":94474,"date":"2022-06-29T12:45:15","date_gmt":"2022-06-29T10:45:15","guid":{"rendered":"https:\/\/secureus.se\/ir-detektor-pdm-i12\/"},"modified":"2026-03-26T11:50:25","modified_gmt":"2026-03-26T10:50:25","slug":"ir-detektor-pdm-i12","status":"publish","type":"product","link":"https:\/\/secureus.se\/es\/ir-detektor-pdm-i12\/","title":{"rendered":"Detector IR PDM-I12 \u2013 Gran angular de 12 metros"},"content":{"rendered":"<h1>Detector IR PDM-I12 \u2013 Gran angular de 12 metros<\/h1>\n<p data-start=\"327\" data-end=\"1252\">El detector IR PDM-I12 es un detector de movimiento moderno y de dise\u00f1o elegante con un \u00e1ngulo amplio de 12 metros, lo que lo hace perfecto para todo tipo de instalaciones.<\/p>\n<p data-start=\"327\" data-end=\"1252\">Con el espejo MAGIC patentado y el algoritmo Visatec desarrollado, el PDM-I12 ofrece una detecci\u00f3n fiable de intrusos y la m\u00e1xima seguridad contra alarmas injustificadas.<br data-start=\"677\" data-end=\"680\" \/>Una caracter\u00edstica \u00fanica del PDM-I12 es la inmunidad a mascotas, que se puede activar a trav\u00e9s del clip para mascotas PO-CL, lo que hace posible utilizar el detector en entornos donde hay mascotas, sin riesgo de falsas alarmas.<br data-start=\"872\" data-end=\"875\" \/>Para facilitar la instalaci\u00f3n, el PDM-I12 cuenta con un nuevo procedimiento de prueba de recorrido y un sistema EOL, lo que hace que la instalaci\u00f3n sea r\u00e1pida y sencilla.<\/p>\n<p data-start=\"327\" data-end=\"1252\">Tiene un consumo m\u00e1ximo de corriente de 4,7 mA (LED ON) y una tensi\u00f3n de alimentaci\u00f3n de 9-16 VDC, lo que lo hace energ\u00e9ticamente eficiente y confiable.<\/p>\n<p data-start=\"327\" data-end=\"1252\">Certificado seg\u00fan el certificado SBSC 13-331, clase 1-2, garantiza que el PDM-I12 cumple con los m\u00e1s altos requisitos de seguridad.<\/p>\n<p data-start=\"1254\" data-end=\"1284\"><strong data-start=\"1254\" data-end=\"1282\">Caracter\u00edsticas y beneficios:<\/strong><\/p>\n<ul data-start=\"1285\" data-end=\"1770\">\n<li data-start=\"1285\" data-end=\"1342\">\n<p data-start=\"1287\" data-end=\"1342\">Gran \u00e1ngulo de 12 metros para una detecci\u00f3n eficiente y precisa<\/p>\n<\/li>\n<li data-start=\"1343\" data-end=\"1429\">\n<p data-start=\"1345\" data-end=\"1429\">Inmunidad a mascotas (se puede activar a trav\u00e9s del clip para mascotas PO-CL) para evitar falsas alarmas<\/p>\n<\/li>\n<li data-start=\"1430\" data-end=\"1503\">\n<p data-start=\"1432\" data-end=\"1503\">\u00d3ptica de espejo MAGIC y algoritmo Visatec para alta seguridad y precisi\u00f3n<\/p>\n<\/li>\n<li data-start=\"1504\" data-end=\"1575\">\n<p data-start=\"1506\" data-end=\"1575\">Bajo consumo de energ\u00eda (m\u00e1ximo 4,7 mA con LED encendido) para eficiencia energ\u00e9tica<\/p>\n<\/li>\n<li data-start=\"1576\" data-end=\"1641\">\n<p data-start=\"1578\" data-end=\"1641\">Nuevo procedimiento de prueba de recorrido y sistema EOL para una instalaci\u00f3n r\u00e1pida<\/p>\n<\/li>\n<li data-start=\"1642\" data-end=\"1710\">\n<p data-start=\"1644\" data-end=\"1710\">Certificado seg\u00fan el certificado SBSC 13-331, clase 1-2 para alta seguridad<\/p>\n<\/li>\n<li data-start=\"1711\" data-end=\"1770\">\n<p data-start=\"1713\" data-end=\"1770\">Dise\u00f1o compacto y elegante que se adapta a cualquier instalaci\u00f3n.<\/p>\n<\/li>\n<\/ul>\n<p data-start=\"1772\" data-end=\"1803\"><strong data-start=\"1772\" data-end=\"1801\">Especificaciones t\u00e9cnicas:<\/strong><\/p>\n<ul data-start=\"1804\" data-end=\"2101\">\n<li data-start=\"1804\" data-end=\"1836\">\n<p data-start=\"1806\" data-end=\"1836\">Cobertura: Gran angular de 12 metros<\/p>\n<\/li>\n<li data-start=\"1837\" data-end=\"1869\">\n<p data-start=\"1839\" data-end=\"1869\">Fuente de alimentaci\u00f3n: 9 \u2013 16 VCC<\/p>\n<\/li>\n<li data-start=\"1870\" data-end=\"1911\">\n<p data-start=\"1872\" data-end=\"1911\">Consumo de energ\u00eda: m\u00e1x. 4,7 mA (LED encendido)<\/p>\n<\/li>\n<li data-start=\"1912\" data-end=\"1960\">\n<p data-start=\"1914\" data-end=\"1960\">Inmunidad a mascotas: S\u00ed (a trav\u00e9s del clip para mascotas PO-CL)<\/p>\n<\/li>\n<li data-start=\"1961\" data-end=\"2006\">\n<p data-start=\"1963\" data-end=\"2006\">Aprobaci\u00f3n: Certificado SBSC 13-331, clase 1-2<\/p>\n<\/li>\n<li data-start=\"2007\" data-end=\"2048\">\n<p data-start=\"2009\" data-end=\"2048\">Dimensiones: Dimensiones est\u00e1ndar para detectores PIR<\/p>\n<\/li>\n<li data-start=\"2049\" data-end=\"2101\">\n<p data-start=\"2051\" data-end=\"2101\">Rango de temperatura: Est\u00e1ndar para detectores PIR<\/p>\n<\/li>\n<\/ul>","protected":false},"excerpt":{"rendered":"<p>Detector de movimiento MAGIC con gran \u00e1ngulo de 12 metros, algoritmo Visatec e inmunidad a mascotas (mediante clip PO-CL Pet).<\/p>\n<p>Detecci\u00f3n confiable y alta seguridad con bajo consumo de energ\u00eda.<\/p>","protected":false},"featured_media":142492,"template":"","meta":{"_acf_changed":false},"product_brand":[],"product_cat":[1325],"product_tag":[2145,2465],"class_list":{"0":"post-94474","1":"product","2":"type-product","3":"status-publish","4":"has-post-thumbnail","6":"product_cat-larmgivare-skalskydd","7":"product_tag-rorelsedetektor-ir-detektorer","8":"product_tag-sbsc-larmklass2","9":"product_shipping_class-tunga-paket","10":"pa_brands-6vanderbilt","11":"tm-no-options","13":"first","14":"instock","15":"sale","16":"featured","17":"taxable","18":"shipping-taxable","19":"purchasable","20":"product-type-simple"},"acf":[],"_links":{"self":[{"href":"https:\/\/secureus.se\/es\/wp-json\/wp\/v2\/product\/94474","targetHints":{"allow":["GET"]}}],"collection":[{"href":"https:\/\/secureus.se\/es\/wp-json\/wp\/v2\/product"}],"about":[{"href":"https:\/\/secureus.se\/es\/wp-json\/wp\/v2\/types\/product"}],"wp:featuredmedia":[{"embeddable":true,"href":"https:\/\/secureus.se\/es\/wp-json\/wp\/v2\/media\/142492"}],"wp:attachment":[{"href":"https:\/\/secureus.se\/es\/wp-json\/wp\/v2\/media?parent=94474"}],"wp:term":[{"taxonomy":"product_brand","embeddable":true,"href":"https:\/\/secureus.se\/es\/wp-json\/wp\/v2\/product_brand?post=94474"},{"taxonomy":"product_cat","embeddable":true,"href":"https:\/\/secureus.se\/es\/wp-json\/wp\/v2\/product_cat?post=94474"},{"taxonomy":"product_tag","embeddable":true,"href":"https:\/\/secureus.se\/es\/wp-json\/wp\/v2\/product_tag?post=94474"}],"curies":[{"name":"wp","href":"https:\/\/api.w.org\/{rel}","templated":true}]}}