{"id":96401,"date":"2024-07-22T12:18:46","date_gmt":"2024-07-22T10:18:46","guid":{"rendered":"https:\/\/secureus.se\/seagate-skyhawk-st2000vx017-2tb-3-5-sata-6gbs-harddisk-3-ars-seagate-rescue-data-recovery\/"},"modified":"2025-12-31T21:11:22","modified_gmt":"2025-12-31T20:11:22","slug":"seagate-skyhawk-st2000vx017-2tb-3-5-sata-6gbs-harddisk-3-ars-seagate-rescue-data-recovery","status":"publish","type":"product","link":"https:\/\/secureus.se\/es\/seagate-skyhawk-st2000vx017-2tb-3-5-sata-6gbs-harddisk-3-ars-seagate-rescue-data-recovery\/","title":{"rendered":"Seagate SkyHawk ST2000VX017 - Disco duro de 2 TB, 3,5\u2033, SATA, 6 Gb\/s, con 3 a\u00f1os de garant\u00eda de Seagate Rescue Data Recovery"},"content":{"rendered":"<div class=\"headernamehrnone\">SkyHawk se beneficia de la amplia experiencia de Seagate en el dise\u00f1o de discos duros dise\u00f1ados espec\u00edficamente para aplicaciones de vigilancia.<\/div>\n<div class=\"row headername\"><\/div>\n<div>\n<ul>\n<li>Firmware ImagePerfect\u2122<\/li>\n<li>Gesti\u00f3n de la salud SkyHawk<\/li>\n<li>Protecci\u00f3n de datos sin igual<\/li>\n<li>MTBF de 1 mill\u00f3n de horas<\/li>\n<\/ul>\n<div class=\"ns_font_title_6 ns_m_b_4 ns_m_t_3\">Generalmente<\/div>\n<div class=\"nsv-table\">\n<div class=\"nsv-table-container\">\n<div class=\"nsv-scroll_container\">\n<div class=\"nsv-scroll_container-scrollable\">\n<table class=\"nsv-table-native is-nsv-table-horizontal ns_b_b\">\n<caption class=\"ns_visually_hidden\">Generalmente<\/caption>\n<tbody>\n<tr class=\"nsv-table-native-row isDraggable\">\n<th id=\"nsvTableHeader-8.0\" class=\"nsv-table-cell is-header-cell is-nsv-table-column-scrolled-right nsv-table-cell--odd_row nsv-keyvalue-table-header ns_font_title_7 specification-tab-key_column ns_font_title_7 ns_font_title_6 ns_p_v_3\" title=\"Tipo de dispositivo\" scope=\"row\">\n<div class=\"ns_p_v_2\">\n<div class=\"\">Tipo de dispositivo<\/div>\n<\/div>\n<\/th>\n<td class=\"nsv-table-cell is-nsv-table-column-scrolled-right nsv-table-cell--odd_row ns_font_details\" headers=\"nsvTableHeader-8.0\">\n<div>\n<div class=\"ns_m_v_3 ns_p_v_2 ns_p_h_3\">Disco duro integrado<\/div>\n<\/div>\n<\/td>\n<\/tr>\n<tr class=\"nsv-table-native-row isDraggable\">\n<th id=\"nsvTableHeader-8.1\" class=\"nsv-table-cell is-header-cell is-nsv-table-column-scrolled-right nsv-table-cell--even_row nsv-keyvalue-table-header ns_font_title_7 specification-tab-key_column ns_font_title_7 ns_font_title_6 ns_p_v_3\" title=\"Capacidad\" scope=\"row\">\n<div class=\"ns_p_v_2\">\n<div class=\"\">Capacidad<\/div>\n<\/div>\n<\/th>\n<td class=\"nsv-table-cell is-nsv-table-column-scrolled-right nsv-table-cell--even_row ns_font_details\" headers=\"nsvTableHeader-8.1\">\n<div>\n<div class=\"ns_m_v_3 ns_p_v_2 ns_p_h_3\">2 TB<\/div>\n<\/div>\n<\/td>\n<\/tr>\n<tr class=\"nsv-table-native-row isDraggable\">\n<th id=\"nsvTableHeader-8.2\" class=\"nsv-table-cell is-header-cell is-nsv-table-column-scrolled-right nsv-table-cell--odd_row nsv-keyvalue-table-header ns_font_title_7 specification-tab-key_column ns_font_title_7 ns_font_title_6 ns_p_v_3\" title=\"Factor de forma\" scope=\"row\">\n<div class=\"ns_p_v_2\">\n<div class=\"\">Factor de forma<\/div>\n<\/div>\n<\/th>\n<td class=\"nsv-table-cell is-nsv-table-column-scrolled-right nsv-table-cell--odd_row ns_font_details\" headers=\"nsvTableHeader-8.2\">\n<div>\n<div class=\"ns_m_v_3 ns_p_v_2 ns_p_h_3\">3,5\u2033<\/div>\n<\/div>\n<\/td>\n<\/tr>\n<tr class=\"nsv-table-native-row isDraggable\">\n<th id=\"nsvTableHeader-8.3\" class=\"nsv-table-cell is-header-cell is-nsv-table-column-scrolled-right nsv-table-cell--even_row nsv-keyvalue-table-header ns_font_title_7 specification-tab-key_column ns_font_title_7 ns_font_title_6 ns_p_v_3\" title=\"Interfaz\" scope=\"row\">\n<div class=\"ns_p_v_2\">\n<div class=\"\">Interfaz<\/div>\n<\/div>\n<\/th>\n<td class=\"nsv-table-cell is-nsv-table-column-scrolled-right nsv-table-cell--even_row ns_font_details\" headers=\"nsvTableHeader-8.3\">\n<div>\n<div class=\"ns_m_v_3 ns_p_v_2 ns_p_h_3\">SATA 6 Gb\/s<\/div>\n<\/div>\n<\/td>\n<\/tr>\n<tr class=\"nsv-table-native-row isDraggable\">\n<th id=\"nsvTableHeader-8.4\" class=\"nsv-table-cell is-header-cell is-nsv-table-column-scrolled-right nsv-table-cell--odd_row nsv-keyvalue-table-header ns_font_title_7 specification-tab-key_column ns_font_title_7 ns_font_title_6 ns_p_v_3\" title=\"Tama\u00f1o del b\u00fafer\" scope=\"row\">\n<div class=\"ns_p_v_2\">\n<div class=\"\">Tama\u00f1o del b\u00fafer<\/div>\n<\/div>\n<\/th>\n<td class=\"nsv-table-cell is-nsv-table-column-scrolled-right nsv-table-cell--odd_row ns_font_details\" headers=\"nsvTableHeader-8.4\">\n<div>\n<div class=\"ns_m_v_3 ns_p_v_2 ns_p_h_3\">256 MB<\/div>\n<\/div>\n<\/td>\n<\/tr>\n<tr class=\"nsv-table-native-row isDraggable\">\n<th id=\"nsvTableHeader-8.5\" class=\"nsv-table-cell is-header-cell is-nsv-table-column-scrolled-right nsv-table-cell--even_row nsv-keyvalue-table-header ns_font_title_7 specification-tab-key_column ns_font_title_7 ns_font_title_6 ns_p_v_3\" title=\"Caracter\u00edsticas\" scope=\"row\">\n<div class=\"ns_p_v_2\">\n<div class=\"\">Caracter\u00edsticas<\/div>\n<\/div>\n<\/th>\n<td class=\"nsv-table-cell is-nsv-table-column-scrolled-right nsv-table-cell--even_row ns_font_details\" headers=\"nsvTableHeader-8.5\">\n<div>\n<div class=\"ns_m_v_3 ns_p_v_2 ns_p_h_3\">Sensor RV, funcionamiento continuo 24\u00d77, CMR (registro magn\u00e9tico convencional), resistente a las manchas<\/div>\n<\/div>\n<\/td>\n<\/tr>\n<tr class=\"nsv-table-native-row isDraggable\">\n<th id=\"nsvTableHeader-8.6\" class=\"nsv-table-cell is-header-cell is-nsv-table-column-scrolled-right nsv-table-cell--odd_row nsv-keyvalue-table-header ns_font_title_7 specification-tab-key_column ns_font_title_7 ns_font_title_6 ns_p_v_3\" title=\"Ancho\" scope=\"row\">\n<div class=\"ns_p_v_2\">\n<div class=\"\">Ancho<\/div>\n<\/div>\n<\/th>\n<td class=\"nsv-table-cell is-nsv-table-column-scrolled-right nsv-table-cell--odd_row ns_font_details\" headers=\"nsvTableHeader-8.6\">\n<div>\n<div class=\"ns_m_v_3 ns_p_v_2 ns_p_h_3\">101,6 mil\u00edmetros<\/div>\n<\/div>\n<\/td>\n<\/tr>\n<tr class=\"nsv-table-native-row isDraggable\">\n<th id=\"nsvTableHeader-8.7\" class=\"nsv-table-cell is-header-cell is-nsv-table-column-scrolled-right nsv-table-cell--even_row nsv-keyvalue-table-header ns_font_title_7 specification-tab-key_column ns_font_title_7 ns_font_title_6 ns_p_v_3\" title=\"Profundidad\" scope=\"row\">\n<div class=\"ns_p_v_2\">\n<div class=\"\">Profundidad<\/div>\n<\/div>\n<\/th>\n<td class=\"nsv-table-cell is-nsv-table-column-scrolled-right nsv-table-cell--even_row ns_font_details\" headers=\"nsvTableHeader-8.7\">\n<div>\n<div class=\"ns_m_v_3 ns_p_v_2 ns_p_h_3\">146,99 mil\u00edmetros<\/div>\n<\/div>\n<\/td>\n<\/tr>\n<tr class=\"nsv-table-native-row isDraggable\">\n<th id=\"nsvTableHeader-8.8\" class=\"nsv-table-cell is-header-cell is-nsv-table-column-scrolled-right nsv-table-cell--odd_row nsv-keyvalue-table-header ns_font_title_7 specification-tab-key_column ns_font_title_7 ns_font_title_6 ns_p_v_3\" title=\"Altura\" scope=\"row\">\n<div class=\"ns_p_v_2\">\n<div class=\"\">Altura<\/div>\n<\/div>\n<\/th>\n<td class=\"nsv-table-cell is-nsv-table-column-scrolled-right nsv-table-cell--odd_row ns_font_details\" headers=\"nsvTableHeader-8.8\">\n<div>\n<div class=\"ns_m_v_3 ns_p_v_2 ns_p_h_3\">20,2 mil\u00edmetros<\/div>\n<\/div>\n<\/td>\n<\/tr>\n<tr class=\"nsv-table-native-row isDraggable\">\n<th id=\"nsvTableHeader-8.9\" class=\"nsv-table-cell is-header-cell is-nsv-table-column-scrolled-right nsv-table-cell--even_row nsv-keyvalue-table-header ns_font_title_7 specification-tab-key_column ns_font_title_7 ns_font_title_6 ns_p_v_3\" title=\"Peso\" scope=\"row\">\n<div class=\"ns_p_v_2\">\n<div class=\"\">Peso<\/div>\n<\/div>\n<\/th>\n<td class=\"nsv-table-cell is-nsv-table-column-scrolled-right nsv-table-cell--even_row ns_font_details\" headers=\"nsvTableHeader-8.9\">\n<div>\n<div class=\"ns_m_v_3 ns_p_v_2 ns_p_h_3\">415 gramos<\/div>\n<\/div>\n<\/td>\n<\/tr>\n<tr class=\"nsv-table-native-row isDraggable\">\n<th id=\"nsvTableHeader-8.10\" class=\"nsv-table-cell is-header-cell is-nsv-table-column-scrolled-right nsv-table-cell--odd_row nsv-keyvalue-table-header ns_font_title_7 specification-tab-key_column ns_font_title_7 ns_font_title_6 ns_p_v_3\" title=\"Combinado con\" scope=\"row\">\n<div class=\"ns_p_v_2\">\n<div class=\"\">Combinado con<\/div>\n<\/div>\n<\/th>\n<td class=\"nsv-table-cell is-nsv-table-column-scrolled-right nsv-table-cell--odd_row ns_font_details\" headers=\"nsvTableHeader-8.10\">\n<div>\n<div class=\"ns_m_v_3 ns_p_v_2 ns_p_h_3\">3 a\u00f1os de recuperaci\u00f3n de datos Seagate Rescue<\/div>\n<\/div>\n<\/td>\n<\/tr>\n<\/tbody>\n<\/table>\n<\/div>\n<\/div>\n<\/div>\n<\/div>\n<div class=\"ns_font_title_6 ns_m_b_4 ns_m_t_8\">Actuaci\u00f3n<\/div>\n<div class=\"nsv-table\">\n<div class=\"nsv-table-container\">\n<div class=\"nsv-scroll_container\">\n<div class=\"nsv-scroll_container-scrollable\">\n<table class=\"nsv-table-native is-nsv-table-horizontal ns_b_b\">\n<caption class=\"ns_visually_hidden\">Actuaci\u00f3n<\/caption>\n<tbody>\n<tr class=\"nsv-table-native-row isDraggable\">\n<th id=\"nsvTableHeader-7.0\" class=\"nsv-table-cell is-header-cell is-nsv-table-column-scrolled-right nsv-table-cell--odd_row nsv-keyvalue-table-header ns_font_title_7 specification-tab-key_column ns_font_title_7 ns_font_title_6 ns_p_v_3\" title=\"Velocidad de transferencia del disco duro\" scope=\"row\">\n<div class=\"ns_p_v_2\">\n<div class=\"\">Velocidad de transferencia del disco duro<\/div>\n<\/div>\n<\/th>\n<td class=\"nsv-table-cell is-nsv-table-column-scrolled-right nsv-table-cell--odd_row ns_font_details\" headers=\"nsvTableHeader-7.0\">\n<div>\n<div class=\"ns_m_v_3 ns_p_v_2 ns_p_h_3\">600 MBps (externo)<\/div>\n<\/div>\n<\/td>\n<\/tr>\n<tr class=\"nsv-table-native-row isDraggable\">\n<th id=\"nsvTableHeader-7.1\" class=\"nsv-table-cell is-header-cell is-nsv-table-column-scrolled-right nsv-table-cell--even_row nsv-keyvalue-table-header ns_font_title_7 specification-tab-key_column ns_font_title_7 ns_font_title_6 ns_p_v_3\" title=\"Velocidad de datos interna\" scope=\"row\">\n<div class=\"ns_p_v_2\">\n<div class=\"\">Velocidad de datos interna<\/div>\n<\/div>\n<\/th>\n<td class=\"nsv-table-cell is-nsv-table-column-scrolled-right nsv-table-cell--even_row ns_font_details\" headers=\"nsvTableHeader-7.1\">\n<div>\n<div class=\"ns_m_v_3 ns_p_v_2 ns_p_h_3\">180 Mbps<\/div>\n<\/div>\n<\/td>\n<\/tr>\n<\/tbody>\n<\/table>\n<\/div>\n<\/div>\n<\/div>\n<\/div>\n<div class=\"ns_font_title_6 ns_m_b_4 ns_m_t_8\">Fiabilidad<\/div>\n<div class=\"nsv-table\">\n<div class=\"nsv-table-container\">\n<div class=\"nsv-scroll_container\">\n<div class=\"nsv-scroll_container-scrollable\">\n<table class=\"nsv-table-native is-nsv-table-horizontal ns_b_b\">\n<caption class=\"ns_visually_hidden\">Fiabilidad<\/caption>\n<tbody>\n<tr class=\"nsv-table-native-row isDraggable\">\n<th id=\"nsvTableHeader-6.0\" class=\"nsv-table-cell is-header-cell is-nsv-table-column-scrolled-right nsv-table-cell--odd_row nsv-keyvalue-table-header ns_font_title_7 specification-tab-key_column ns_font_title_7 ns_font_title_6 ns_p_v_3\" title=\"MTBF (tiempo medio entre fallos)\" scope=\"row\">\n<div class=\"ns_p_v_2\">\n<div class=\"\">MTBF (tiempo medio entre fallos)<\/div>\n<\/div>\n<\/th>\n<td class=\"nsv-table-cell is-nsv-table-column-scrolled-right nsv-table-cell--odd_row ns_font_details\" headers=\"nsvTableHeader-6.0\">\n<div>\n<div class=\"ns_m_v_3 ns_p_v_2 ns_p_h_3\">100.000 horas<\/div>\n<\/div>\n<\/td>\n<\/tr>\n<tr class=\"nsv-table-native-row isDraggable\">\n<th id=\"nsvTableHeader-6.1\" class=\"nsv-table-cell is-header-cell is-nsv-table-column-scrolled-right nsv-table-cell--even_row nsv-keyvalue-table-header ns_font_title_7 specification-tab-key_column ns_font_title_7 ns_font_title_6 ns_p_v_3\" title=\"Operaci\u00f3n 24\/7\" scope=\"row\">\n<div class=\"ns_p_v_2\">\n<div class=\"\">Operaci\u00f3n 24\/7<\/div>\n<\/div>\n<\/th>\n<td class=\"nsv-table-cell is-nsv-table-column-scrolled-right nsv-table-cell--even_row ns_font_details\" headers=\"nsvTableHeader-6.1\">\n<div>\n<div class=\"ns_m_v_3 ns_p_v_2 ns_p_h_3\">S\u00ed<\/div>\n<\/div>\n<\/td>\n<\/tr>\n<tr class=\"nsv-table-native-row isDraggable\">\n<th id=\"nsvTableHeader-6.2\" class=\"nsv-table-cell is-header-cell is-nsv-table-column-scrolled-right nsv-table-cell--odd_row nsv-keyvalue-table-header ns_font_title_7 specification-tab-key_column ns_font_title_7 ns_font_title_6 ns_p_v_3\" title=\"Error irreversible\" scope=\"row\">\n<div class=\"ns_p_v_2\">\n<div class=\"\">Error irreversible<\/div>\n<\/div>\n<\/th>\n<td class=\"nsv-table-cell is-nsv-table-column-scrolled-right nsv-table-cell--odd_row ns_font_details\" headers=\"nsvTableHeader-6.2\">\n<div>\n<div class=\"ns_m_v_3 ns_p_v_2 ns_p_h_3\">1 en 10^14<\/div>\n<\/div>\n<\/td>\n<\/tr>\n<tr class=\"nsv-table-native-row isDraggable\">\n<th id=\"nsvTableHeader-6.3\" class=\"nsv-table-cell is-header-cell is-nsv-table-column-scrolled-right nsv-table-cell--even_row nsv-keyvalue-table-header ns_font_title_7 specification-tab-key_column ns_font_title_7 ns_font_title_6 ns_p_v_3\" title=\"Ciclos de carga\/descarga\" scope=\"row\">\n<div class=\"ns_p_v_2\">\n<div class=\"\">Ciclos de carga\/descarga<\/div>\n<\/div>\n<\/th>\n<td class=\"nsv-table-cell is-nsv-table-column-scrolled-right nsv-table-cell--even_row ns_font_details\" headers=\"nsvTableHeader-6.3\">\n<div>\n<div class=\"ns_m_v_3 ns_p_v_2 ns_p_h_3\">600,000<\/div>\n<\/div>\n<\/td>\n<\/tr>\n<\/tbody>\n<\/table>\n<\/div>\n<\/div>\n<\/div>\n<\/div>\n<div class=\"ns_font_title_6 ns_m_b_4 ns_m_t_8\">Expansi\u00f3n y conexiones<\/div>\n<div class=\"nsv-table\">\n<div class=\"nsv-table-container\">\n<div class=\"nsv-scroll_container\">\n<div class=\"nsv-scroll_container-scrollable\">\n<table class=\"nsv-table-native is-nsv-table-horizontal ns_b_b\">\n<caption class=\"ns_visually_hidden\">\n<div class=\"ns_font_title_6 ns_m_b_4 ns_m_t_8\">Expansi\u00f3n y conexiones<\/div>\n<\/caption>\n<tbody>\n<tr class=\"nsv-table-native-row isDraggable\">\n<th id=\"nsvTableHeader-5.0\" class=\"nsv-table-cell is-header-cell is-nsv-table-column-scrolled-right nsv-table-cell--odd_row nsv-keyvalue-table-header ns_font_title_7 specification-tab-key_column ns_font_title_7 ns_font_title_6 ns_p_v_3\" title=\"Interfaz\" scope=\"row\">\n<div class=\"ns_p_v_2\">\n<div class=\"\">Interfaz<\/div>\n<\/div>\n<\/th>\n<td class=\"nsv-table-cell is-nsv-table-column-scrolled-right nsv-table-cell--odd_row ns_font_details\" headers=\"nsvTableHeader-5.0\">\n<div>\n<div class=\"ns_m_v_3 ns_p_v_2 ns_p_h_3\">1 SATA de 6 Gb\/s<\/div>\n<\/div>\n<\/td>\n<\/tr>\n<tr class=\"nsv-table-native-row isDraggable\">\n<th id=\"nsvTableHeader-5.1\" class=\"nsv-table-cell is-header-cell is-nsv-table-column-scrolled-right nsv-table-cell--even_row nsv-keyvalue-table-header ns_font_title_7 specification-tab-key_column ns_font_title_7 ns_font_title_6 ns_p_v_3\" title=\"Bandeja compatible\" scope=\"row\">\n<div class=\"ns_p_v_2\">\n<div class=\"\">Bandeja compatible<\/div>\n<\/div>\n<\/th>\n<td class=\"nsv-table-cell is-nsv-table-column-scrolled-right nsv-table-cell--even_row ns_font_details\" headers=\"nsvTableHeader-5.1\">\n<div>\n<div class=\"ns_m_v_3 ns_p_v_2 ns_p_h_3\">3,5\u2033<\/div>\n<\/div>\n<\/td>\n<\/tr>\n<\/tbody>\n<\/table>\n<\/div>\n<\/div>\n<\/div>\n<\/div>\n<div class=\"ns_font_title_6 ns_m_b_4 ns_m_t_8\">Fuente de alimentaci\u00f3n<\/div>\n<div class=\"nsv-table\">\n<div class=\"nsv-table-container\">\n<div class=\"nsv-scroll_container\">\n<div class=\"nsv-scroll_container-scrollable\">\n<table class=\"nsv-table-native is-nsv-table-horizontal ns_b_b\">\n<caption class=\"ns_visually_hidden\">\n<div class=\"ns_font_title_6 ns_m_b_4 ns_m_t_8\">Fuente de alimentaci\u00f3n<\/div>\n<\/caption>\n<tbody>\n<tr class=\"nsv-table-native-row isDraggable\">\n<th id=\"nsvTableHeader-4.0\" class=\"nsv-table-cell is-header-cell is-nsv-table-column-scrolled-right nsv-table-cell--odd_row nsv-keyvalue-table-header ns_font_title_7 specification-tab-key_column ns_font_title_7 ns_font_title_6 ns_p_v_3\" title=\"Tensi\u00f3n de red\" scope=\"row\">\n<div class=\"ns_p_v_2\">\n<div class=\"\">Tensi\u00f3n de red<\/div>\n<\/div>\n<\/th>\n<td class=\"nsv-table-cell is-nsv-table-column-scrolled-right nsv-table-cell--odd_row ns_font_details\" headers=\"nsvTableHeader-4.0\">\n<div>\n<div class=\"ns_m_v_3 ns_p_v_2 ns_p_h_3\">5 \u2013 12 V<\/div>\n<\/div>\n<\/td>\n<\/tr>\n<tr class=\"nsv-table-native-row isDraggable\">\n<th id=\"nsvTableHeader-4.1\" class=\"nsv-table-cell is-header-cell is-nsv-table-column-scrolled-right nsv-table-cell--even_row nsv-keyvalue-table-header ns_font_title_7 specification-tab-key_column ns_font_title_7 ns_font_title_6 ns_p_v_3\" title=\"Consumo de energ\u00eda\" scope=\"row\">\n<div class=\"ns_p_v_2\">\n<div class=\"\">Consumo de energ\u00eda<\/div>\n<\/div>\n<\/th>\n<td class=\"nsv-table-cell is-nsv-table-column-scrolled-right nsv-table-cell--even_row ns_font_details\" headers=\"nsvTableHeader-4.1\">\n<div>\n<div class=\"ns_m_v_3 ns_p_v_2 ns_p_h_3\">3,7 vatios (activo) 2,5 vatios (inactivo) 0,25 vatios (suspensi\u00f3n) 0,25 vatios (suspensi\u00f3n)<\/div>\n<\/div>\n<\/td>\n<\/tr>\n<\/tbody>\n<\/table>\n<\/div>\n<\/div>\n<\/div>\n<\/div>\n<div class=\"ns_font_title_6 ns_m_b_4 ns_m_t_8\">Requisitos de software y sistema<\/div>\n<div class=\"nsv-table\">\n<div class=\"nsv-table-container\">\n<div class=\"nsv-scroll_container\">\n<div class=\"nsv-scroll_container-scrollable\">\n<table class=\"nsv-table-native is-nsv-table-horizontal ns_b_b\">\n<caption class=\"ns_visually_hidden\">\n<div class=\"ns_font_title_6 ns_m_b_4 ns_m_t_8\">Requisitos de software y sistema<\/div>\n<\/caption>\n<tbody>\n<tr class=\"nsv-table-native-row isDraggable\">\n<th id=\"nsvTableHeader-3.0\" class=\"nsv-table-cell is-header-cell is-nsv-table-column-scrolled-right nsv-table-cell--odd_row nsv-keyvalue-table-header ns_font_title_7 specification-tab-key_column ns_font_title_7 ns_font_title_6 ns_p_v_3\" title=\"Software incluido\" scope=\"row\">\n<div class=\"ns_p_v_2\">\n<div class=\"\">Software incluido<\/div>\n<\/div>\n<\/th>\n<td class=\"nsv-table-cell is-nsv-table-column-scrolled-right nsv-table-cell--odd_row ns_font_details\" headers=\"nsvTableHeader-3.0\">\n<div>\n<div class=\"ns_m_v_3 ns_p_v_2 ns_p_h_3\">Gesti\u00f3n de la salud SkyHawk<\/div>\n<\/div>\n<\/td>\n<\/tr>\n<\/tbody>\n<\/table>\n<\/div>\n<\/div>\n<\/div>\n<\/div>\n<div class=\"ns_font_title_6 ns_m_b_4 ns_m_t_8\">Garant\u00eda del fabricante<\/div>\n<div class=\"nsv-table\">\n<div class=\"nsv-table-container\">\n<div class=\"nsv-scroll_container\">\n<div class=\"nsv-scroll_container-scrollable\">\n<table class=\"nsv-table-native is-nsv-table-horizontal ns_b_b\">\n<caption class=\"ns_visually_hidden\">\n<div class=\"ns_font_title_6 ns_m_b_4 ns_m_t_8\">Garant\u00eda del fabricante<\/div>\n<\/caption>\n<tbody>\n<tr class=\"nsv-table-native-row isDraggable\">\n<th id=\"nsvTableHeader-2.0\" class=\"nsv-table-cell is-header-cell is-nsv-table-column-scrolled-right nsv-table-cell--odd_row nsv-keyvalue-table-header ns_font_title_7 specification-tab-key_column ns_font_title_7 ns_font_title_6 ns_p_v_3\" title=\"Servicio y soporte\" scope=\"row\">\n<div class=\"ns_p_v_2\">\n<div class=\"\">Servicio y soporte<\/div>\n<\/div>\n<\/th>\n<td class=\"nsv-table-cell is-nsv-table-column-scrolled-right nsv-table-cell--odd_row ns_font_details\" headers=\"nsvTableHeader-2.0\">\n<div>\n<div class=\"ns_m_v_3 ns_p_v_2 ns_p_h_3\">Garant\u00eda limitada: 3 a\u00f1os<\/div>\n<\/div>\n<\/td>\n<\/tr>\n<\/tbody>\n<\/table>\n<\/div>\n<\/div>\n<\/div>\n<\/div>\n<div class=\"ns_font_title_6 ns_m_b_4 ns_m_t_8\">Par\u00e1metros ambientales<\/div>\n<div class=\"nsv-table\">\n<div class=\"nsv-table-container\">\n<div class=\"nsv-scroll_container\">\n<div class=\"nsv-scroll_container-scrollable\">\n<table class=\"nsv-table-native is-nsv-table-horizontal ns_b_b\">\n<caption class=\"ns_visually_hidden\">Par\u00e1metros ambientales<\/caption>\n<tbody>\n<tr class=\"nsv-table-native-row isDraggable\">\n<th id=\"nsvTableHeader-1.0\" class=\"nsv-table-cell is-header-cell is-nsv-table-column-scrolled-right nsv-table-cell--odd_row nsv-keyvalue-table-header ns_font_title_7 specification-tab-key_column ns_font_title_7 ns_font_title_6 ns_p_v_3\" title=\"Temperatura m\u00ednima de funcionamiento\" scope=\"row\">\n<div class=\"ns_p_v_2\">\n<div class=\"\">Temperatura m\u00ednima de funcionamiento<\/div>\n<\/div>\n<\/th>\n<td class=\"nsv-table-cell is-nsv-table-column-scrolled-right nsv-table-cell--odd_row ns_font_details\" headers=\"nsvTableHeader-1.0\">\n<div>\n<div class=\"ns_m_v_3 ns_p_v_2 ns_p_h_3\">0 \u00b0C<\/div>\n<\/div>\n<\/td>\n<\/tr>\n<tr class=\"nsv-table-native-row isDraggable\">\n<th id=\"nsvTableHeader-1.1\" class=\"nsv-table-cell is-header-cell is-nsv-table-column-scrolled-right nsv-table-cell--even_row nsv-keyvalue-table-header ns_font_title_7 specification-tab-key_column ns_font_title_7 ns_font_title_6 ns_p_v_3\" title=\"Temperatura m\u00e1xima de funcionamiento\" scope=\"row\">\n<div class=\"ns_p_v_2\">\n<div class=\"\">Temperatura m\u00e1xima de funcionamiento<\/div>\n<\/div>\n<\/th>\n<td class=\"nsv-table-cell is-nsv-table-column-scrolled-right nsv-table-cell--even_row ns_font_details\" headers=\"nsvTableHeader-1.1\">\n<div>\n<div class=\"ns_m_v_3 ns_p_v_2 ns_p_h_3\">65 \u00b0C<\/div>\n<\/div>\n<\/td>\n<\/tr>\n<tr class=\"nsv-table-native-row isDraggable\">\n<th id=\"nsvTableHeader-1.2\" class=\"nsv-table-cell is-header-cell is-nsv-table-column-scrolled-right nsv-table-cell--odd_row nsv-keyvalue-table-header ns_font_title_7 specification-tab-key_column ns_font_title_7 ns_font_title_6 ns_p_v_3\" title=\"Temperatura m\u00ednima de almacenamiento\" scope=\"row\">\n<div class=\"ns_p_v_2\">\n<div class=\"\">Temperatura m\u00ednima de almacenamiento<\/div>\n<\/div>\n<\/th>\n<td class=\"nsv-table-cell is-nsv-table-column-scrolled-right nsv-table-cell--odd_row ns_font_details\" headers=\"nsvTableHeader-1.2\">\n<div>\n<div class=\"ns_m_v_3 ns_p_v_2 ns_p_h_3\">-40\u00b0C<\/div>\n<\/div>\n<\/td>\n<\/tr>\n<\/tbody>\n<\/table>\n<\/div>\n<\/div>\n<\/div>\n<\/div>\n<\/div>","protected":false},"excerpt":{"rendered":"<p>Mejore su vigilancia con Seagate SkyHawk ST2000VX017. Este disco duro de 2TB ofrece un rendimiento confiable y una r\u00e1pida transferencia de datos con SATA 6 Gb\/s. Perfecto para sistemas DVR y NVR, con confiabilidad robusta y optimizado para grabaci\u00f3n continua. Incluye 3 a\u00f1os de servicio Seagate Rescue Data Recovery para m\u00e1xima protecci\u00f3n de datos y tranquilidad.<\/p>","protected":false},"featured_media":137384,"template":"","meta":{"_acf_changed":false},"product_brand":[],"product_cat":[3261],"product_tag":[],"class_list":{"0":"post-96401","1":"product","2":"type-product","3":"status-publish","4":"has-post-thumbnail","6":"product_cat-hdd-harddisk-3-5","7":"product_shipping_class-tunga-paket","8":"pa_brands-seagate","9":"tm-no-options","11":"first","12":"outofstock","13":"taxable","14":"shipping-taxable","15":"purchasable","16":"product-type-simple"},"acf":[],"_links":{"self":[{"href":"https:\/\/secureus.se\/es\/wp-json\/wp\/v2\/product\/96401","targetHints":{"allow":["GET"]}}],"collection":[{"href":"https:\/\/secureus.se\/es\/wp-json\/wp\/v2\/product"}],"about":[{"href":"https:\/\/secureus.se\/es\/wp-json\/wp\/v2\/types\/product"}],"wp:featuredmedia":[{"embeddable":true,"href":"https:\/\/secureus.se\/es\/wp-json\/wp\/v2\/media\/137384"}],"wp:attachment":[{"href":"https:\/\/secureus.se\/es\/wp-json\/wp\/v2\/media?parent=96401"}],"wp:term":[{"taxonomy":"product_brand","embeddable":true,"href":"https:\/\/secureus.se\/es\/wp-json\/wp\/v2\/product_brand?post=96401"},{"taxonomy":"product_cat","embeddable":true,"href":"https:\/\/secureus.se\/es\/wp-json\/wp\/v2\/product_cat?post=96401"},{"taxonomy":"product_tag","embeddable":true,"href":"https:\/\/secureus.se\/es\/wp-json\/wp\/v2\/product_tag?post=96401"}],"curies":[{"name":"wp","href":"https:\/\/api.w.org\/{rel}","templated":true}]}}