{"id":96588,"date":"2024-08-06T16:08:53","date_gmt":"2024-08-06T14:08:53","guid":{"rendered":"https:\/\/secureus.se\/rfid-lasare-kombi-emmifare-bordslasare-med-usb-vanderbilt-bewator-omnis-2010-13-siffor-utlasning\/"},"modified":"2026-04-01T12:22:25","modified_gmt":"2026-04-01T10:22:25","slug":"rfid-lasare-kombi-emmifare-bordslasare-med-usb-vanderbilt-bewator-omnis-2010-13-siffor-utlasning","status":"publish","type":"product","link":"https:\/\/secureus.se\/es\/rfid-lasare-kombi-emmifare-bordslasare-med-usb-vanderbilt-bewator-omnis-2010-13-siffor-utlasning\/","title":{"rendered":"Lector RFID combinado EM+Mifare de mesa con USB \u2013 Vanderbilt\/Bewator Omnis\/2010, lectura de 13 d\u00edgitos"},"content":{"rendered":"<h1>Lector RFID combinado EM+Mifare de mesa con USB \u2013 Vanderbilt\/Bewator Omnis\/2010, lectura de 13 d\u00edgitos<\/h1>\n<p>Este lector RFID EM4200 es un lector de escritorio confiable y r\u00e1pido que ofrece una lectura f\u00e1cil de etiquetas RFID y tarjetas de acceso.<\/p>\n<p>El lector emula el teclado, lo que significa que no requiere ning\u00fan software adicional para funcionar. Simplemente con\u00e9ctelo a un puerto USB y comience a usarlo.<\/p>\n<p>El lector est\u00e1 preconfigurado para funcionar con EM y Mifare para el sistema de acceso de seguridad de 13 d\u00edgitos Vanderbilt\/Bewator Omnis\/2010, lo que lo convierte en una excelente opci\u00f3n para el mercado de seguridad y sus clientes finales.<\/p>\n<p>Tenga en cuenta que este lector no es compatible con computadoras MAC.<\/p>\n<p>Una de las grandes ventajas de este lector es su sencillez y facilidad de uso. Dado que emula el teclado, enviar\u00e1 datos directamente a su computadora como si se escribieran desde un teclado. Esto lo hace ideal para aplicaciones donde necesita una lectura r\u00e1pida y sencilla del c\u00f3digo en el chip electr\u00f3nico de su lector RFID.<\/p>\n<p>Stonehouse Security ha desarrollado el dise\u00f1o y el software para todos los lectores ACCESS, y este lector de sobremesa no es una excepci\u00f3n.<\/p>\n<p>Est\u00e1 especialmente adaptado para el mercado escandinavo y viene con una garant\u00eda de dos a\u00f1os.<\/p>\n<h3>Aplicaciones de los lectores RFID<\/h3>\n<ul>\n<li>Mercado de valores<\/li>\n<li>Sistema de control de acceso<\/li>\n<li>Lectura de etiquetas RFID y tarjetas de acceso<\/li>\n<li>Otras aplicaciones que requieren lectura RFID<\/li>\n<\/ul>\n<h3>Caracter\u00edsticas y beneficios:<\/h3>\n<ul>\n<li><strong>F\u00e1cil instalaci\u00f3n:<\/strong> Conectar y usar, no requiere software<\/li>\n<li><strong>Teclado emulado:<\/strong> Env\u00eda datos directamente a tu computadora<\/li>\n<li><strong>Preconfigurado:<\/strong> Para EM y Mifare para Vanderbilt\/Bewator Omnis\/2010 Sistema de acceso de seguridad de 13 d\u00edgitos<\/li>\n<li><strong>Conexi\u00f3n USB:<\/strong> Conexi\u00f3n f\u00e1cil y r\u00e1pida<\/li>\n<li><strong>No compatible con MAC:<\/strong> Para usar con computadoras Windows<\/li>\n<li><strong>Garant\u00eda de dos a\u00f1os:<\/strong> Uso confiable y duradero<\/li>\n<\/ul>\n<h3>Informaci\u00f3n t\u00e9cnica:<\/h3>\n<ul>\n<li><strong>Conexi\u00f3n:<\/strong> USB<\/li>\n<li><strong>Compatibilidad:<\/strong> S\u00f3lo LF y HF<\/li>\n<li><strong>Garantizar:<\/strong> 2 a\u00f1os<\/li>\n<li><strong>Software:<\/strong> Descarga gratuita para actualizaci\u00f3n y programaci\u00f3n.<\/li>\n<\/ul>\n<h3>Acerca de los lectores RFID ACCESS:<\/h3>\n<p>Los lectores de sobremesa ACCESS utilizan una conexi\u00f3n USB y son plug and play con lectores ya codificados.<\/p>\n<p>Para aquellos que desean total libertad para actualizar o programar su lector, el software est\u00e1 disponible para descarga gratuita. Si necesita ayuda con la programaci\u00f3n, estamos listos para ayudarle sin costo adicional.<\/p>","protected":false},"excerpt":{"rendered":"<p>Lector RFID Lector de mesa para la lectura de etiquetas RFID y tarjetas de acceso. Teclado emulado y no requiere software. Preconfigurado para EM y Mifare para el sistema de acceso de seguridad de 13 d\u00edgitos Vanderbilt\/Bewator Omnis\/2010. No compatible con MAC.<\/p>","protected":false},"featured_media":136832,"template":"","meta":{"_acf_changed":false},"product_brand":[],"product_cat":[3845],"product_tag":[2405,2958],"class_list":{"0":"post-96588","1":"product","2":"type-product","3":"status-publish","4":"has-post-thumbnail","6":"product_cat-vanderbilt-omnis-taggar","7":"product_tag-rel-rfid","8":"product_tag-stonehouse-produkt","9":"product_shipping_class-tunga-paket","10":"pa_access-lasare-chippets-uid-kod","11":"pa_access-lasare-em-kod-aptus","12":"pa_access-lasare-em-kod-rco","13":"pa_access-lasare-em-kod-assa-arx","14":"pa_access-lasare-em-kod-axema-10-siffror","15":"pa_access-lasare-em-kod-axema-vaka-13-siffror","16":"pa_access-lasare-em-kod-bewator-vanderbilt-13-siffror","17":"pa_access-lasare-em-kod-bewator-vanderbilt-8-siffror","18":"pa_brands-stonehouse-security","19":"tm-no-options","21":"first","22":"instock","23":"featured","24":"taxable","25":"shipping-taxable","26":"purchasable","27":"product-type-simple"},"acf":[],"_links":{"self":[{"href":"https:\/\/secureus.se\/es\/wp-json\/wp\/v2\/product\/96588","targetHints":{"allow":["GET"]}}],"collection":[{"href":"https:\/\/secureus.se\/es\/wp-json\/wp\/v2\/product"}],"about":[{"href":"https:\/\/secureus.se\/es\/wp-json\/wp\/v2\/types\/product"}],"wp:featuredmedia":[{"embeddable":true,"href":"https:\/\/secureus.se\/es\/wp-json\/wp\/v2\/media\/136832"}],"wp:attachment":[{"href":"https:\/\/secureus.se\/es\/wp-json\/wp\/v2\/media?parent=96588"}],"wp:term":[{"taxonomy":"product_brand","embeddable":true,"href":"https:\/\/secureus.se\/es\/wp-json\/wp\/v2\/product_brand?post=96588"},{"taxonomy":"product_cat","embeddable":true,"href":"https:\/\/secureus.se\/es\/wp-json\/wp\/v2\/product_cat?post=96588"},{"taxonomy":"product_tag","embeddable":true,"href":"https:\/\/secureus.se\/es\/wp-json\/wp\/v2\/product_tag?post=96588"}],"curies":[{"name":"wp","href":"https:\/\/api.w.org\/{rel}","templated":true}]}}