{"id":96662,"date":"2022-06-28T12:30:53","date_gmt":"2022-06-28T10:30:53","guid":{"rendered":"https:\/\/secureus.se\/kombidet-ir-mw-tak-dd669am\/"},"modified":"2026-04-08T16:47:20","modified_gmt":"2026-04-08T14:47:20","slug":"kombidet-ir-mw-tak-dd669am","status":"publish","type":"product","link":"https:\/\/secureus.se\/es\/kombidet-ir-mw-tak-dd669am\/","title":{"rendered":"UTC Detector combinado Ir\/Mw Tak Dd669Am Antimask"},"content":{"rendered":"<h1>UTC Detector combinado Ir\/Mw Tak Dd669Am Antimask<\/h1>\n<p data-start=\"388\" data-end=\"879\">El detector combinado UTC IR\/MW de techo DD669AM pertenece a la serie DD669 y ofrece una combinaci\u00f3n de detecci\u00f3n PIR (infrarrojo pasivo) y microondas para una m\u00e1xima precisi\u00f3n en diferentes entornos.<\/p>\n<p data-start=\"388\" data-end=\"879\">El detector est\u00e1 equipado con protecci\u00f3n de enmascaramiento y una tecnolog\u00eda \u00fanica de \u00f3ptica de espejo que garantiza una detecci\u00f3n completa sin que los intrusos puedan escapar.<\/p>\n<p data-start=\"388\" data-end=\"879\">Con 18 cortinas, el DD669AM proporciona un \u00e1rea protegida de hasta 20 metros de di\u00e1metro, garantizando que toda la habitaci\u00f3n o \u00e1rea est\u00e9 cubierta de manera efectiva.<\/p>\n<p data-start=\"881\" data-end=\"1230\">El procesamiento de se\u00f1ales 4D y el procesamiento de doble cortina permiten que el detector distinga entre intrusos reales y se\u00f1ales de interferencia, lo que lo hace particularmente \u00fatil en entornos dif\u00edciles.<\/p>\n<p data-start=\"881\" data-end=\"1230\">La tecnolog\u00eda de radar de 5,8 GHz con ajuste de alcance le permite ajustar el rango de detecci\u00f3n para evitar falsas alarmas por movimientos fuera de la distancia especificada.<\/p>\n<p data-start=\"1232\" data-end=\"1424\">La instalaci\u00f3n del DD669AM es sencilla y se puede empotrar en el techo mediante el accesorio 360FM, que proporciona una instalaci\u00f3n elegante y discreta donde solo es visible la parte superior del sensor.<\/p>\n<p data-start=\"1426\" data-end=\"1455\"><strong data-start=\"1426\" data-end=\"1454\">Especificaciones t\u00e9cnicas<\/strong>:<\/p>\n<ul data-start=\"1456\" data-end=\"1866\">\n<li data-start=\"1456\" data-end=\"1497\">\n<p data-start=\"1458\" data-end=\"1497\"><strong data-start=\"1458\" data-end=\"1482\">Voltaje (durante el funcionamiento)<\/strong>:9 a 15 VCC<\/p>\n<\/li>\n<li data-start=\"1498\" data-end=\"1527\">\n<p data-start=\"1500\" data-end=\"1527\"><strong data-start=\"1500\" data-end=\"1520\">Consumo de energ\u00eda<\/strong>:12 mA<\/p>\n<\/li>\n<li data-start=\"1528\" data-end=\"1558\">\n<p data-start=\"1530\" data-end=\"1558\"><strong data-start=\"1530\" data-end=\"1555\">Clase de alarma certificada<\/strong>: 3<\/p>\n<\/li>\n<li data-start=\"1559\" data-end=\"1613\">\n<p data-start=\"1561\" data-end=\"1613\"><strong data-start=\"1561\" data-end=\"1583\">Rango de detecci\u00f3n<\/strong>:Hasta 20 metros de di\u00e1metro<\/p>\n<\/li>\n<li data-start=\"1614\" data-end=\"1646\">\n<p data-start=\"1616\" data-end=\"1646\"><strong data-start=\"1616\" data-end=\"1637\">Microondas de frecuencia<\/strong>:5,8 GHz<\/p>\n<\/li>\n<li data-start=\"1647\" data-end=\"1671\">\n<p data-start=\"1649\" data-end=\"1671\"><strong data-start=\"1649\" data-end=\"1667\">Protecci\u00f3n de enmascaramiento<\/strong>: S\u00ed<\/p>\n<\/li>\n<li data-start=\"1672\" data-end=\"1701\">\n<p data-start=\"1674\" data-end=\"1701\"><strong data-start=\"1674\" data-end=\"1697\">Procesamiento de se\u00f1ales 4D<\/strong>: S\u00ed<\/p>\n<\/li>\n<li data-start=\"1702\" data-end=\"1729\">\n<p data-start=\"1704\" data-end=\"1729\"><strong data-start=\"1704\" data-end=\"1725\">Tratamiento de doble cortina<\/strong>: S\u00ed<\/p>\n<\/li>\n<li data-start=\"1730\" data-end=\"1759\">\n<p data-start=\"1732\" data-end=\"1759\"><strong data-start=\"1732\" data-end=\"1755\">Ajuste de distancia<\/strong>: S\u00ed<\/p>\n<\/li>\n<li data-start=\"1760\" data-end=\"1821\">\n<p data-start=\"1762\" data-end=\"1821\"><strong data-start=\"1762\" data-end=\"1784\">M\u00e9todo de instalaci\u00f3n<\/strong>: Montaje empotrado con accesorios 360FM<\/p>\n<\/li>\n<li data-start=\"1822\" data-end=\"1866\">\n<p data-start=\"1824\" data-end=\"1866\"><strong data-start=\"1824\" data-end=\"1832\">Medida<\/strong>:Dimensiones est\u00e1ndar para instalaci\u00f3n en techo<\/p>\n<\/li>\n<\/ul>","protected":false},"excerpt":{"rendered":"<p>El UTC DD669AM es un detector combinado avanzado con tecnolog\u00eda PIR y microondas, perfecto para instalaciones en techo.<\/p>\n<p>Con protecci\u00f3n de enmascaramiento, detecci\u00f3n de 20 metros y procesamiento de se\u00f1al 4D, este detector ofrece la m\u00e1xima precisi\u00f3n y estabilidad.<\/p>","protected":false},"featured_media":144028,"template":"","meta":{"_acf_changed":false},"product_brand":[],"product_cat":[1325],"product_tag":[2146],"class_list":{"0":"post-96662","1":"product","2":"type-product","3":"status-publish","4":"has-post-thumbnail","6":"product_cat-larmgivare-skalskydd","7":"product_tag-rorelsedetektor-kombidetektorer","8":"product_shipping_class-tunga-paket","9":"pa_brands-aritech","10":"tm-no-options","12":"first","13":"instock","14":"sale","15":"taxable","16":"shipping-taxable","17":"purchasable","18":"product-type-simple"},"acf":[],"_links":{"self":[{"href":"https:\/\/secureus.se\/es\/wp-json\/wp\/v2\/product\/96662","targetHints":{"allow":["GET"]}}],"collection":[{"href":"https:\/\/secureus.se\/es\/wp-json\/wp\/v2\/product"}],"about":[{"href":"https:\/\/secureus.se\/es\/wp-json\/wp\/v2\/types\/product"}],"wp:featuredmedia":[{"embeddable":true,"href":"https:\/\/secureus.se\/es\/wp-json\/wp\/v2\/media\/144028"}],"wp:attachment":[{"href":"https:\/\/secureus.se\/es\/wp-json\/wp\/v2\/media?parent=96662"}],"wp:term":[{"taxonomy":"product_brand","embeddable":true,"href":"https:\/\/secureus.se\/es\/wp-json\/wp\/v2\/product_brand?post=96662"},{"taxonomy":"product_cat","embeddable":true,"href":"https:\/\/secureus.se\/es\/wp-json\/wp\/v2\/product_cat?post=96662"},{"taxonomy":"product_tag","embeddable":true,"href":"https:\/\/secureus.se\/es\/wp-json\/wp\/v2\/product_tag?post=96662"}],"curies":[{"name":"wp","href":"https:\/\/api.w.org\/{rel}","templated":true}]}}