{"id":96752,"date":"2024-08-08T21:47:49","date_gmt":"2024-08-08T19:47:49","guid":{"rendered":"https:\/\/secureus.se\/?post_type=product&#038;p=96752"},"modified":"2025-09-15T12:04:58","modified_gmt":"2025-09-15T10:04:58","slug":"handtag-ingaro-30r-hoger-8x43-formassingad","status":"publish","type":"product","link":"https:\/\/secureus.se\/es\/handtag-ingaro-30r-hoger-8x43-formassingad\/","title":{"rendered":"Manilla de ventana Manilla Ingar\u00f6 30R Derecha 8X43 Lat\u00f3n \u2013 Roca"},"content":{"rendered":"<div>ROCA Ingar\u00f6 WH-I 30R es una manilla de ventana para diestros con placa base de 30 y pasadores gu\u00eda para una instalaci\u00f3n recta y ordenada. Con posiciones finales fijas para ventanas \u201cOscilobatientes\u201d. El mango est\u00e1 disponible en versi\u00f3n izquierda, derecha y recta. La serie Ingar\u00f6 tiene un dise\u00f1o cl\u00e1sico y est\u00e1 especialmente dise\u00f1ada para adaptarse a ventanas tradicionales, pero tambi\u00e9n puede dar un toque r\u00fastico a ventanas y puertas francesas m\u00e1s modernas.<\/div>\n<div><b>Caracter\u00edsticas:<\/b><\/div>\n<div>\n<ul>\n<li>Fijaci\u00f3n C\/C: 43 mm<\/li>\n<li>Dimensiones del pasador: 8 x 43 mm \u2013 El pasador se compra por separado.<\/li>\n<li>Material del mango: aleaci\u00f3n de zinc y aluminio.<\/li>\n<li>Tratamiento de superficie: Revestido de lat\u00f3n (no envejece)<\/li>\n<\/ul>\n<\/div>","protected":false},"excerpt":{"rendered":"<p>ROCA Ingar\u00f6 WH-I 30R \u00e4r ett h\u00f6gersv\u00e4ngt f\u00f6nsterhandtag med bottenplatta 30 och styrtappar f\u00f6r rakt och snyggt montage. Med fasta \u00e4ndl\u00e4gen f\u00f6r &#8220;Kipp-Dreh&#8221; -f\u00f6nster. Handtaget finns i v\u00e4nster-, h\u00f6ger och<\/p>","protected":false},"featured_media":136910,"template":"","meta":{"_acf_changed":false},"product_brand":[],"product_cat":[4126,4127],"product_tag":[],"class_list":{"0":"post-96752","1":"product","2":"type-product","3":"status-publish","4":"has-post-thumbnail","6":"product_cat-fonsterhandtag","7":"product_cat-handtag-altandorr","8":"product_shipping_class-postnord-varubrev","9":"pa_brands-roca","10":"tm-no-options","12":"first","13":"instock","14":"sale","15":"taxable","16":"shipping-taxable","17":"purchasable","18":"product-type-simple"},"acf":[],"_links":{"self":[{"href":"https:\/\/secureus.se\/es\/wp-json\/wp\/v2\/product\/96752","targetHints":{"allow":["GET"]}}],"collection":[{"href":"https:\/\/secureus.se\/es\/wp-json\/wp\/v2\/product"}],"about":[{"href":"https:\/\/secureus.se\/es\/wp-json\/wp\/v2\/types\/product"}],"wp:featuredmedia":[{"embeddable":true,"href":"https:\/\/secureus.se\/es\/wp-json\/wp\/v2\/media\/136910"}],"wp:attachment":[{"href":"https:\/\/secureus.se\/es\/wp-json\/wp\/v2\/media?parent=96752"}],"wp:term":[{"taxonomy":"product_brand","embeddable":true,"href":"https:\/\/secureus.se\/es\/wp-json\/wp\/v2\/product_brand?post=96752"},{"taxonomy":"product_cat","embeddable":true,"href":"https:\/\/secureus.se\/es\/wp-json\/wp\/v2\/product_cat?post=96752"},{"taxonomy":"product_tag","embeddable":true,"href":"https:\/\/secureus.se\/es\/wp-json\/wp\/v2\/product_tag?post=96752"}],"curies":[{"name":"wp","href":"https:\/\/api.w.org\/{rel}","templated":true}]}}