{"id":96754,"date":"2024-08-08T21:47:49","date_gmt":"2024-08-08T19:47:49","guid":{"rendered":"https:\/\/secureus.se\/?post_type=product&#038;p=96754"},"modified":"2026-04-08T15:46:29","modified_gmt":"2026-04-08T13:46:29","slug":"handtag-2689-hoger-8x43-olackad-polerad-massing","status":"publish","type":"product","link":"https:\/\/secureus.se\/es\/handtag-2689-hoger-8x43-olackad-polerad-massing\/","title":{"rendered":"Tirador de falleba 2689 Derecha 8X43 Lat\u00f3n Pulido Sin Lacar \u2013 SIBES"},"content":{"rendered":"<div>SIBES 2689 es una manilla de ventana cl\u00e1sica. 689 es el modelo del tirador y est\u00e1 disponible tambi\u00e9n como tirador con cerradura y con placa larga para fallebas con cerradura para puertas de patio. Al igual que todas las manijas para ventanas y puertas de balcones SIBES, est\u00e1n dise\u00f1adas para adaptarse a nuestras principales \u00e9pocas de construcci\u00f3n, desde el rococ\u00f3 hasta el funkis. Todas las manijas est\u00e1n fundidas en lat\u00f3n para lograr el peso, la sensaci\u00f3n y el acabado adecuados.<\/div>\n<div><b>Caracter\u00edsticas:<\/b><\/div>\n<div>\n<ul>\n<li>Dimensi\u00f3n del pasador: 8X43 mm<\/li>\n<li>Fijaci\u00f3n C\/C: 43 mm<\/li>\n<li>Pestillos incorporados para posiciones abiertas y cerradas que mantienen la manija en la posici\u00f3n correcta.<\/li>\n<li>Pestillo de manija a juego 7450<\/li>\n<li>Material: Lat\u00f3n<\/li>\n<li>Disponible en tratamiento de superficie: Lat\u00f3n pulido sin tratar, niquelado.<\/li>\n<li>Tambi\u00e9n disponible con pasador de 7 mm y otras longitudes.<\/li>\n<li>Tornillo recomendado TKFX 4.0<\/li>\n<\/ul>\n<\/div>","protected":false},"excerpt":{"rendered":"<p>SIBES 2689 \u00e4r ett klassiskt f\u00f6nsterhandtag. 689 st\u00e5r f\u00f6r modellen p\u00e5 greppet och det finns \u00e4ven som l\u00e5sbart handtag och med l\u00e5ngskylt f\u00f6r l\u00e5sbara spanjoletter till altand\u00f6rrar. Som alla SIBES<\/p>","protected":false},"featured_media":137151,"template":"","meta":{"_acf_changed":false},"product_brand":[],"product_cat":[4113,4126,4127],"product_tag":[],"class_list":{"0":"post-96754","1":"product","2":"type-product","3":"status-publish","4":"has-post-thumbnail","6":"product_cat-spanjoletthandtag","7":"product_cat-fonsterhandtag","8":"product_cat-handtag-altandorr","9":"product_shipping_class-postnord-varubrev","10":"pa_brands-sibes","11":"tm-no-options","13":"first","14":"outofstock","15":"sale","16":"taxable","17":"shipping-taxable","18":"purchasable","19":"product-type-simple"},"acf":[],"_links":{"self":[{"href":"https:\/\/secureus.se\/es\/wp-json\/wp\/v2\/product\/96754","targetHints":{"allow":["GET"]}}],"collection":[{"href":"https:\/\/secureus.se\/es\/wp-json\/wp\/v2\/product"}],"about":[{"href":"https:\/\/secureus.se\/es\/wp-json\/wp\/v2\/types\/product"}],"wp:featuredmedia":[{"embeddable":true,"href":"https:\/\/secureus.se\/es\/wp-json\/wp\/v2\/media\/137151"}],"wp:attachment":[{"href":"https:\/\/secureus.se\/es\/wp-json\/wp\/v2\/media?parent=96754"}],"wp:term":[{"taxonomy":"product_brand","embeddable":true,"href":"https:\/\/secureus.se\/es\/wp-json\/wp\/v2\/product_brand?post=96754"},{"taxonomy":"product_cat","embeddable":true,"href":"https:\/\/secureus.se\/es\/wp-json\/wp\/v2\/product_cat?post=96754"},{"taxonomy":"product_tag","embeddable":true,"href":"https:\/\/secureus.se\/es\/wp-json\/wp\/v2\/product_tag?post=96754"}],"curies":[{"name":"wp","href":"https:\/\/api.w.org\/{rel}","templated":true}]}}