{"id":96759,"date":"2024-08-08T21:47:49","date_gmt":"2024-08-08T19:47:49","guid":{"rendered":"https:\/\/secureus.se\/?post_type=product&#038;p=96759"},"modified":"2026-04-08T15:56:52","modified_gmt":"2026-04-08T13:56:52","slug":"handtag-ingaro-30l-vanster-8x43-krom","status":"publish","type":"product","link":"https:\/\/secureus.se\/es\/handtag-ingaro-30l-vanster-8x43-krom\/","title":{"rendered":"Manilla de ventana Manilla Ingar\u00f6 30L Izquierda 8X43 Cromada \u2013 Roca"},"content":{"rendered":"<div>ROCA Ingar\u00f6 WH-I 30L es una manilla de ventana para zurdos con placa base de 30 y pasadores gu\u00eda para una instalaci\u00f3n recta y ordenada. Con posiciones finales fijas para ventanas \u201cOscilobatientes\u201d. El mango est\u00e1 disponible en versi\u00f3n izquierda, derecha y recta. La serie Ingar\u00f6 tiene un dise\u00f1o cl\u00e1sico y est\u00e1 especialmente dise\u00f1ada para adaptarse a ventanas tradicionales, pero tambi\u00e9n puede dar un toque r\u00fastico a ventanas y puertas francesas m\u00e1s modernas.<\/div>\n<div><b>Caracter\u00edsticas:<\/b><\/div>\n<div>\n<ul>\n<li>Fijaci\u00f3n C\/C: 43 mm<\/li>\n<li>Dimensi\u00f3n del pasador: 8\u00d743 mm<\/li>\n<li>Material del mango: aleaci\u00f3n de zinc y aluminio.<\/li>\n<li>Material del pasador: acero galvanizado<\/li>\n<li>Tratamiento superficial: cromado<\/li>\n<\/ul>\n<\/div>","protected":false},"excerpt":{"rendered":"<p>ROCA Ingar\u00f6 WH-I 30L \u00e4r ett v\u00e4nstersv\u00e4ngt f\u00f6nsterhandtag med bottenplatta 30 och styrtappar f\u00f6r rakt och snyggt montage. Med fasta \u00e4ndl\u00e4gen f\u00f6r &#8220;Kipp-Dreh&#8221; -f\u00f6nster. Handtaget finns i v\u00e4nster-, h\u00f6ger och<\/p>","protected":false},"featured_media":137929,"template":"","meta":{"_acf_changed":false},"product_brand":[],"product_cat":[4126,4127],"product_tag":[],"class_list":{"0":"post-96759","1":"product","2":"type-product","3":"status-publish","4":"has-post-thumbnail","6":"product_cat-fonsterhandtag","7":"product_cat-handtag-altandorr","8":"product_shipping_class-postnord-varubrev","9":"pa_brands-roca","10":"tm-no-options","12":"first","13":"instock","14":"sale","15":"taxable","16":"shipping-taxable","17":"purchasable","18":"product-type-simple"},"acf":[],"_links":{"self":[{"href":"https:\/\/secureus.se\/es\/wp-json\/wp\/v2\/product\/96759","targetHints":{"allow":["GET"]}}],"collection":[{"href":"https:\/\/secureus.se\/es\/wp-json\/wp\/v2\/product"}],"about":[{"href":"https:\/\/secureus.se\/es\/wp-json\/wp\/v2\/types\/product"}],"wp:featuredmedia":[{"embeddable":true,"href":"https:\/\/secureus.se\/es\/wp-json\/wp\/v2\/media\/137929"}],"wp:attachment":[{"href":"https:\/\/secureus.se\/es\/wp-json\/wp\/v2\/media?parent=96759"}],"wp:term":[{"taxonomy":"product_brand","embeddable":true,"href":"https:\/\/secureus.se\/es\/wp-json\/wp\/v2\/product_brand?post=96759"},{"taxonomy":"product_cat","embeddable":true,"href":"https:\/\/secureus.se\/es\/wp-json\/wp\/v2\/product_cat?post=96759"},{"taxonomy":"product_tag","embeddable":true,"href":"https:\/\/secureus.se\/es\/wp-json\/wp\/v2\/product_tag?post=96759"}],"curies":[{"name":"wp","href":"https:\/\/api.w.org\/{rel}","templated":true}]}}