{"id":96762,"date":"2024-08-08T21:47:49","date_gmt":"2024-08-08T19:47:49","guid":{"rendered":"https:\/\/secureus.se\/?post_type=product&#038;p=96762"},"modified":"2025-08-15T19:41:08","modified_gmt":"2025-08-15T17:41:08","slug":"handtag-bjorko-30s-rak-8x43-krom","status":"publish","type":"product","link":"https:\/\/secureus.se\/es\/handtag-bjorko-30s-rak-8x43-krom\/","title":{"rendered":"Manilla de ventana Bj\u00f6rk\u00f6 30S Recta 8X43 Cromo \u2013 Roca"},"content":{"rendered":"<div>ROCA Bj\u00f6rk\u00f6 WH-B 30S es una manilla de ventana recta con placa base de 30 y pasadores gu\u00eda para una instalaci\u00f3n recta y ordenada. Con posiciones finales fijas para ventanas \u201cOscilobatientes\u201d. El mango est\u00e1 disponible en versi\u00f3n izquierda, derecha y recta. La serie Bj\u00f6rk\u00f6 es una manija para ventana con un dise\u00f1o retro moderno y atemporal que se integra y realza la mayor\u00eda de los estilos arquitect\u00f3nicos: art nouveau, funcionalismo y arquitectura moderna.<\/div>\n<div><b>Caracter\u00edsticas:<\/b><\/div>\n<div>\n<ul>\n<li>Fijaci\u00f3n C\/C: 43 mm<\/li>\n<li>Dimensi\u00f3n del pasador: 8X43 mm<\/li>\n<li>Material del mango: aleaci\u00f3n de zinc y aluminio.<\/li>\n<li>Material del pasador: acero galvanizado<\/li>\n<li>Tratamiento superficial: cromado<\/li>\n<\/ul>\n<\/div>","protected":false},"excerpt":{"rendered":"<p>ROCA Bj\u00f6rk\u00f6 WH-B 30S \u00e4r ett rakt f\u00f6nsterhandtag med bottenplatta 30 och styrtappar f\u00f6r rakt och snyggt montage. Med fasta \u00e4ndl\u00e4gen f\u00f6r &#8220;Kipp-Dreh&#8221; -f\u00f6nster. Handtaget finns i v\u00e4nster-, h\u00f6ger och<\/p>","protected":false},"featured_media":136717,"template":"","meta":{"_acf_changed":false},"product_brand":[],"product_cat":[4126],"product_tag":[],"class_list":{"0":"post-96762","1":"product","2":"type-product","3":"status-publish","4":"has-post-thumbnail","6":"product_cat-fonsterhandtag","7":"product_shipping_class-postnord-varubrev","8":"pa_brands-roca","9":"tm-no-options","11":"first","12":"outofstock","13":"sale","14":"taxable","15":"shipping-taxable","16":"purchasable","17":"product-type-simple"},"acf":[],"_links":{"self":[{"href":"https:\/\/secureus.se\/es\/wp-json\/wp\/v2\/product\/96762","targetHints":{"allow":["GET"]}}],"collection":[{"href":"https:\/\/secureus.se\/es\/wp-json\/wp\/v2\/product"}],"about":[{"href":"https:\/\/secureus.se\/es\/wp-json\/wp\/v2\/types\/product"}],"wp:featuredmedia":[{"embeddable":true,"href":"https:\/\/secureus.se\/es\/wp-json\/wp\/v2\/media\/136717"}],"wp:attachment":[{"href":"https:\/\/secureus.se\/es\/wp-json\/wp\/v2\/media?parent=96762"}],"wp:term":[{"taxonomy":"product_brand","embeddable":true,"href":"https:\/\/secureus.se\/es\/wp-json\/wp\/v2\/product_brand?post=96762"},{"taxonomy":"product_cat","embeddable":true,"href":"https:\/\/secureus.se\/es\/wp-json\/wp\/v2\/product_cat?post=96762"},{"taxonomy":"product_tag","embeddable":true,"href":"https:\/\/secureus.se\/es\/wp-json\/wp\/v2\/product_tag?post=96762"}],"curies":[{"name":"wp","href":"https:\/\/api.w.org\/{rel}","templated":true}]}}