{"id":96765,"date":"2024-08-08T21:47:50","date_gmt":"2024-08-08T19:47:50","guid":{"rendered":"https:\/\/secureus.se\/?post_type=product&#038;p=96765"},"modified":"2026-04-09T10:20:39","modified_gmt":"2026-04-09T08:20:39","slug":"handtag-london-013vk-350kl-vanster-8x67-f1-silver","status":"publish","type":"product","link":"https:\/\/secureus.se\/es\/handtag-london-013vk-350kl-vanster-8x67-f1-silver\/","title":{"rendered":"Tirador de falleba London 013VK\/350KL Izquierda 8X67 F1 Plata \u2013 HOPPE"},"content":{"rendered":"<div>HOPPE London 13VK\/350KL es una serie de manijas con escudo largo para puertas francesas con fallebas con cerradura. Fabricado en aluminio. Cumple con los requisitos de deposici\u00f3n de n\u00edquel: aprobado para alergias.<\/div>\n<div><b><br \/>\nCaracter\u00edsticas:<\/b><\/div>\n<div>\n<ul>\n<li>Girado a la izquierda<\/li>\n<li>Placa ciega larga (sin orificio para cilindro)<\/li>\n<li>Di\u00e1metro del pasador: 8 mm<\/li>\n<li>Longitud del pasador: 67 mm<\/li>\n<li>Posiciones distintas: 90\u00b0<\/li>\n<li>Material: aluminio<\/li>\n<li>Color: F1 Aluminio plata<\/li>\n<li>Cumple con los requisitos de deposici\u00f3n de n\u00edquel: aprobado para alergias.<\/li>\n<\/ul>\n<\/div>","protected":false},"excerpt":{"rendered":"<p>HOPPE London 13VK\/350KL \u00e4r en handtagsserie med l\u00e5ngskylt f\u00f6r f\u00f6nsterd\u00f6rrar med l\u00e5sbara spanjoletter. Tillverkat i aluminium. Uppfyller krav p\u00e5 nickelavs\u00e4ttning &#8211; allergigodk\u00e4nt. Egenskaper: V\u00e4nstersv\u00e4ngt L\u00e5ngskylt blind (utan h\u00e5l f\u00f6r cylinder)<\/p>","protected":false},"featured_media":137442,"template":"","meta":{"_acf_changed":false},"product_brand":[],"product_cat":[4113,4126,4127],"product_tag":[],"class_list":{"0":"post-96765","1":"product","2":"type-product","3":"status-publish","4":"has-post-thumbnail","6":"product_cat-spanjoletthandtag","7":"product_cat-fonsterhandtag","8":"product_cat-handtag-altandorr","9":"product_shipping_class-postnord-varubrev","10":"pa_brands-hoppe","11":"tm-no-options","13":"first","14":"instock","15":"sale","16":"taxable","17":"shipping-taxable","18":"purchasable","19":"product-type-simple"},"acf":[],"_links":{"self":[{"href":"https:\/\/secureus.se\/es\/wp-json\/wp\/v2\/product\/96765","targetHints":{"allow":["GET"]}}],"collection":[{"href":"https:\/\/secureus.se\/es\/wp-json\/wp\/v2\/product"}],"about":[{"href":"https:\/\/secureus.se\/es\/wp-json\/wp\/v2\/types\/product"}],"wp:featuredmedia":[{"embeddable":true,"href":"https:\/\/secureus.se\/es\/wp-json\/wp\/v2\/media\/137442"}],"wp:attachment":[{"href":"https:\/\/secureus.se\/es\/wp-json\/wp\/v2\/media?parent=96765"}],"wp:term":[{"taxonomy":"product_brand","embeddable":true,"href":"https:\/\/secureus.se\/es\/wp-json\/wp\/v2\/product_brand?post=96765"},{"taxonomy":"product_cat","embeddable":true,"href":"https:\/\/secureus.se\/es\/wp-json\/wp\/v2\/product_cat?post=96765"},{"taxonomy":"product_tag","embeddable":true,"href":"https:\/\/secureus.se\/es\/wp-json\/wp\/v2\/product_tag?post=96765"}],"curies":[{"name":"wp","href":"https:\/\/api.w.org\/{rel}","templated":true}]}}