{"id":96775,"date":"2024-08-08T21:47:50","date_gmt":"2024-08-08T19:47:50","guid":{"rendered":"https:\/\/secureus.se\/?post_type=product&#038;p=96775"},"modified":"2026-04-23T12:12:55","modified_gmt":"2026-04-23T10:12:55","slug":"handtag-tokyo-1710-93s-rakt-7x43-f1-silver","status":"publish","type":"product","link":"https:\/\/secureus.se\/es\/handtag-tokyo-1710-93s-rakt-7x43-f1-silver\/","title":{"rendered":"Manilla de ventana Manilla Tokyo 1710\/93S Recta 7X43 F1 Plata \u2013 HOPPE"},"content":{"rendered":"<div>HOPPE Tokyo 0710\/93S es una manija de seguridad con cerradura para ventanas y puertas francesas. En combinaci\u00f3n con el cilindro de cerradura ovalado modelo est\u00e1ndar tipo 1201 o 1301, est\u00e1 aprobado por la Certificaci\u00f3n de Seguridad y Incendios de Suecia, est\u00e1ndar SS3620 Clase B. Fabricado en aluminio. Cumple con los requisitos de alergia al n\u00edquel: aprobado para personas al\u00e9rgicas.<\/div>\n<div><b>Caracter\u00edsticas:<\/b><\/div>\n<div>\n<ul>\n<li>Bloqueable con cilindro de cerradura ovalado (7 pines)<\/li>\n<li>Aprobado seg\u00fan SS 3620:2010 \u2013 Clase B<\/li>\n<li>Di\u00e1metro del pasador: 7 mm<\/li>\n<li>Longitud del pasador: 43 mm<\/li>\n<li>Cumple con los requisitos de alergia al n\u00edquel: aprobado para personas al\u00e9rgicas.<\/li>\n<li>Tratamiento superficial: Aluminio plata F1<\/li>\n<li>Montaje: Visible, para tornillo unidireccional<\/li>\n<\/ul>\n<\/div>","protected":false},"excerpt":{"rendered":"<p>HOPPE Tokyo 0710\/93S \u00e4r ett l\u00e5sbart s\u00e4kerhetshandtag f\u00f6r f\u00f6nster- och f\u00f6nsterd\u00f6rr. I kombination med oval l\u00e5scylinder standardmodell typ 1201 eller 1301 \u00e4r det godk\u00e4nt av Svenska Brand och S\u00e4kerhetscertifiering AB,<\/p>","protected":false},"featured_media":137924,"template":"","meta":{"_acf_changed":false},"product_brand":[],"product_cat":[4126,4127],"product_tag":[],"class_list":{"0":"post-96775","1":"product","2":"type-product","3":"status-publish","4":"has-post-thumbnail","6":"product_cat-fonsterhandtag","7":"product_cat-handtag-altandorr","8":"product_shipping_class-postnord-varubrev","9":"pa_brands-hoppe","10":"tm-no-options","12":"first","13":"instock","14":"sale","15":"taxable","16":"shipping-taxable","17":"purchasable","18":"product-type-simple"},"acf":[],"_links":{"self":[{"href":"https:\/\/secureus.se\/es\/wp-json\/wp\/v2\/product\/96775","targetHints":{"allow":["GET"]}}],"collection":[{"href":"https:\/\/secureus.se\/es\/wp-json\/wp\/v2\/product"}],"about":[{"href":"https:\/\/secureus.se\/es\/wp-json\/wp\/v2\/types\/product"}],"wp:featuredmedia":[{"embeddable":true,"href":"https:\/\/secureus.se\/es\/wp-json\/wp\/v2\/media\/137924"}],"wp:attachment":[{"href":"https:\/\/secureus.se\/es\/wp-json\/wp\/v2\/media?parent=96775"}],"wp:term":[{"taxonomy":"product_brand","embeddable":true,"href":"https:\/\/secureus.se\/es\/wp-json\/wp\/v2\/product_brand?post=96775"},{"taxonomy":"product_cat","embeddable":true,"href":"https:\/\/secureus.se\/es\/wp-json\/wp\/v2\/product_cat?post=96775"},{"taxonomy":"product_tag","embeddable":true,"href":"https:\/\/secureus.se\/es\/wp-json\/wp\/v2\/product_tag?post=96775"}],"curies":[{"name":"wp","href":"https:\/\/api.w.org\/{rel}","templated":true}]}}