{"id":96779,"date":"2024-08-08T21:47:50","date_gmt":"2024-08-08T19:47:50","guid":{"rendered":"https:\/\/secureus.se\/?post_type=product&#038;p=96779"},"modified":"2025-10-21T12:42:10","modified_gmt":"2025-10-21T10:42:10","slug":"handtag-tyreso-301tl-vanster-langskylt-utan-sprint-svart","status":"publish","type":"product","link":"https:\/\/secureus.se\/es\/handtag-tyreso-301tl-vanster-langskylt-utan-sprint-svart\/","title":{"rendered":"Tirador falleba Tirador Tyres\u00f6 301TL Izquierda Placa larga sin muelle Negro \u2013 Roca"},"content":{"rendered":"<div>Manilla para puerta de ventana ROCA Tyres\u00f6 301TL (con pasadores gu\u00eda) para puertas de ventana con cerradura, con giro a la izquierda. La placa larga tiene un hueco ovalado para un cilindro de cerradura ovalado. El orificio ovalado se puede complementar con el pomo TT01, la placa de cubierta Rokoko RC01 o la placa de cubierta BP01. Por ello, la manilla de ventana es adecuada para herrajes simples o dobles con cilindro\/pomo, cilindro\/cilindro o cilindro\/placa y est\u00e1 disponible en versi\u00f3n izquierda, derecha y recta. La serie Tyres\u00f6 es una manilla para ventana con un dise\u00f1o fino y atemporal, adecuada para una arquitectura un poco m\u00e1s moderna.<\/div>\n<div><b>Caracter\u00edsticas:<\/b><\/div>\n<div>\n<ul>\n<li>Con pasadores gu\u00eda (301 sin pasadores gu\u00eda)<\/li>\n<li>Montaje C\/C: 43 mm entre asas, superior 71 mm hacia arriba<\/li>\n<li>Dimensiones del cartel largo: 28X134 mm<\/li>\n<li>Dimensi\u00f3n del pasador: Se suministra sin pasador<\/li>\n<li>Material del mango: aleaci\u00f3n de zinc y aluminio.<\/li>\n<li>Material del pasador: acero galvanizado<\/li>\n<li>Tratamiento de superficie: Recubierto de negro<\/li>\n<\/ul>\n<\/div>","protected":false},"excerpt":{"rendered":"<p>ROCA Tyres\u00f6 301TL (med styrtappar)\u00a0v\u00e4nstersv\u00e4ngt f\u00f6nsterd\u00f6rrshandtag f\u00f6r l\u00e5sbara spanjoletter. L\u00e5ngskylten har ett ovalt urtag f\u00f6r oval l\u00e5scylinder. Det ovala h\u00e5let kan kompletteras med Vred TT01, T\u00e4ckbricka Rokoko RC01 eller T\u00e4ckbricka<\/p>","protected":false},"featured_media":137916,"template":"","meta":{"_acf_changed":false},"product_brand":[],"product_cat":[4113,4126,4127],"product_tag":[4863],"class_list":{"0":"post-96779","1":"product","2":"type-product","3":"status-publish","4":"has-post-thumbnail","6":"product_cat-spanjoletthandtag","7":"product_cat-fonsterhandtag","8":"product_cat-handtag-altandorr","9":"product_tag-pf","10":"product_shipping_class-postnord-varubrev","11":"pa_brands-roca","12":"tm-no-options","14":"first","15":"onbackorder","16":"sale","17":"taxable","18":"shipping-taxable","19":"purchasable","20":"product-type-simple"},"acf":[],"_links":{"self":[{"href":"https:\/\/secureus.se\/es\/wp-json\/wp\/v2\/product\/96779","targetHints":{"allow":["GET"]}}],"collection":[{"href":"https:\/\/secureus.se\/es\/wp-json\/wp\/v2\/product"}],"about":[{"href":"https:\/\/secureus.se\/es\/wp-json\/wp\/v2\/types\/product"}],"wp:featuredmedia":[{"embeddable":true,"href":"https:\/\/secureus.se\/es\/wp-json\/wp\/v2\/media\/137916"}],"wp:attachment":[{"href":"https:\/\/secureus.se\/es\/wp-json\/wp\/v2\/media?parent=96779"}],"wp:term":[{"taxonomy":"product_brand","embeddable":true,"href":"https:\/\/secureus.se\/es\/wp-json\/wp\/v2\/product_brand?post=96779"},{"taxonomy":"product_cat","embeddable":true,"href":"https:\/\/secureus.se\/es\/wp-json\/wp\/v2\/product_cat?post=96779"},{"taxonomy":"product_tag","embeddable":true,"href":"https:\/\/secureus.se\/es\/wp-json\/wp\/v2\/product_tag?post=96779"}],"curies":[{"name":"wp","href":"https:\/\/api.w.org\/{rel}","templated":true}]}}