{"id":96781,"date":"2024-08-08T21:47:50","date_gmt":"2024-08-08T19:47:50","guid":{"rendered":"https:\/\/secureus.se\/?post_type=product&#038;p=96781"},"modified":"2025-09-15T12:05:36","modified_gmt":"2025-09-15T10:05:36","slug":"handtag-tyreso-30r-hoger-8x53-svart","status":"publish","type":"product","link":"https:\/\/secureus.se\/es\/handtag-tyreso-30r-hoger-8x53-svart\/","title":{"rendered":"Manilla de ventana Tyres\u00f6 30R Derecha 8X53 Negra \u2013 Roca"},"content":{"rendered":"<div>ROCA Tyres\u00f6 WH-T 30R es una manilla de ventana para zurdos con placa base de 30 mm y pasadores gu\u00eda para una instalaci\u00f3n recta y ordenada. Con posiciones finales fijas para ventanas \u201cOscilobatientes\u201d. El mango est\u00e1 disponible en versi\u00f3n izquierda, derecha y recta. La serie Tyres\u00f6 es una manilla para ventana con un dise\u00f1o fino y atemporal, adecuada para una arquitectura un poco m\u00e1s moderna.<\/p>\n<\/div>\n<div><b>Caracter\u00edsticas:<\/b><\/div>\n<div>\n<ul>\n<li>Fijaci\u00f3n C\/C: 43 mm<\/li>\n<li>Dimensi\u00f3n del pasador: 8X53 mm<\/li>\n<li>Material del mango: aleaci\u00f3n de zinc y aluminio.<\/li>\n<li>Material del pasador: acero galvanizado<\/li>\n<li>Tratamiento de superficie: Recubierto de Svar<\/li>\n<\/ul>\n<\/div>","protected":false},"excerpt":{"rendered":"<p>ROCA Tyres\u00f6 WH-T 30R es una manilla de ventana para zurdos con placa base de 30 mm y pasadores gu\u00eda para una instalaci\u00f3n recta y ordenada. Con posiciones finales fijas para ventanas \u201cOscilobatientes\u201d. El mango est\u00e1 disponible en versiones izquierda, derecha y<\/p>","protected":false},"featured_media":136690,"template":"","meta":{"_acf_changed":false},"product_brand":[],"product_cat":[4126],"product_tag":[],"class_list":{"0":"post-96781","1":"product","2":"type-product","3":"status-publish","4":"has-post-thumbnail","6":"product_cat-fonsterhandtag","7":"product_shipping_class-postnord-varubrev","8":"pa_brands-roca","9":"tm-no-options","11":"first","12":"onbackorder","13":"sale","14":"taxable","15":"shipping-taxable","16":"purchasable","17":"product-type-simple"},"acf":[],"_links":{"self":[{"href":"https:\/\/secureus.se\/es\/wp-json\/wp\/v2\/product\/96781","targetHints":{"allow":["GET"]}}],"collection":[{"href":"https:\/\/secureus.se\/es\/wp-json\/wp\/v2\/product"}],"about":[{"href":"https:\/\/secureus.se\/es\/wp-json\/wp\/v2\/types\/product"}],"wp:featuredmedia":[{"embeddable":true,"href":"https:\/\/secureus.se\/es\/wp-json\/wp\/v2\/media\/136690"}],"wp:attachment":[{"href":"https:\/\/secureus.se\/es\/wp-json\/wp\/v2\/media?parent=96781"}],"wp:term":[{"taxonomy":"product_brand","embeddable":true,"href":"https:\/\/secureus.se\/es\/wp-json\/wp\/v2\/product_brand?post=96781"},{"taxonomy":"product_cat","embeddable":true,"href":"https:\/\/secureus.se\/es\/wp-json\/wp\/v2\/product_cat?post=96781"},{"taxonomy":"product_tag","embeddable":true,"href":"https:\/\/secureus.se\/es\/wp-json\/wp\/v2\/product_tag?post=96781"}],"curies":[{"name":"wp","href":"https:\/\/api.w.org\/{rel}","templated":true}]}}