{"id":96804,"date":"2024-08-08T21:47:51","date_gmt":"2024-08-08T19:47:51","guid":{"rendered":"https:\/\/secureus.se\/?post_type=product&#038;p=96804"},"modified":"2026-04-23T12:12:28","modified_gmt":"2026-04-23T10:12:28","slug":"sakerhetsanordning-836s-8x53-krom","status":"publish","type":"product","link":"https:\/\/secureus.se\/es\/sakerhetsanordning-836s-8x53-krom\/","title":{"rendered":"Mango de falleba Dispositivo de seguridad 836S 8X53 Cromo"},"content":{"rendered":"<p><b>\u00c1rea de aplicaci\u00f3n: <\/b><br \/>\n Se utiliza en el interior de ventanas, puertas francesas y puertas de armarios que tienen fallebas, donde no se desea un tirador fijo y que deben protegerse contra robos o apertura no autorizada.<\/p>\n<div><\/div>\n<div><b>Caracter\u00edsticas\/Funci\u00f3n:\u00a0<\/b><\/div>\n<div>\n<ul>\n<li>Manija autoblocante con cilindro.<\/li>\n<li>Cerrable con cilindro.\u00a0<\/li>\n<li>Aprobado seg\u00fan SS 3620 Clase B.<\/li>\n<\/ul>\n<p><b>Accesorios: <\/b> Cilindro ovalado est\u00e1ndar. Llave triangular 145. Arandela 841S.<\/p>\n<\/div>","protected":false},"excerpt":{"rendered":"<p>Anv\u00e4ndningsomr\u00e5de: Anv\u00e4nds p\u00e5 insidan av f\u00f6nster, f\u00f6nsterd\u00f6rr och sk\u00e5pd\u00f6rr som har spanjolett, d\u00e4r man ej vill ha fast handtag, och som skall s\u00e4kras mot inbrott eller obeh\u00f6rigt \u00f6ppnande. Egenskaper\/Funktion:\u00a0 Sj\u00e4lvl\u00e5sande<\/p>","protected":false},"featured_media":137066,"template":"","meta":{"_acf_changed":false},"product_brand":[],"product_cat":[4113,4126,4127],"product_tag":[],"class_list":{"0":"post-96804","1":"product","2":"type-product","3":"status-publish","4":"has-post-thumbnail","6":"product_cat-spanjoletthandtag","7":"product_cat-fonsterhandtag","8":"product_cat-handtag-altandorr","9":"product_shipping_class-postnord-varubrev","10":"pa_brands-abloy","11":"tm-no-options","13":"first","14":"instock","15":"sale","16":"taxable","17":"shipping-taxable","18":"purchasable","19":"product-type-simple"},"acf":[],"_links":{"self":[{"href":"https:\/\/secureus.se\/es\/wp-json\/wp\/v2\/product\/96804","targetHints":{"allow":["GET"]}}],"collection":[{"href":"https:\/\/secureus.se\/es\/wp-json\/wp\/v2\/product"}],"about":[{"href":"https:\/\/secureus.se\/es\/wp-json\/wp\/v2\/types\/product"}],"wp:featuredmedia":[{"embeddable":true,"href":"https:\/\/secureus.se\/es\/wp-json\/wp\/v2\/media\/137066"}],"wp:attachment":[{"href":"https:\/\/secureus.se\/es\/wp-json\/wp\/v2\/media?parent=96804"}],"wp:term":[{"taxonomy":"product_brand","embeddable":true,"href":"https:\/\/secureus.se\/es\/wp-json\/wp\/v2\/product_brand?post=96804"},{"taxonomy":"product_cat","embeddable":true,"href":"https:\/\/secureus.se\/es\/wp-json\/wp\/v2\/product_cat?post=96804"},{"taxonomy":"product_tag","embeddable":true,"href":"https:\/\/secureus.se\/es\/wp-json\/wp\/v2\/product_tag?post=96804"}],"curies":[{"name":"wp","href":"https:\/\/api.w.org\/{rel}","templated":true}]}}