{"id":96808,"date":"2024-08-08T21:47:51","date_gmt":"2024-08-08T19:47:51","guid":{"rendered":"https:\/\/secureus.se\/?post_type=product&#038;p=96808"},"modified":"2026-04-23T12:12:19","modified_gmt":"2026-04-23T10:12:19","slug":"handtag-42-vanster-8x43-krom","status":"publish","type":"product","link":"https:\/\/secureus.se\/es\/handtag-42-vanster-8x43-krom\/","title":{"rendered":"Manija de ventana izquierda de 42&quot; 8 x 43&quot; cromada - Assa Abloy"},"content":{"rendered":"<div>ASSA ABLOY 42 es una manija para ventanas y puertas de balcones. Disponible en versi\u00f3n recta, para diestros o para zurdos. Los pestillos de manija correspondientes 840 y 850 se compran por separado.<\/div>\n<div><b><br \/>Caracter\u00edsticas:<\/b><\/div>\n<div>\n<ul>\n<li>girado a la izquierda<\/li>\n<li>Pasador fabricado en acero galvanizado cuadrado de 8 mm.<\/li>\n<li>Longitud del pasador 43 mm<\/li>\n<li>Fijaci\u00f3n C\/C: 43 mm<\/li>\n<li>Material: Metal zamak<\/li>\n<li>Tratamiento superficial: Cromo<\/li>\n<li>El acoplamiento de manija 833, 833\/16 se utiliza cuando las manijas se deben montar en ambos lados.<\/li>\n<\/ul>\n<\/div>","protected":false},"excerpt":{"rendered":"<p>ASSA ABLOY 42 \u00e4r ett f\u00f6nsterhandtag f\u00f6r f\u00f6nster och f\u00f6nsterd\u00f6rrar. Finns som rakt, h\u00f6gersv\u00e4ngt eller v\u00e4nstersv\u00e4ngt. Passande handtagssp\u00e4rr 840 och 850 k\u00f6ps separat. Egenskaper: v\u00e4nstersv\u00e4ngt Sprint av 8 mm f\u00f6rzinkat<\/p>","protected":false},"featured_media":136660,"template":"","meta":{"_acf_changed":false},"product_brand":[],"product_cat":[4126,4127],"product_tag":[],"class_list":{"0":"post-96808","1":"product","2":"type-product","3":"status-publish","4":"has-post-thumbnail","6":"product_cat-fonsterhandtag","7":"product_cat-handtag-altandorr","8":"product_shipping_class-postnord-varubrev","9":"pa_brands-abloy","10":"tm-no-options","12":"first","13":"instock","14":"sale","15":"taxable","16":"shipping-taxable","17":"purchasable","18":"product-type-simple"},"acf":[],"_links":{"self":[{"href":"https:\/\/secureus.se\/es\/wp-json\/wp\/v2\/product\/96808","targetHints":{"allow":["GET"]}}],"collection":[{"href":"https:\/\/secureus.se\/es\/wp-json\/wp\/v2\/product"}],"about":[{"href":"https:\/\/secureus.se\/es\/wp-json\/wp\/v2\/types\/product"}],"wp:featuredmedia":[{"embeddable":true,"href":"https:\/\/secureus.se\/es\/wp-json\/wp\/v2\/media\/136660"}],"wp:attachment":[{"href":"https:\/\/secureus.se\/es\/wp-json\/wp\/v2\/media?parent=96808"}],"wp:term":[{"taxonomy":"product_brand","embeddable":true,"href":"https:\/\/secureus.se\/es\/wp-json\/wp\/v2\/product_brand?post=96808"},{"taxonomy":"product_cat","embeddable":true,"href":"https:\/\/secureus.se\/es\/wp-json\/wp\/v2\/product_cat?post=96808"},{"taxonomy":"product_tag","embeddable":true,"href":"https:\/\/secureus.se\/es\/wp-json\/wp\/v2\/product_tag?post=96808"}],"curies":[{"name":"wp","href":"https:\/\/api.w.org\/{rel}","templated":true}]}}