{"id":96840,"date":"2024-08-08T21:47:52","date_gmt":"2024-08-08T19:47:52","guid":{"rendered":"https:\/\/secureus.se\/?post_type=product&#038;p=96840"},"modified":"2026-04-23T12:05:54","modified_gmt":"2026-04-23T10:05:54","slug":"handtag-7312-hoger-8x53-mattkrom","status":"publish","type":"product","link":"https:\/\/secureus.se\/es\/handtag-7312-hoger-8x53-mattkrom\/","title":{"rendered":"Manilla de ventana Manilla 7312 Derecha 8X53 Cromo mate \u2013 Assa Abloy"},"content":{"rendered":"<div>ASSA ABLOY 7312 es una manija de ventana con cerradura de la serie Vinga para ventanas y puertas francesas. Disponible en versi\u00f3n derecha, izquierda o recta. Adecuado tanto para arquitecturas antiguas como nuevas.<\/div>\n<div><b><br \/>Caracter\u00edsticas:<\/b><\/div>\n<div>\n<ul>\n<li>Bloqueable con cilindro de presi\u00f3n<\/li>\n<li>Cilindro de presi\u00f3n adecuado 7310 o 716, 1216 y 1316 para bloqueo homologado<\/li>\n<li>Empuje el cilindro para bloquear y desbloquear con la llave.<\/li>\n<li>Vinga 7312 tiene una placa de cubierta que proporciona una fijaci\u00f3n con tornillos ocultos.<\/li>\n<li>La empu\u00f1adura del mango se presiona en la bandeja mediante un accesorio a presi\u00f3n exclusivo.<\/li>\n<li>La empu\u00f1adura se puede desmontar f\u00e1cilmente y sustituir por otra, p. ej. bloqueable o con agarre de otro tratamiento de superficie.<\/li>\n<li>Cumple los requisitos seg\u00fan la norma sueca SS 3620 clase B en materia de protecci\u00f3n contra robos.<\/li>\n<li>Pasador cuadrado de 8 mm<\/li>\n<li>Longitud del pasador: 48 mm. \u2013 cortar si es necesario<\/li>\n<li>Material: Metal zamak<\/li>\n<li>Tratamiento superficial: Cromo o cromo mate<\/li>\n<\/ul>\n<\/div>","protected":false},"excerpt":{"rendered":"<p>ASSA ABLOY 7312 \u00e4r ett l\u00e5sbart f\u00f6nsterhandtag i serien Vinga f\u00f6r f\u00f6nster och f\u00f6nsterd\u00f6rr. Finns i h\u00f6ger, v\u00e4nster eller rakt utf\u00f6rande. Passar b\u00e5de \u00e4ldre och nyare arkitektur. Egenskaper: L\u00e5sbart med<\/p>","protected":false},"featured_media":137018,"template":"","meta":{"_acf_changed":false},"product_brand":[],"product_cat":[4126,4127],"product_tag":[],"class_list":{"0":"post-96840","1":"product","2":"type-product","3":"status-publish","4":"has-post-thumbnail","6":"product_cat-fonsterhandtag","7":"product_cat-handtag-altandorr","8":"product_shipping_class-postnord-varubrev","9":"pa_brands-abloy","10":"tm-no-options","12":"first","13":"onbackorder","14":"sale","15":"taxable","16":"shipping-taxable","17":"purchasable","18":"product-type-simple"},"acf":[],"_links":{"self":[{"href":"https:\/\/secureus.se\/es\/wp-json\/wp\/v2\/product\/96840","targetHints":{"allow":["GET"]}}],"collection":[{"href":"https:\/\/secureus.se\/es\/wp-json\/wp\/v2\/product"}],"about":[{"href":"https:\/\/secureus.se\/es\/wp-json\/wp\/v2\/types\/product"}],"wp:featuredmedia":[{"embeddable":true,"href":"https:\/\/secureus.se\/es\/wp-json\/wp\/v2\/media\/137018"}],"wp:attachment":[{"href":"https:\/\/secureus.se\/es\/wp-json\/wp\/v2\/media?parent=96840"}],"wp:term":[{"taxonomy":"product_brand","embeddable":true,"href":"https:\/\/secureus.se\/es\/wp-json\/wp\/v2\/product_brand?post=96840"},{"taxonomy":"product_cat","embeddable":true,"href":"https:\/\/secureus.se\/es\/wp-json\/wp\/v2\/product_cat?post=96840"},{"taxonomy":"product_tag","embeddable":true,"href":"https:\/\/secureus.se\/es\/wp-json\/wp\/v2\/product_tag?post=96840"}],"curies":[{"name":"wp","href":"https:\/\/api.w.org\/{rel}","templated":true}]}}