{"id":96848,"date":"2024-08-08T21:47:52","date_gmt":"2024-08-08T19:47:52","guid":{"rendered":"https:\/\/secureus.se\/?post_type=product&#038;p=96848"},"modified":"2026-04-23T12:05:43","modified_gmt":"2026-04-23T10:05:43","slug":"handtag-tokyo-0710-u76-hoger-lasvred-8x56-f1-silver","status":"publish","type":"product","link":"https:\/\/secureus.se\/es\/handtag-tokyo-0710-u76-hoger-lasvred-8x56-f1-silver\/","title":{"rendered":"Manilla de ventana Manilla Tokyo 0710\/U76 Derecha Pomo de bloqueo 8X56 F1 Plata \u2013 HOPPE"},"content":{"rendered":"<div>HOPPE Tokyo 0710\/U76 es una manija de ventana de aluminio con perilla de bloqueo manual. El bot\u00f3n de bloqueo no est\u00e1 aprobado como seguro para ni\u00f1os. Cumple con los requisitos para la alergia al n\u00edquel: aprobado para personas al\u00e9rgicas.<\/div>\n<div><b><br \/>\nCaracter\u00edsticas:<\/b><\/div>\n<div>\n<ul>\n<li>Bloqueable con perilla (no aprobado como seguro para ni\u00f1os)<\/li>\n<li>Con distintas posiciones de ajuste de 90\u00b0 (rotaci\u00f3n\/inclinaci\u00f3n)<\/li>\n<li>Pasadores gu\u00eda de 10 mm.<\/li>\n<li>Di\u00e1metro del pasador: 8 mm<\/li>\n<li>Longitud del pasador: 56 mm<\/li>\n<li>Cumple con los requisitos de alergia al n\u00edquel: aprobado para personas al\u00e9rgicas.<\/li>\n<li>Tratamiento superficial: Aluminio plata F1<\/li>\n<li>Montaje: Oculto<\/li>\n<\/ul>\n<\/div>","protected":false},"excerpt":{"rendered":"<p>HOPPE Tokyo 0710\/U76 \u00e4r ett f\u00f6nsterhandtag av aluminium med manuellt l\u00e5svred. L\u00e5svredet \u00e4r ej godk\u00e4nt som barnsp\u00e4rr Uppfyller krav p\u00e5 nickelallergi &#8211; godk\u00e4nt f\u00f6r allergiker. Egenskaper: L\u00e5sbart med vred (ej<\/p>","protected":false},"featured_media":136798,"template":"","meta":{"_acf_changed":false},"product_brand":[],"product_cat":[4126],"product_tag":[],"class_list":{"0":"post-96848","1":"product","2":"type-product","3":"status-publish","4":"has-post-thumbnail","6":"product_cat-fonsterhandtag","7":"product_shipping_class-postnord-varubrev","8":"pa_brands-hoppe","9":"tm-no-options","11":"first","12":"instock","13":"sale","14":"taxable","15":"shipping-taxable","16":"purchasable","17":"product-type-simple"},"acf":[],"_links":{"self":[{"href":"https:\/\/secureus.se\/es\/wp-json\/wp\/v2\/product\/96848","targetHints":{"allow":["GET"]}}],"collection":[{"href":"https:\/\/secureus.se\/es\/wp-json\/wp\/v2\/product"}],"about":[{"href":"https:\/\/secureus.se\/es\/wp-json\/wp\/v2\/types\/product"}],"wp:featuredmedia":[{"embeddable":true,"href":"https:\/\/secureus.se\/es\/wp-json\/wp\/v2\/media\/136798"}],"wp:attachment":[{"href":"https:\/\/secureus.se\/es\/wp-json\/wp\/v2\/media?parent=96848"}],"wp:term":[{"taxonomy":"product_brand","embeddable":true,"href":"https:\/\/secureus.se\/es\/wp-json\/wp\/v2\/product_brand?post=96848"},{"taxonomy":"product_cat","embeddable":true,"href":"https:\/\/secureus.se\/es\/wp-json\/wp\/v2\/product_cat?post=96848"},{"taxonomy":"product_tag","embeddable":true,"href":"https:\/\/secureus.se\/es\/wp-json\/wp\/v2\/product_tag?post=96848"}],"curies":[{"name":"wp","href":"https:\/\/api.w.org\/{rel}","templated":true}]}}