{"id":96850,"date":"2024-08-08T21:47:53","date_gmt":"2024-08-08T19:47:53","guid":{"rendered":"https:\/\/secureus.se\/?post_type=product&#038;p=96850"},"modified":"2026-04-23T12:05:38","modified_gmt":"2026-04-23T10:05:38","slug":"handtag-london-013vk-350kl-vanster-vred-8x67-f1-silver","status":"publish","type":"product","link":"https:\/\/secureus.se\/es\/handtag-london-013vk-350kl-vanster-vred-8x67-f1-silver\/","title":{"rendered":"Tirador de falleba London 013VK\/350KL Pomo izquierdo 8X67 F1 Plata \u2013 HOPPE"},"content":{"rendered":"<div>HOPPE London 13VK\/350KL es una serie de manijas con escudo largo para puertas francesas con fallebas con cerradura. Letrero largo con pomo para montaje interior. Fabricado en aluminio. Cumple con los requisitos de deposici\u00f3n de n\u00edquel: aprobado para alergias.<\/div>\n<div><b><br \/>\nCaracter\u00edsticas:<\/b><\/div>\n<div>\n<ul>\n<li>Girado a la izquierda<\/li>\n<li>Letrero largo con pomo<\/li>\n<li>Di\u00e1metro del pasador: 8 mm<\/li>\n<li>Longitud del pasador: 67 mm<\/li>\n<li>Posiciones distintas: 90\u00b0<\/li>\n<li>Material: aluminio<\/li>\n<li>Color: F1 Aluminio plata<\/li>\n<li>Cumple con los requisitos de deposici\u00f3n de n\u00edquel: aprobado para alergias.<\/li>\n<\/ul>\n<\/div>","protected":false},"excerpt":{"rendered":"<p>HOPPE London 13VK\/350KL es una serie de manijas con escudo largo para puertas francesas con fallebas con cerradura. Letrero largo con pomo para montaje interior. Fabricado en aluminio. Cumple con los requisitos de deposici\u00f3n de n\u00edquel: aprobado para alergias. Caracter\u00edsticas: Para zurdos<\/p>","protected":false},"featured_media":137883,"template":"","meta":{"_acf_changed":false},"product_brand":[],"product_cat":[4113,4126,4127],"product_tag":[],"class_list":{"0":"post-96850","1":"product","2":"type-product","3":"status-publish","4":"has-post-thumbnail","6":"product_cat-spanjoletthandtag","7":"product_cat-fonsterhandtag","8":"product_cat-handtag-altandorr","9":"product_shipping_class-postnord-varubrev","10":"pa_brands-hoppe","11":"tm-no-options","13":"first","14":"instock","15":"sale","16":"taxable","17":"shipping-taxable","18":"purchasable","19":"product-type-simple"},"acf":[],"_links":{"self":[{"href":"https:\/\/secureus.se\/es\/wp-json\/wp\/v2\/product\/96850","targetHints":{"allow":["GET"]}}],"collection":[{"href":"https:\/\/secureus.se\/es\/wp-json\/wp\/v2\/product"}],"about":[{"href":"https:\/\/secureus.se\/es\/wp-json\/wp\/v2\/types\/product"}],"wp:featuredmedia":[{"embeddable":true,"href":"https:\/\/secureus.se\/es\/wp-json\/wp\/v2\/media\/137883"}],"wp:attachment":[{"href":"https:\/\/secureus.se\/es\/wp-json\/wp\/v2\/media?parent=96850"}],"wp:term":[{"taxonomy":"product_brand","embeddable":true,"href":"https:\/\/secureus.se\/es\/wp-json\/wp\/v2\/product_brand?post=96850"},{"taxonomy":"product_cat","embeddable":true,"href":"https:\/\/secureus.se\/es\/wp-json\/wp\/v2\/product_cat?post=96850"},{"taxonomy":"product_tag","embeddable":true,"href":"https:\/\/secureus.se\/es\/wp-json\/wp\/v2\/product_tag?post=96850"}],"curies":[{"name":"wp","href":"https:\/\/api.w.org\/{rel}","templated":true}]}}