{"id":97454,"date":"2024-08-20T18:24:21","date_gmt":"2024-08-20T16:24:21","guid":{"rendered":"https:\/\/secureus.se\/?post_type=product&#038;p=97454"},"modified":"2026-03-25T15:41:04","modified_gmt":"2026-03-25T14:41:04","slug":"fonsterbroms-760-3","status":"publish","type":"product","link":"https:\/\/secureus.se\/es\/fonsterbroms-760-3\/","title":{"rendered":"Freno de ventana\/puerta ASSA Fix 760\/2 \u2013 257 mm \u2013 Euronot"},"content":{"rendered":"<p><strong>ASSA 760\/3<\/strong> es un <strong>Freno de ventana\/freno de puerta para ventanas y puertas de patio.<\/strong> que se utiliza junto con <strong>espagnolette con transmisi\u00f3n de freno<\/strong>. Permite que la ventana o la puerta permanezcan en una posici\u00f3n de ventilaci\u00f3n abierta en lugar de cerrarse de golpe o abrirse por completo.<\/p>\n<p>El modelo es <strong>Adaptado para Euronote<\/strong> y tiene una <strong>Caja de freno estrecha de 16 mm<\/strong> que se monta en una ranura fresada en una ventana o puerta de patio.<\/p>\n<p>El freno de la ventana se acciona mediante la manilla tipo espagnolette y crea fricci\u00f3n en la varilla del freno para que la ventana o la puerta del patio se pueda mantener en la posici\u00f3n de ventilaci\u00f3n deseada.<\/p>\n<h3>Caracter\u00edsticas<\/h3>\n<ul>\n<li>Soporte de marco desmontable<\/li>\n<li>Adaptado para Euronot (montaje sobre ra\u00edles)<\/li>\n<li>Carcasa de freno estrecha \u2013 16 mm<\/li>\n<li>Se adapta a ventanas y puertas de patio.<\/li>\n<li>Se acciona mediante el mango de espagnolette.<\/li>\n<li>Mantiene la puerta en posici\u00f3n de ventilaci\u00f3n.<\/li>\n<li>Se desliza cuando est\u00e1 sobrecargado para proteger las bisagras y los herrajes.<\/li>\n<li>Mayor fricci\u00f3n en \u00e1ngulos de apertura m\u00e1s grandes<\/li>\n<\/ul>\n<h3>Montaje<\/h3>\n<p>ASSA 760 est\u00e1 montado en un <strong>ranura fresada en el marco de la ventana o puerta<\/strong> y se utiliza junto con el soporte del marco:<\/p>\n<ul>\n<li>Soporte de bastidor 5580<\/li>\n<li>Soporte de bastidor 5550T<\/li>\n<\/ul>\n<p>El soporte del marco se compra por separado.<\/p>\n<h3>M\u00e5tt \u2013 ASSA 760\/3<\/h3>\n<ul>\n<li>Para un ancho de arco de 551 a 800 mm.<\/li>\n<li>\u00c1ngulo de apertura: 85\u00b0<\/li>\n<li>Longitud de la caja de freno: 357 mm<\/li>\n<li>Longitud del brazo: 280 mm<\/li>\n<li>Ancho de la caja de freno: 16 mm<\/li>\n<\/ul>\n<h3>Tornillos recomendados<\/h3>\n<ul>\n<li>TFX 3.0 mm para freno de ventana<\/li>\n<li>Soporte TFX de 3,5 mm para cuadro<\/li>\n<\/ul>\n<div style=\"background: #f6f8fa;padding: 14px;border-radius: 6px;margin: 18px 0\">\n<p><strong>\u00bfNo est\u00e1s seguro de qu\u00e9 tipo de freno de ventana necesitas?<\/strong><\/p>\n<p>Compare su freno actual con las im\u00e1genes del producto o vea toda la gama.<a style=\"font-weight: bold\" href=\"https:\/\/secureus.se\/es\/fonsterbroms\/\"><br \/>\nVea aqu\u00ed todos los frenos de ventana \u2192<br \/>\n<\/a><\/p>\n<\/div>","protected":false},"excerpt":{"rendered":"<div style=\"background: #f6f8fa;padding: 14px;border-radius: 6px;margin: 15px 0\">\n<p><strong>\u2714 Este modelo est\u00e1 montado en una ranura (Euronot)<\/strong><\/p>\n<p>ASSA 760 tiene un <strong>Caja de freno estrecha de 16 mm<\/strong> que est\u00e1 dise\u00f1ado para encajar en una ranura fresada en una ventana o puerta de patio.<\/p>\n<p>Por lo tanto, compruebe que su freno actual encaja en una ranura de la puerta o ventana antes de realizar el pedido.<\/p>\n<p><img decoding=\"async\" style=\"max-width: 150px;width: 100%;margin-top: 10px;border-radius: 6px\" src=\"https:\/\/secureus.se\/wp-content\/uploads\/2024\/12\/fonsterbroms-760-4-1-150x150.jpg\" alt=\"Tope de ventana en ranura Euronot de 16 mm\" \/><\/p>\n<\/div>","protected":false},"featured_media":136713,"template":"","meta":{"_acf_changed":false},"product_brand":[],"product_cat":[3126,4797],"product_tag":[4800,4863],"class_list":{"0":"post-97454","1":"product","2":"type-product","3":"status-publish","4":"has-post-thumbnail","6":"product_cat-fonsterbroms","7":"product_cat-assa-760","8":"product_tag-357mm","9":"product_tag-pf","10":"product_shipping_class-tunga-paket","11":"pa_brands-abloy","12":"tm-no-options","14":"first","15":"instock","16":"taxable","17":"shipping-taxable","18":"purchasable","19":"product-type-simple"},"acf":[],"_links":{"self":[{"href":"https:\/\/secureus.se\/es\/wp-json\/wp\/v2\/product\/97454","targetHints":{"allow":["GET"]}}],"collection":[{"href":"https:\/\/secureus.se\/es\/wp-json\/wp\/v2\/product"}],"about":[{"href":"https:\/\/secureus.se\/es\/wp-json\/wp\/v2\/types\/product"}],"wp:featuredmedia":[{"embeddable":true,"href":"https:\/\/secureus.se\/es\/wp-json\/wp\/v2\/media\/136713"}],"wp:attachment":[{"href":"https:\/\/secureus.se\/es\/wp-json\/wp\/v2\/media?parent=97454"}],"wp:term":[{"taxonomy":"product_brand","embeddable":true,"href":"https:\/\/secureus.se\/es\/wp-json\/wp\/v2\/product_brand?post=97454"},{"taxonomy":"product_cat","embeddable":true,"href":"https:\/\/secureus.se\/es\/wp-json\/wp\/v2\/product_cat?post=97454"},{"taxonomy":"product_tag","embeddable":true,"href":"https:\/\/secureus.se\/es\/wp-json\/wp\/v2\/product_tag?post=97454"}],"curies":[{"name":"wp","href":"https:\/\/api.w.org\/{rel}","templated":true}]}}