{"id":97510,"date":"2024-08-21T19:29:07","date_gmt":"2024-08-21T17:29:07","guid":{"rendered":"https:\/\/secureus.se\/?post_type=product&#038;p=97510"},"modified":"2025-10-21T12:44:09","modified_gmt":"2025-10-21T10:44:09","slug":"trycke-8638-30-75mm-matt-rostfritt","status":"publish","type":"product","link":"https:\/\/secureus.se\/es\/trycke-8638-30-75mm-matt-rostfritt\/","title":{"rendered":"Manija de puerta 8638 de 30-75 mm, acero inoxidable mate \u2013 Assa Abloy"},"content":{"rendered":"<p>\nLa manija de puerta 8638 es parte de la serie de manijas, tiradores y accesorios de acero inoxidable de ASSA ABLOY. Muy adecuado para tipos de objetos p\u00fablicos modernos, p. ej. Instituciones, oficinas en entornos con altos requerimientos higi\u00e9nicos. El material de acero inoxidable es duradero y protege contra la corrosi\u00f3n y la contaminaci\u00f3n del aire. Adecuado para puertas exteriores, puertas de entrada y puertas interiores con cerraduras modulares.<br \/>\n<\/p>\n<div><\/div>\n<div><b>Caracter\u00edsticas:<\/b>\u00a0<\/div>\n<div>\n<ul>\n<li>Resorte de retorno que alivia el resorte del remero de la carcasa de la cerradura y ayuda a que la presi\u00f3n regrese a la posici\u00f3n horizontal.\u00a0\u00a0<\/li>\n<li>Todas las partes visibles en acero inoxidable cepillado mate, AISI 316L\u00a0<\/li>\n<li>Cojinetes de agujas para un funcionamiento sin fricci\u00f3n.\u00a0\u00a0<\/li>\n<li>Disponible para espesores de puerta de 30-75 mm.\u00a0<\/li>\n<li>Roseta est\u00e1ndar \u00d8 53 mm<\/li>\n<li>Se adapta a la carcasa de la cerradura del m\u00f3dulo Connect\/Classic<\/li>\n<li>No se adapta a la carcasa de la cerradura ABLOY 2014 ni a la cerradura de puerta interior equivalente.<\/li>\n<li>Pasador de empuje y tornillo reemplazables para diferentes espesores de puerta.<\/li>\n<li>Fijaci\u00f3n mediante tornillos continuos que refuerzan la puerta.<\/li>\n<\/ul>\n<p><b>El paquete contiene:<br \/><\/b><\/p>\n<ul>\n<li>2 piezas Mitades de bot\u00f3n pulsador (manijas).<\/li>\n<li>2 piezas Tornillos de presi\u00f3n M5. (Tornillo moleteado)<\/li>\n<li>2 juntas t\u00f3ricas.<\/li>\n<li>2 piezas Tuerca de casquillo M5.<\/li>\n<li>2 piezas Chinchetas 8x8x102 mm y 8x8x120 mm.<\/li>\n<\/ul>\n<\/div>","protected":false},"excerpt":{"rendered":"<p>D\u00f6rrtrycke 8638 ing\u00e5r i ASSA ABLOYs serie av rostfria rostfria trycken, draghandtag och beh\u00f6r. L\u00e4mpar sig mycket v\u00e4l i moderna offentliga objekttyper, t ex institutioner, kontor i milj\u00f6er med h\u00f6ga<\/p>","protected":false},"featured_media":136700,"template":"","meta":{"_acf_changed":false},"product_brand":[],"product_cat":[4124,4125],"product_tag":[4863],"class_list":{"0":"post-97510","1":"product","2":"type-product","3":"status-publish","4":"has-post-thumbnail","6":"product_cat-dorrhandtag-innerdorr","7":"product_cat-dorrhandtag-ytterdorr","8":"product_tag-pf","9":"product_shipping_class-postnord-varubrev","10":"pa_brands-abloy","11":"tm-no-options","13":"first","14":"onbackorder","15":"sale","16":"taxable","17":"shipping-taxable","18":"purchasable","19":"product-type-simple"},"acf":[],"_links":{"self":[{"href":"https:\/\/secureus.se\/es\/wp-json\/wp\/v2\/product\/97510","targetHints":{"allow":["GET"]}}],"collection":[{"href":"https:\/\/secureus.se\/es\/wp-json\/wp\/v2\/product"}],"about":[{"href":"https:\/\/secureus.se\/es\/wp-json\/wp\/v2\/types\/product"}],"wp:featuredmedia":[{"embeddable":true,"href":"https:\/\/secureus.se\/es\/wp-json\/wp\/v2\/media\/136700"}],"wp:attachment":[{"href":"https:\/\/secureus.se\/es\/wp-json\/wp\/v2\/media?parent=97510"}],"wp:term":[{"taxonomy":"product_brand","embeddable":true,"href":"https:\/\/secureus.se\/es\/wp-json\/wp\/v2\/product_brand?post=97510"},{"taxonomy":"product_cat","embeddable":true,"href":"https:\/\/secureus.se\/es\/wp-json\/wp\/v2\/product_cat?post=97510"},{"taxonomy":"product_tag","embeddable":true,"href":"https:\/\/secureus.se\/es\/wp-json\/wp\/v2\/product_tag?post=97510"}],"curies":[{"name":"wp","href":"https:\/\/api.w.org\/{rel}","templated":true}]}}